{"id":129275,"date":"2023-06-05T15:25:19","date_gmt":"2023-06-05T13:25:19","guid":{"rendered":"https:\/\/www.espigul.com\/politique-de-confidentialite\/"},"modified":"2026-02-17T10:31:27","modified_gmt":"2026-02-17T08:31:27","slug":"politique-de-confidentialite","status":"publish","type":"page","link":"https:\/\/www.espigul.com\/fr\/politique-de-confidentialite\/","title":{"rendered":"Politique de confidentialit\u00e9"},"content":{"rendered":"\n<div class=\"wp-block-uagb-container uagb-block-e46acfb9 alignfull uagb-is-root-container\"><div class=\"uagb-container-inner-blocks-wrap\">\n<h1 class=\"wp-block-heading has-text-align-center\">PROTECTION DES DONN\u00c9ES<\/h1>\n\n\n\n<p><strong>POLITIQUE DE CONFIDENTIALIT\u00c9<\/strong><\/p>\n\n\n\n<p><strong>1. INFORMATIONS \u00c0 L&rsquo;UTILISATEUR<\/strong><\/p>\n\n\n\n<p>Immobiliaria Esp\u00edgul SL, ci-apr\u00e8s le RESPONSABLE, est le responsable du traitement des donn\u00e9es personnelles de l&rsquo;Utilisateur et l&rsquo;informe que ces donn\u00e9es seront trait\u00e9es conform\u00e9ment aux dispositions du R\u00e8glement (UE) 2016\/679 du 27 avril 2016 (RGPD) relatif \u00e0 la protection des personnes physiques concernant le traitement des donn\u00e9es personnelles et \u00e0 la libre circulation de ces donn\u00e9es. Par cons\u00e9quent, les informations suivantes sur le traitement lui sont fournies : <\/p>\n\n\n\n<p><strong>Finalit\u00e9 du traitement<\/strong> : maintenir une relation commerciale avec l&rsquo;Utilisateur. Les op\u00e9rations pr\u00e9vues pour r\u00e9aliser le traitement sont les suivantes : <\/p>\n\n\n\n<ul class=\"wp-block-list\">\n<li>Envoi de communications commerciales publicitaires par courrier \u00e9lectronique, fax, SMS, MMS, r\u00e9seaux sociaux ou autres moyens \u00e9lectroniques ou physiques, pr\u00e9sents ou futurs, permettant de r\u00e9aliser des communications commerciales. Ces communications seront r\u00e9alis\u00e9es par le RESPONSABLE et seront li\u00e9es \u00e0 ses produits et services, ou aux produits et services de ses collaborateurs ou fournisseurs avec lesquels le RESPONSABLE a conclu des accords de promotion. En aucun cas, les tiers n&rsquo;auront acc\u00e8s aux donn\u00e9es personnelles.  <\/li>\n\n\n\n<li>R\u00e9alisation d&rsquo;\u00e9tudes statistiques.<\/li>\n\n\n\n<li>Traitement des commandes, demandes ou tout type de requ\u00eate r\u00e9alis\u00e9e par l&rsquo;Utilisateur \u00e0 travers les formulaires de contact disponibles.<\/li>\n<\/ul>\n\n\n\n<p><strong>Crit\u00e8res de conservation des donn\u00e9es :<\/strong> les donn\u00e9es seront conserv\u00e9es tant qu&rsquo;il y aura un int\u00e9r\u00eat mutuel \u00e0 maintenir la finalit\u00e9 du traitement et, lorsqu&rsquo;elles ne seront plus n\u00e9cessaires \u00e0 cette finalit\u00e9, elles seront supprim\u00e9es avec des mesures de s\u00e9curit\u00e9 ad\u00e9quates pour garantir la pseudonymisation des donn\u00e9es ou leur destruction totale.<\/p>\n\n\n\n<p><strong>Communication des donn\u00e9es<\/strong> : les donn\u00e9es ne seront pas communiqu\u00e9es \u00e0 des tiers, sauf obligation l\u00e9gale.<\/p>\n\n\n\n<p><strong>Droits dont dispose l&rsquo;Utilisateur<\/strong> :<\/p>\n\n\n\n<ul class=\"wp-block-list\">\n<li>Droit de retirer son consentement \u00e0 tout moment.<\/li>\n\n\n\n<li>Droit d&rsquo;acc\u00e8s, de rectification, de portabilit\u00e9 et de suppression de ses donn\u00e9es, ainsi qu&rsquo;\u00e0 la limitation ou \u00e0 l&rsquo;opposition \u00e0 leur traitement.<\/li>\n\n\n\n<li>Droit de d\u00e9poser une r\u00e9clamation aupr\u00e8s de l&rsquo;autorit\u00e9 de contr\u00f4le (agpd.es) s&rsquo;il consid\u00e8re que le traitement n&rsquo;est pas conforme \u00e0 la r\u00e9glementation en vigueur.<\/li>\n<\/ul>\n\n\n\n<p><strong>Coordonn\u00e9es pour exercer ses droits :<\/strong><\/p>\n\n\n\n<p>Adresse postale : Immobiliaria Esp\u00edgul SL, Pla\u00e7a Marqu\u00e8s de Camps 3, 17001 &#8211; Girona, Girona. Adresse \u00e9lectronique : <a href=\"mailto:hola@espigul.com\">hola@espigul.com<\/a> <\/p>\n\n\n\n<p><strong>2. CARACT\u00c8RE OBLIGATOIRE OU FACULTATIF DES INFORMATIONS FOURNIES PAR L&rsquo;UTILISATEUR<\/strong><\/p>\n\n\n\n<p>La base de l\u00e9gitimation du traitement sera l&rsquo;int\u00e9r\u00eat l\u00e9gitime, contractuel ou parce que vous nous avez donn\u00e9 votre consentement. <\/p>\n\n\n\n<p>Les Utilisateurs, en cochant les cases correspondantes et en remplissant les donn\u00e9es dans les champs signal\u00e9s par un ast\u00e9risque (*) dans le formulaire de contact ou pr\u00e9sent\u00e9s dans les formulaires de t\u00e9l\u00e9chargement, acceptent express\u00e9ment et de mani\u00e8re libre et non \u00e9quivoque que leurs donn\u00e9es sont n\u00e9cessaires pour r\u00e9pondre \u00e0 leur demande, de la part du prestataire, \u00e9tant volontaire l&rsquo;inclusion de donn\u00e9es dans les champs restants. L&rsquo;Utilisateur garantit que les donn\u00e9es personnelles fournies au RESPONSABLE sont v\u00e9ridiques et se rend responsable de communiquer toute modification de celles-ci. <\/p>\n\n\n\n<p><strong>3. MESURES DE S\u00c9CURIT\u00c9<\/strong><\/p>\n\n\n\n<p>Que conform\u00e9ment aux dispositions des r\u00e9glementations en vigueur en mati\u00e8re de protection des donn\u00e9es personnelles, le RESPONSABLE respecte toutes les dispositions des r\u00e9glementations RGPD pour le traitement des donn\u00e9es personnelles dont il est responsable, et manifestement avec les principes d\u00e9crits \u00e0 l&rsquo;article 5 du RGPD, par lesquels elles sont trait\u00e9es de mani\u00e8re licite, loyale et transparente en relation avec l&rsquo;int\u00e9ress\u00e9 et ad\u00e9quates, pertinentes et limit\u00e9es \u00e0 ce qui est n\u00e9cessaire en relation avec les finalit\u00e9s pour lesquelles elles sont trait\u00e9es.<\/p>\n\n\n\n<p>Le RESPONSABLE garantit qu&rsquo;il a mis en \u0153uvre des politiques techniques et organisationnelles appropri\u00e9es pour appliquer les mesures de s\u00e9curit\u00e9 \u00e9tablies par le RGPD afin de prot\u00e9ger les droits et libert\u00e9s des Utilisateurs et leur a communiqu\u00e9 les informations appropri\u00e9es afin qu&rsquo;ils puissent les exercer.<\/p>\n\n\n\n<p>Le RESPONSABLE informe et garantit express\u00e9ment aux utilisateurs que leurs donn\u00e9es personnelles ne seront en aucun cas c\u00e9d\u00e9es \u00e0 des tiers, et que chaque fois qu&rsquo;il r\u00e9alisera un type de cession de donn\u00e9es personnelles, le consentement expr\u00e8s, inform\u00e9 et non \u00e9quivoque de la part des Utilisateurs sera pr\u00e9alablement sollicit\u00e9. Toutes les donn\u00e9es sollicit\u00e9es \u00e0 travers le site web sont obligatoires, car elles sont n\u00e9cessaires \u00e0 la prestation d&rsquo;un service optimal \u00e0 l&rsquo;Utilisateur. Dans le cas o\u00f9 toutes les donn\u00e9es ne seraient pas fournies, il n&rsquo;est pas garanti que les informations et les services fournis soient compl\u00e8tement ajust\u00e9s \u00e0 ses besoins.  <\/p>\n<\/div><\/div>\n","protected":false},"excerpt":{"rendered":"<p>PROTECTION DES DONN\u00c9ES POLITIQUE DE CONFIDENTIALIT\u00c9 1. INFORMATIONS \u00c0 L&rsquo;UTILISATEUR Immobiliaria Esp\u00edgul SL, ci-apr\u00e8s le RESPONSABLE, est le responsable du traitement des donn\u00e9es personnelles de l&rsquo;Utilisateur et l&rsquo;informe que ces donn\u00e9es seront trait\u00e9es conform\u00e9ment aux dispositions du R\u00e8glement (UE) 2016\/679 du 27 avril 2016 (RGPD) relatif \u00e0 la protection des personnes physiques concernant le traitement&#8230;<\/p>\n","protected":false},"author":1,"featured_media":0,"parent":0,"menu_order":0,"comment_status":"closed","ping_status":"open","template":"","meta":{"_acf_changed":false,"_uag_custom_page_level_css":"","footnotes":""},"class_list":["post-129275","page","type-page","status-publish","hentry"],"acf":[],"yoast_head":"<!-- This site is optimized with the Yoast SEO plugin v27.3 - https:\/\/yoast.com\/product\/yoast-seo-wordpress\/ -->\n<title>Politique de confidentialit\u00e9 - Esp\u00edgul<\/title>\n<meta name=\"robots\" content=\"index, follow, max-snippet:-1, max-image-preview:large, max-video-preview:-1\" \/>\n<link rel=\"canonical\" href=\"https:\/\/www.espigul.com\/fr\/politique-de-confidentialite\/\" \/>\n<meta property=\"og:locale\" content=\"fr_FR\" \/>\n<meta property=\"og:type\" content=\"article\" \/>\n<meta property=\"og:title\" content=\"Politique de confidentialit\u00e9 - Esp\u00edgul\" \/>\n<meta property=\"og:description\" content=\"PROTECTION DES DONN\u00c9ES POLITIQUE DE CONFIDENTIALIT\u00c9 1. INFORMATIONS \u00c0 L&rsquo;UTILISATEUR Immobiliaria Esp\u00edgul SL, ci-apr\u00e8s le RESPONSABLE, est le responsable du traitement des donn\u00e9es personnelles de l&rsquo;Utilisateur et l&rsquo;informe que ces donn\u00e9es seront trait\u00e9es conform\u00e9ment aux dispositions du R\u00e8glement (UE) 2016\/679 du 27 avril 2016 (RGPD) relatif \u00e0 la protection des personnes physiques concernant le traitement...\" \/>\n<meta property=\"og:url\" content=\"https:\/\/www.espigul.com\/fr\/politique-de-confidentialite\/\" \/>\n<meta property=\"og:site_name\" content=\"Esp\u00edgul\" \/>\n<meta property=\"article:modified_time\" content=\"2026-02-17T08:31:27+00:00\" \/>\n<meta name=\"twitter:card\" content=\"summary_large_image\" \/>\n<meta name=\"twitter:label1\" content=\"Dur\u00e9e de lecture estim\u00e9e\" \/>\n\t<meta name=\"twitter:data1\" content=\"4 minutes\" \/>\n<script type=\"application\/ld+json\" class=\"yoast-schema-graph\">{\"@context\":\"https:\\\/\\\/schema.org\",\"@graph\":[{\"@type\":\"WebPage\",\"@id\":\"https:\\\/\\\/www.espigul.com\\\/fr\\\/politique-de-confidentialite\\\/\",\"url\":\"https:\\\/\\\/www.espigul.com\\\/fr\\\/politique-de-confidentialite\\\/\",\"name\":\"Politique de confidentialit\u00e9 - Esp\u00edgul\",\"isPartOf\":{\"@id\":\"https:\\\/\\\/www.espigul.com\\\/fr\\\/#website\"},\"datePublished\":\"2023-06-05T13:25:19+00:00\",\"dateModified\":\"2026-02-17T08:31:27+00:00\",\"breadcrumb\":{\"@id\":\"https:\\\/\\\/www.espigul.com\\\/fr\\\/politique-de-confidentialite\\\/#breadcrumb\"},\"inLanguage\":\"fr-FR\",\"potentialAction\":[{\"@type\":\"ReadAction\",\"target\":[\"https:\\\/\\\/www.espigul.com\\\/fr\\\/politique-de-confidentialite\\\/\"]}]},{\"@type\":\"BreadcrumbList\",\"@id\":\"https:\\\/\\\/www.espigul.com\\\/fr\\\/politique-de-confidentialite\\\/#breadcrumb\",\"itemListElement\":[{\"@type\":\"ListItem\",\"position\":1,\"name\":\"Inici\",\"item\":\"https:\\\/\\\/www.espigul.com\\\/fr\\\/\"},{\"@type\":\"ListItem\",\"position\":2,\"name\":\"Politique de confidentialit\u00e9\"}]},{\"@type\":\"WebSite\",\"@id\":\"https:\\\/\\\/www.espigul.com\\\/fr\\\/#website\",\"url\":\"https:\\\/\\\/www.espigul.com\\\/fr\\\/\",\"name\":\"Esp\u00edgul\",\"description\":\"La immobili\u00e0ria l\u00edder de Girona\",\"publisher\":{\"@id\":\"https:\\\/\\\/www.espigul.com\\\/fr\\\/#organization\"},\"potentialAction\":[{\"@type\":\"SearchAction\",\"target\":{\"@type\":\"EntryPoint\",\"urlTemplate\":\"https:\\\/\\\/www.espigul.com\\\/fr\\\/?s={search_term_string}\"},\"query-input\":{\"@type\":\"PropertyValueSpecification\",\"valueRequired\":true,\"valueName\":\"search_term_string\"}}],\"inLanguage\":\"fr-FR\"},{\"@type\":\"Organization\",\"@id\":\"https:\\\/\\\/www.espigul.com\\\/fr\\\/#organization\",\"name\":\"Esp\u00edgul\",\"url\":\"https:\\\/\\\/www.espigul.com\\\/fr\\\/\",\"logo\":{\"@type\":\"ImageObject\",\"inLanguage\":\"fr-FR\",\"@id\":\"https:\\\/\\\/www.espigul.com\\\/fr\\\/#\\\/schema\\\/logo\\\/image\\\/\",\"url\":\"https:\\\/\\\/www.espigul.com\\\/wp-content\\\/uploads\\\/2023\\\/08\\\/espigul-block.png\",\"contentUrl\":\"https:\\\/\\\/www.espigul.com\\\/wp-content\\\/uploads\\\/2023\\\/08\\\/espigul-block.png\",\"width\":384,\"height\":240,\"caption\":\"Esp\u00edgul\"},\"image\":{\"@id\":\"https:\\\/\\\/www.espigul.com\\\/fr\\\/#\\\/schema\\\/logo\\\/image\\\/\"},\"sameAs\":[\"https:\\\/\\\/www.instagram.com\\\/immoespigul\\\/\",\"https:\\\/\\\/www.youtube.com\\\/channel\\\/UCYyD-WWfbCFpCXau4SQOGKQ\"]}]}<\/script>\n<!-- \/ Yoast SEO plugin. -->","yoast_head_json":{"title":"Politique de confidentialit\u00e9 - Esp\u00edgul","robots":{"index":"index","follow":"follow","max-snippet":"max-snippet:-1","max-image-preview":"max-image-preview:large","max-video-preview":"max-video-preview:-1"},"canonical":"https:\/\/www.espigul.com\/fr\/politique-de-confidentialite\/","og_locale":"fr_FR","og_type":"article","og_title":"Politique de confidentialit\u00e9 - Esp\u00edgul","og_description":"PROTECTION DES DONN\u00c9ES POLITIQUE DE CONFIDENTIALIT\u00c9 1. INFORMATIONS \u00c0 L&rsquo;UTILISATEUR Immobiliaria Esp\u00edgul SL, ci-apr\u00e8s le RESPONSABLE, est le responsable du traitement des donn\u00e9es personnelles de l&rsquo;Utilisateur et l&rsquo;informe que ces donn\u00e9es seront trait\u00e9es conform\u00e9ment aux dispositions du R\u00e8glement (UE) 2016\/679 du 27 avril 2016 (RGPD) relatif \u00e0 la protection des personnes physiques concernant le traitement...","og_url":"https:\/\/www.espigul.com\/fr\/politique-de-confidentialite\/","og_site_name":"Esp\u00edgul","article_modified_time":"2026-02-17T08:31:27+00:00","twitter_card":"summary_large_image","twitter_misc":{"Dur\u00e9e de lecture estim\u00e9e":"4 minutes"},"schema":{"@context":"https:\/\/schema.org","@graph":[{"@type":"WebPage","@id":"https:\/\/www.espigul.com\/fr\/politique-de-confidentialite\/","url":"https:\/\/www.espigul.com\/fr\/politique-de-confidentialite\/","name":"Politique de confidentialit\u00e9 - Esp\u00edgul","isPartOf":{"@id":"https:\/\/www.espigul.com\/fr\/#website"},"datePublished":"2023-06-05T13:25:19+00:00","dateModified":"2026-02-17T08:31:27+00:00","breadcrumb":{"@id":"https:\/\/www.espigul.com\/fr\/politique-de-confidentialite\/#breadcrumb"},"inLanguage":"fr-FR","potentialAction":[{"@type":"ReadAction","target":["https:\/\/www.espigul.com\/fr\/politique-de-confidentialite\/"]}]},{"@type":"BreadcrumbList","@id":"https:\/\/www.espigul.com\/fr\/politique-de-confidentialite\/#breadcrumb","itemListElement":[{"@type":"ListItem","position":1,"name":"Inici","item":"https:\/\/www.espigul.com\/fr\/"},{"@type":"ListItem","position":2,"name":"Politique de confidentialit\u00e9"}]},{"@type":"WebSite","@id":"https:\/\/www.espigul.com\/fr\/#website","url":"https:\/\/www.espigul.com\/fr\/","name":"Esp\u00edgul","description":"La immobili\u00e0ria l\u00edder de Girona","publisher":{"@id":"https:\/\/www.espigul.com\/fr\/#organization"},"potentialAction":[{"@type":"SearchAction","target":{"@type":"EntryPoint","urlTemplate":"https:\/\/www.espigul.com\/fr\/?s={search_term_string}"},"query-input":{"@type":"PropertyValueSpecification","valueRequired":true,"valueName":"search_term_string"}}],"inLanguage":"fr-FR"},{"@type":"Organization","@id":"https:\/\/www.espigul.com\/fr\/#organization","name":"Esp\u00edgul","url":"https:\/\/www.espigul.com\/fr\/","logo":{"@type":"ImageObject","inLanguage":"fr-FR","@id":"https:\/\/www.espigul.com\/fr\/#\/schema\/logo\/image\/","url":"https:\/\/www.espigul.com\/wp-content\/uploads\/2023\/08\/espigul-block.png","contentUrl":"https:\/\/www.espigul.com\/wp-content\/uploads\/2023\/08\/espigul-block.png","width":384,"height":240,"caption":"Esp\u00edgul"},"image":{"@id":"https:\/\/www.espigul.com\/fr\/#\/schema\/logo\/image\/"},"sameAs":["https:\/\/www.instagram.com\/immoespigul\/","https:\/\/www.youtube.com\/channel\/UCYyD-WWfbCFpCXau4SQOGKQ"]}]}},"uagb_featured_image_src":{"full":false,"thumbnail":false,"medium":false,"medium_large":false,"large":false,"1536x1536":false,"2048x2048":false,"gform-image-choice-sm":false,"gform-image-choice-md":false,"gform-image-choice-lg":false},"uagb_author_info":{"display_name":"Pol","author_link":"https:\/\/www.espigul.com\/fr\/author\/pol\/"},"uagb_comment_info":0,"uagb_excerpt":"PROTECTION DES DONN\u00c9ES POLITIQUE DE CONFIDENTIALIT\u00c9 1. INFORMATIONS \u00c0 L&rsquo;UTILISATEUR Immobiliaria Esp\u00edgul SL, ci-apr\u00e8s le RESPONSABLE, est le responsable du traitement des donn\u00e9es personnelles de l&rsquo;Utilisateur et l&rsquo;informe que ces donn\u00e9es seront trait\u00e9es conform\u00e9ment aux dispositions du R\u00e8glement (UE) 2016\/679 du 27 avril 2016 (RGPD) relatif \u00e0 la protection des personnes physiques concernant le traitement...","_links":{"self":[{"href":"https:\/\/www.espigul.com\/fr\/wp-json\/wp\/v2\/pages\/129275","targetHints":{"allow":["GET"]}}],"collection":[{"href":"https:\/\/www.espigul.com\/fr\/wp-json\/wp\/v2\/pages"}],"about":[{"href":"https:\/\/www.espigul.com\/fr\/wp-json\/wp\/v2\/types\/page"}],"author":[{"embeddable":true,"href":"https:\/\/www.espigul.com\/fr\/wp-json\/wp\/v2\/users\/1"}],"replies":[{"embeddable":true,"href":"https:\/\/www.espigul.com\/fr\/wp-json\/wp\/v2\/comments?post=129275"}],"version-history":[{"count":2,"href":"https:\/\/www.espigul.com\/fr\/wp-json\/wp\/v2\/pages\/129275\/revisions"}],"predecessor-version":[{"id":354156,"href":"https:\/\/www.espigul.com\/fr\/wp-json\/wp\/v2\/pages\/129275\/revisions\/354156"}],"wp:attachment":[{"href":"https:\/\/www.espigul.com\/fr\/wp-json\/wp\/v2\/media?parent=129275"}],"curies":[{"name":"wp","href":"https:\/\/api.w.org\/{rel}","templated":true}]}}