{"id":129178,"date":"2023-07-03T13:41:46","date_gmt":"2023-07-03T11:41:46","guid":{"rendered":"https:\/\/www.espigul.com\/actualites\/"},"modified":"2026-04-14T13:28:10","modified_gmt":"2026-04-14T11:28:10","slug":"actualites","status":"publish","type":"page","link":"https:\/\/www.espigul.com\/fr\/actualites\/","title":{"rendered":"Actualit\u00e9s"},"content":{"rendered":"\n<div class=\"wp-block-uagb-container uagb-block-ab1a8f2b alignfull uagb-is-root-container\"><div class=\"uagb-container-inner-blocks-wrap\">\n<div class=\"wp-block-uagb-container uagb-block-eb7e898d\">\n<h1 class=\"wp-block-heading has-text-align-center\">Tout ce qui concerne le secteur immobilier<\/h1>\n<\/div>\n<\/div><\/div>\n\n<p class=\"has-text-align-center has-medium-font-size\">Vous trouverez ici toutes les informations et les nouveaut\u00e9s du secteur immobilier.<br\/>Un espace pour r\u00e9pondre \u00e0 vos questions et vous donner des conseils afin que votre logement soit plus pratique et durable.<\/p>\n\n<div class=\"wp-block-uagb-container uagb-block-583b7e00 alignfull uagb-is-root-container\"><div class=\"uagb-container-inner-blocks-wrap\">\n<h2 class=\"wp-block-heading has-text-align-center\">Actualit\u00e9s \u00e0 la une<\/h2>\n\n\n<div class=\"wp-block-espigul-espigul-grid--featured wp-block-espigul-espigul-grid--grid--2 wp-block-espigul-espigul-grid\">\n\n\t<\/div>\n<\/div><\/div>\n\n<div class=\"wp-block-uagb-container uagb-block-4c0c9928 alignfull uagb-is-root-container\"><div class=\"uagb-container-inner-blocks-wrap\">\n<h2 class=\"wp-block-heading\">Derni\u00e8res actualit\u00e9s<\/h2>\n\n\n<div class=\"wp-block-espigul-espigul-grid--grid wp-block-espigul-espigul-grid--grid--3 wp-block-espigul-espigul-grid\">\n\n\t<article class=\"loop post-130468 post type-post status-publish format-standard has-post-thumbnail hentry category-non-categorise\" onClick=\"window.location.assign('https:\/\/www.espigul.com\/fr\/tendances-decoration-2024-les-7-couleurs-indispensables\/');\">\n\t<div class=\"loop__thumbnail mb-4 cursor-pointer bg-gray-700\">\n\t\t\t\t\t<img loading=\"lazy\" decoding=\"async\" width=\"840\" height=\"472\" src=\"https:\/\/www.espigul.com\/wp-content\/uploads\/2024\/01\/tendencies-decoracio-2024.png\" class=\" wp-post-image\" alt=\"tend\u00e8ncies decoraci\u00f3 2024\" srcset=\"https:\/\/www.espigul.com\/wp-content\/uploads\/2024\/01\/tendencies-decoracio-2024.png 840w, https:\/\/www.espigul.com\/wp-content\/uploads\/2024\/01\/tendencies-decoracio-2024-400x225.png 400w, https:\/\/www.espigul.com\/wp-content\/uploads\/2024\/01\/tendencies-decoracio-2024-768x432.png 768w\" sizes=\"auto, (max-width: 840px) 100vw, 840px\" \/>\t\t\t<\/div>\n\t<span class=\"loop__date uppercase\">23 avril 2026<\/span>\n\t<h2 class=\"loop__title text-xl\">\n\t\t<a href=\"https:\/\/www.espigul.com\/fr\/tendances-decoration-2024-les-7-couleurs-indispensables\/\" title=\"Tendances d\u00e9coration 2024&nbsp;: les 7&nbsp;couleurs indispensables\">Tendances d\u00e9coration 2024&nbsp;: les 7&nbsp;couleurs indispensables<\/a>\n\t<\/h2>\n\t<p>L\u2019ann\u00e9e\u00a02024 nous apporte une palette de couleurs passionnante pour revitaliser et transformer nos int\u00e9rieurs. Et aujourd\u2019hui, notre \u00e9quipe d\u2019experts en d\u00e9coration et en design d\u2019int\u00e9rieur d\u2019Esp\u00edgul souhaite partager les tendances de d\u00e9coration\u00a02024 et les couleurs que votre maison doit absolument avoir. D\u00e9couvrez les tendances les plus marquantes en mati\u00e8re de d\u00e9coration et donnez vie \u00e0&#8230;<\/p>\n<\/article>\n<article class=\"loop post-130324 post type-post status-publish format-standard has-post-thumbnail hentry category-non-categorise\" onClick=\"window.location.assign('https:\/\/www.espigul.com\/fr\/que-faut-il-prendre-en-compte-lors-de-lachat-dune-maison\/');\">\n\t<div class=\"loop__thumbnail mb-4 cursor-pointer bg-gray-700\">\n\t\t\t\t\t<img loading=\"lazy\" decoding=\"async\" width=\"840\" height=\"472\" src=\"https:\/\/www.espigul.com\/wp-content\/uploads\/2024\/10\/que-tener-en-cuenta-al-comprar-una-casa.jpg\" class=\" wp-post-image\" alt=\"que tener en cuenta al comprar una casa\" srcset=\"https:\/\/www.espigul.com\/wp-content\/uploads\/2024\/10\/que-tener-en-cuenta-al-comprar-una-casa.jpg 840w, https:\/\/www.espigul.com\/wp-content\/uploads\/2024\/10\/que-tener-en-cuenta-al-comprar-una-casa-400x225.jpg 400w, https:\/\/www.espigul.com\/wp-content\/uploads\/2024\/10\/que-tener-en-cuenta-al-comprar-una-casa-768x432.jpg 768w\" sizes=\"auto, (max-width: 840px) 100vw, 840px\" \/>\t\t\t<\/div>\n\t<span class=\"loop__date uppercase\">26 mars 2026<\/span>\n\t<h2 class=\"loop__title text-xl\">\n\t\t<a href=\"https:\/\/www.espigul.com\/fr\/que-faut-il-prendre-en-compte-lors-de-lachat-dune-maison\/\" title=\"Que faut-il prendre en compte lors de l&rsquo;achat d&rsquo;une maison&nbsp;?\">Que faut-il prendre en compte lors de l&rsquo;achat d&rsquo;une maison&nbsp;?<\/a>\n\t<\/h2>\n\t<p>Acheter une maison est l&rsquo;une des d\u00e9cisions les plus importantes dans la vie de chacun. Pour s&rsquo;assurer de le faire correctement, il est essentiel de prendre en compte plusieurs aspects, depuis les \u00e9conomies n\u00e9cessaires jusqu&rsquo;aux imp\u00f4ts \u00e0 payer lors de l&rsquo;achat d&rsquo;une maison. Dans cet article, nous parlerons des \u00e9l\u00e9ments cl\u00e9s pour garantir que cette&#8230;<\/p>\n<\/article>\n<article class=\"loop post-130382 post type-post status-publish format-standard has-post-thumbnail hentry category-non-categorise\" onClick=\"window.location.assign('https:\/\/www.espigul.com\/fr\/quest-ce-que-le-home-staging\/');\">\n\t<div class=\"loop__thumbnail mb-4 cursor-pointer bg-gray-700\">\n\t\t\t\t\t<img loading=\"lazy\" decoding=\"async\" width=\"840\" height=\"472\" src=\"https:\/\/www.espigul.com\/wp-content\/uploads\/2023\/06\/1308.jpg\" class=\" wp-post-image\" alt=\"\" \/>\t\t\t<\/div>\n\t<span class=\"loop__date uppercase\">19 f\u00e9vrier 2026<\/span>\n\t<h2 class=\"loop__title text-xl\">\n\t\t<a href=\"https:\/\/www.espigul.com\/fr\/quest-ce-que-le-home-staging\/\" title=\"Qu&rsquo;est-ce que le home staging&nbsp;?\">Qu&rsquo;est-ce que le home staging&nbsp;?<\/a>\n\t<\/h2>\n\t<p>Le home staging est une technique de marketing immobilier qui vise \u00e0 mettre en valeur les meilleures qualit\u00e9s d&rsquo;un bien immobilier en vente ou en location, en am\u00e9liorant son aspect afin d&rsquo;attirer davantage d&rsquo;acheteurs potentiels. Gr\u00e2ce \u00e0 la d\u00e9personnalisation, \u00e0 l&rsquo;ordre et \u00e0 l&rsquo;optimisation de l&rsquo;espace, cette technique permet \u00e0 quiconque de s&rsquo;imaginer vivre dans&#8230;<\/p>\n<\/article>\n<article class=\"loop post-130401 post type-post status-publish format-standard has-post-thumbnail hentry category-non-categorise\" onClick=\"window.location.assign('https:\/\/www.espigul.com\/fr\/quelle-est-la-difference-entre-un-bailleur-et-un-locataire\/');\">\n\t<div class=\"loop__thumbnail mb-4 cursor-pointer bg-gray-700\">\n\t\t\t\t\t<img loading=\"lazy\" decoding=\"async\" width=\"840\" height=\"472\" src=\"https:\/\/www.espigul.com\/wp-content\/uploads\/2024\/03\/diferencia-arrendador-arrendatari.jpg\" class=\" wp-post-image\" alt=\"diferencia entre arrendador y arrendatario\" srcset=\"https:\/\/www.espigul.com\/wp-content\/uploads\/2024\/03\/diferencia-arrendador-arrendatari.jpg 840w, https:\/\/www.espigul.com\/wp-content\/uploads\/2024\/03\/diferencia-arrendador-arrendatari-400x225.jpg 400w, https:\/\/www.espigul.com\/wp-content\/uploads\/2024\/03\/diferencia-arrendador-arrendatari-768x432.jpg 768w\" sizes=\"auto, (max-width: 840px) 100vw, 840px\" \/>\t\t\t<\/div>\n\t<span class=\"loop__date uppercase\">15 janvier 2026<\/span>\n\t<h2 class=\"loop__title text-xl\">\n\t\t<a href=\"https:\/\/www.espigul.com\/fr\/quelle-est-la-difference-entre-un-bailleur-et-un-locataire\/\" title=\"Quelle est la diff\u00e9rence entre un bailleur et un locataire&nbsp;?\">Quelle est la diff\u00e9rence entre un bailleur et un locataire&nbsp;?<\/a>\n\t<\/h2>\n\t<p>Si vous \u00eates sur le point de louer un appartement ou de mettre un bien en location, il est essentiel que vous sachiez clairement qui est qui dans le contrat. La diff\u00e9rence entre un bailleur et un locataire peut sembler simple, mais elle est parfois source de confusion. Dans cet article, nous vous expliquons clairement&#8230;<\/p>\n<\/article>\n<article class=\"loop post-392066 post type-post status-publish format-standard has-post-thumbnail hentry category-non-categorise\" onClick=\"window.location.assign('https:\/\/www.espigul.com\/fr\/que-sont-les-biens-immobiliers-sans-possession\/');\">\n\t<div class=\"loop__thumbnail mb-4 cursor-pointer bg-gray-700\">\n\t\t\t\t\t<img loading=\"lazy\" decoding=\"async\" width=\"840\" height=\"472\" src=\"https:\/\/www.espigul.com\/wp-content\/uploads\/2025\/12\/inmuebles-sin-posesion.jpg\" class=\" wp-post-image\" alt=\"Que sont les biens immobiliers sans possession\" srcset=\"https:\/\/www.espigul.com\/wp-content\/uploads\/2025\/12\/inmuebles-sin-posesion.jpg 840w, https:\/\/www.espigul.com\/wp-content\/uploads\/2025\/12\/inmuebles-sin-posesion-400x225.jpg 400w, https:\/\/www.espigul.com\/wp-content\/uploads\/2025\/12\/inmuebles-sin-posesion-768x432.jpg 768w\" sizes=\"auto, (max-width: 840px) 100vw, 840px\" \/>\t\t\t<\/div>\n\t<span class=\"loop__date uppercase\">31 d\u00e9cembre 2025<\/span>\n\t<h2 class=\"loop__title text-xl\">\n\t\t<a href=\"https:\/\/www.espigul.com\/fr\/que-sont-les-biens-immobiliers-sans-possession\/\" title=\"Que sont les biens immobiliers sans possession ?\">Que sont les biens immobiliers sans possession ?<\/a>\n\t<\/h2>\n\t<p>Sur le march\u00e9 immobilier, certains concepts peuvent susciter des doutes, surtout lorsqu\u2019ils ne font pas partie des op\u00e9rations les plus courantes. L\u2019un d\u2019eux est le bien immobilier sans possession, un type de propri\u00e9t\u00e9 qui peut sembler attractif en raison de son prix, mais qui implique un certain nombre de particularit\u00e9s qu\u2019il convient de bien comprendre&#8230;<\/p>\n<\/article>\n<article class=\"loop post-392054 post type-post status-publish format-standard has-post-thumbnail hentry category-non-categorise\" onClick=\"window.location.assign('https:\/\/www.espigul.com\/fr\/droits-et-obligations-dune-caution\/');\">\n\t<div class=\"loop__thumbnail mb-4 cursor-pointer bg-gray-700\">\n\t\t\t\t\t<img loading=\"lazy\" decoding=\"async\" width=\"840\" height=\"472\" src=\"https:\/\/www.espigul.com\/wp-content\/uploads\/2025\/12\/derechos-obligaciones-aval.jpg\" class=\" wp-post-image\" alt=\"Droits et obligations d&#039;une caution\" srcset=\"https:\/\/www.espigul.com\/wp-content\/uploads\/2025\/12\/derechos-obligaciones-aval.jpg 840w, https:\/\/www.espigul.com\/wp-content\/uploads\/2025\/12\/derechos-obligaciones-aval-400x225.jpg 400w, https:\/\/www.espigul.com\/wp-content\/uploads\/2025\/12\/derechos-obligaciones-aval-768x432.jpg 768w\" sizes=\"auto, (max-width: 840px) 100vw, 840px\" \/>\t\t\t<\/div>\n\t<span class=\"loop__date uppercase\">25 d\u00e9cembre 2025<\/span>\n\t<h2 class=\"loop__title text-xl\">\n\t\t<a href=\"https:\/\/www.espigul.com\/fr\/droits-et-obligations-dune-caution\/\" title=\"Droits et obligations d&rsquo;une caution\">Droits et obligations d&rsquo;une caution<\/a>\n\t<\/h2>\n\t<p>Lorsqu&rsquo;il s&rsquo;agit d&rsquo;acheter un logement ou d&rsquo;acc\u00e9der \u00e0 un financement, la caution est une figure qui appara\u00eet plus souvent qu&rsquo;il n&rsquo;y para\u00eet. Pourtant, il n&rsquo;est pas toujours clair ce qu&rsquo;implique d&rsquo;assumer ce r\u00f4le ni quels sont exactement les droits et obligations de la caution. Si l&rsquo;on vous a demand\u00e9 d&rsquo;\u00eatre caution ou si vous envisagez&#8230;<\/p>\n<\/article>\n<\/div>\n\n\n\n<div class=\"wp-block-uagb-buttons uagb-buttons__outer-wrap uagb-btn__default-btn uagb-btn-tablet__default-btn uagb-btn-mobile__default-btn uagb-block-7c6d8e62\"><div class=\"uagb-buttons__wrap uagb-buttons-layout-wrap\">\n<div class=\"wp-block-uagb-buttons-child uagb-buttons__outer-wrap uagb-block-ee97c532 wp-block-button\"><div class=\"uagb-button__wrapper\"><a class=\"uagb-buttons-repeater wp-block-button__link\" href=\"https:\/\/www.espigul.com\/fr\/blog\/\" onclick=\"return true;\" rel=\"follow noopener\" target=\"_self\"><div class=\"uagb-button__link\">TOUTES LES ACTUALIT\u00c9S<\/div><span class=\"uagb-button__icon uagb-button__icon-position-after\"><svg xmlns=\"https:\/\/www.w3.org\/2000\/svg\" viewbox=\"0 0 256 512\"><path d=\"M64 448c-8.188 0-16.38-3.125-22.62-9.375c-12.5-12.5-12.5-32.75 0-45.25L178.8 256L41.38 118.6c-12.5-12.5-12.5-32.75 0-45.25s32.75-12.5 45.25 0l160 160c12.5 12.5 12.5 32.75 0 45.25l-160 160C80.38 444.9 72.19 448 64 448z\"><\/path><\/svg><\/span><\/a><\/div><\/div>\n<\/div><\/div>\n<\/div><\/div>\n","protected":false},"excerpt":{"rendered":"<p>Tout ce qui concerne le secteur immobilier Vous trouverez ici toutes les informations et les nouveaut\u00e9s du secteur immobilier.Un espace pour r\u00e9pondre \u00e0 vos questions et vous donner des conseils afin que votre logement soit plus pratique et durable. Actualit\u00e9s \u00e0 la une Derni\u00e8res actualit\u00e9s<\/p>\n","protected":false},"author":1,"featured_media":0,"parent":0,"menu_order":0,"comment_status":"closed","ping_status":"closed","template":"","meta":{"_acf_changed":false,"_uag_custom_page_level_css":"","footnotes":""},"class_list":["post-129178","page","type-page","status-publish","hentry"],"acf":[],"yoast_head":"<!-- This site is optimized with the Yoast SEO plugin v27.4 - https:\/\/yoast.com\/product\/yoast-seo-wordpress\/ -->\n<title>Actualit\u00e9s - Esp\u00edgul<\/title>\n<meta name=\"robots\" content=\"index, follow, max-snippet:-1, max-image-preview:large, max-video-preview:-1\" \/>\n<link rel=\"canonical\" href=\"https:\/\/www.espigul.com\/fr\/actualites\/\" \/>\n<meta property=\"og:locale\" content=\"fr_FR\" \/>\n<meta property=\"og:type\" content=\"article\" \/>\n<meta property=\"og:title\" content=\"Actualit\u00e9s - Esp\u00edgul\" \/>\n<meta property=\"og:description\" content=\"Tout ce qui concerne le secteur immobilier Vous trouverez ici toutes les informations et les nouveaut\u00e9s du secteur immobilier.Un espace pour r\u00e9pondre \u00e0 vos questions et vous donner des conseils afin que votre logement soit plus pratique et durable. Actualit\u00e9s \u00e0 la une Derni\u00e8res actualit\u00e9s\" \/>\n<meta property=\"og:url\" content=\"https:\/\/www.espigul.com\/fr\/actualites\/\" \/>\n<meta property=\"og:site_name\" content=\"Esp\u00edgul\" \/>\n<meta property=\"article:modified_time\" content=\"2026-04-14T11:28:10+00:00\" \/>\n<meta name=\"twitter:card\" content=\"summary_large_image\" \/>\n<script type=\"application\/ld+json\" class=\"yoast-schema-graph\">{\"@context\":\"https:\\\/\\\/schema.org\",\"@graph\":[{\"@type\":\"WebPage\",\"@id\":\"https:\\\/\\\/www.espigul.com\\\/fr\\\/actualites\\\/\",\"url\":\"https:\\\/\\\/www.espigul.com\\\/fr\\\/actualites\\\/\",\"name\":\"Actualit\u00e9s - Esp\u00edgul\",\"isPartOf\":{\"@id\":\"https:\\\/\\\/www.espigul.com\\\/fr\\\/#website\"},\"datePublished\":\"2023-07-03T11:41:46+00:00\",\"dateModified\":\"2026-04-14T11:28:10+00:00\",\"breadcrumb\":{\"@id\":\"https:\\\/\\\/www.espigul.com\\\/fr\\\/actualites\\\/#breadcrumb\"},\"inLanguage\":\"fr-FR\",\"potentialAction\":[{\"@type\":\"ReadAction\",\"target\":[\"https:\\\/\\\/www.espigul.com\\\/fr\\\/actualites\\\/\"]}]},{\"@type\":\"BreadcrumbList\",\"@id\":\"https:\\\/\\\/www.espigul.com\\\/fr\\\/actualites\\\/#breadcrumb\",\"itemListElement\":[{\"@type\":\"ListItem\",\"position\":1,\"name\":\"Inici\",\"item\":\"https:\\\/\\\/www.espigul.com\\\/fr\\\/\"},{\"@type\":\"ListItem\",\"position\":2,\"name\":\"Actualit\u00e9s\"}]},{\"@type\":\"WebSite\",\"@id\":\"https:\\\/\\\/www.espigul.com\\\/fr\\\/#website\",\"url\":\"https:\\\/\\\/www.espigul.com\\\/fr\\\/\",\"name\":\"Esp\u00edgul\",\"description\":\"La immobili\u00e0ria l\u00edder de Girona\",\"publisher\":{\"@id\":\"https:\\\/\\\/www.espigul.com\\\/fr\\\/#organization\"},\"potentialAction\":[{\"@type\":\"SearchAction\",\"target\":{\"@type\":\"EntryPoint\",\"urlTemplate\":\"https:\\\/\\\/www.espigul.com\\\/fr\\\/?s={search_term_string}\"},\"query-input\":{\"@type\":\"PropertyValueSpecification\",\"valueRequired\":true,\"valueName\":\"search_term_string\"}}],\"inLanguage\":\"fr-FR\"},{\"@type\":\"Organization\",\"@id\":\"https:\\\/\\\/www.espigul.com\\\/fr\\\/#organization\",\"name\":\"Esp\u00edgul\",\"url\":\"https:\\\/\\\/www.espigul.com\\\/fr\\\/\",\"logo\":{\"@type\":\"ImageObject\",\"inLanguage\":\"fr-FR\",\"@id\":\"https:\\\/\\\/www.espigul.com\\\/fr\\\/#\\\/schema\\\/logo\\\/image\\\/\",\"url\":\"https:\\\/\\\/www.espigul.com\\\/wp-content\\\/uploads\\\/2023\\\/08\\\/espigul-block.png\",\"contentUrl\":\"https:\\\/\\\/www.espigul.com\\\/wp-content\\\/uploads\\\/2023\\\/08\\\/espigul-block.png\",\"width\":384,\"height\":240,\"caption\":\"Esp\u00edgul\"},\"image\":{\"@id\":\"https:\\\/\\\/www.espigul.com\\\/fr\\\/#\\\/schema\\\/logo\\\/image\\\/\"},\"sameAs\":[\"https:\\\/\\\/www.instagram.com\\\/immoespigul\\\/\",\"https:\\\/\\\/www.youtube.com\\\/channel\\\/UCYyD-WWfbCFpCXau4SQOGKQ\"]}]}<\/script>\n<!-- \/ Yoast SEO plugin. -->","yoast_head_json":{"title":"Actualit\u00e9s - Esp\u00edgul","robots":{"index":"index","follow":"follow","max-snippet":"max-snippet:-1","max-image-preview":"max-image-preview:large","max-video-preview":"max-video-preview:-1"},"canonical":"https:\/\/www.espigul.com\/fr\/actualites\/","og_locale":"fr_FR","og_type":"article","og_title":"Actualit\u00e9s - Esp\u00edgul","og_description":"Tout ce qui concerne le secteur immobilier Vous trouverez ici toutes les informations et les nouveaut\u00e9s du secteur immobilier.Un espace pour r\u00e9pondre \u00e0 vos questions et vous donner des conseils afin que votre logement soit plus pratique et durable. Actualit\u00e9s \u00e0 la une Derni\u00e8res actualit\u00e9s","og_url":"https:\/\/www.espigul.com\/fr\/actualites\/","og_site_name":"Esp\u00edgul","article_modified_time":"2026-04-14T11:28:10+00:00","twitter_card":"summary_large_image","schema":{"@context":"https:\/\/schema.org","@graph":[{"@type":"WebPage","@id":"https:\/\/www.espigul.com\/fr\/actualites\/","url":"https:\/\/www.espigul.com\/fr\/actualites\/","name":"Actualit\u00e9s - Esp\u00edgul","isPartOf":{"@id":"https:\/\/www.espigul.com\/fr\/#website"},"datePublished":"2023-07-03T11:41:46+00:00","dateModified":"2026-04-14T11:28:10+00:00","breadcrumb":{"@id":"https:\/\/www.espigul.com\/fr\/actualites\/#breadcrumb"},"inLanguage":"fr-FR","potentialAction":[{"@type":"ReadAction","target":["https:\/\/www.espigul.com\/fr\/actualites\/"]}]},{"@type":"BreadcrumbList","@id":"https:\/\/www.espigul.com\/fr\/actualites\/#breadcrumb","itemListElement":[{"@type":"ListItem","position":1,"name":"Inici","item":"https:\/\/www.espigul.com\/fr\/"},{"@type":"ListItem","position":2,"name":"Actualit\u00e9s"}]},{"@type":"WebSite","@id":"https:\/\/www.espigul.com\/fr\/#website","url":"https:\/\/www.espigul.com\/fr\/","name":"Esp\u00edgul","description":"La immobili\u00e0ria l\u00edder de Girona","publisher":{"@id":"https:\/\/www.espigul.com\/fr\/#organization"},"potentialAction":[{"@type":"SearchAction","target":{"@type":"EntryPoint","urlTemplate":"https:\/\/www.espigul.com\/fr\/?s={search_term_string}"},"query-input":{"@type":"PropertyValueSpecification","valueRequired":true,"valueName":"search_term_string"}}],"inLanguage":"fr-FR"},{"@type":"Organization","@id":"https:\/\/www.espigul.com\/fr\/#organization","name":"Esp\u00edgul","url":"https:\/\/www.espigul.com\/fr\/","logo":{"@type":"ImageObject","inLanguage":"fr-FR","@id":"https:\/\/www.espigul.com\/fr\/#\/schema\/logo\/image\/","url":"https:\/\/www.espigul.com\/wp-content\/uploads\/2023\/08\/espigul-block.png","contentUrl":"https:\/\/www.espigul.com\/wp-content\/uploads\/2023\/08\/espigul-block.png","width":384,"height":240,"caption":"Esp\u00edgul"},"image":{"@id":"https:\/\/www.espigul.com\/fr\/#\/schema\/logo\/image\/"},"sameAs":["https:\/\/www.instagram.com\/immoespigul\/","https:\/\/www.youtube.com\/channel\/UCYyD-WWfbCFpCXau4SQOGKQ"]}]}},"uagb_featured_image_src":{"full":false,"thumbnail":false,"medium":false,"medium_large":false,"large":false,"1536x1536":false,"2048x2048":false,"gform-image-choice-sm":false,"gform-image-choice-md":false,"gform-image-choice-lg":false},"uagb_author_info":{"display_name":"Pol","author_link":"https:\/\/www.espigul.com\/fr\/author\/pol\/"},"uagb_comment_info":0,"uagb_excerpt":"Tout ce qui concerne le secteur immobilier Vous trouverez ici toutes les informations et les nouveaut\u00e9s du secteur immobilier.Un espace pour r\u00e9pondre \u00e0 vos questions et vous donner des conseils afin que votre logement soit plus pratique et durable. Actualit\u00e9s \u00e0 la une Derni\u00e8res actualit\u00e9s","_links":{"self":[{"href":"https:\/\/www.espigul.com\/fr\/wp-json\/wp\/v2\/pages\/129178","targetHints":{"allow":["GET"]}}],"collection":[{"href":"https:\/\/www.espigul.com\/fr\/wp-json\/wp\/v2\/pages"}],"about":[{"href":"https:\/\/www.espigul.com\/fr\/wp-json\/wp\/v2\/types\/page"}],"author":[{"embeddable":true,"href":"https:\/\/www.espigul.com\/fr\/wp-json\/wp\/v2\/users\/1"}],"replies":[{"embeddable":true,"href":"https:\/\/www.espigul.com\/fr\/wp-json\/wp\/v2\/comments?post=129178"}],"version-history":[{"count":6,"href":"https:\/\/www.espigul.com\/fr\/wp-json\/wp\/v2\/pages\/129178\/revisions"}],"predecessor-version":[{"id":389224,"href":"https:\/\/www.espigul.com\/fr\/wp-json\/wp\/v2\/pages\/129178\/revisions\/389224"}],"wp:attachment":[{"href":"https:\/\/www.espigul.com\/fr\/wp-json\/wp\/v2\/media?parent=129178"}],"curies":[{"name":"wp","href":"https:\/\/api.w.org\/{rel}","templated":true}]}}