{"id":129071,"date":"2024-05-21T10:49:08","date_gmt":"2024-05-21T08:49:08","guid":{"rendered":"https:\/\/www.espigul.com\/appartements-volpelleres\/"},"modified":"2025-12-16T14:22:32","modified_gmt":"2025-12-16T12:22:32","slug":"appartements-volpelleres","status":"publish","type":"page","link":"https:\/\/www.espigul.com\/fr\/appartements-volpelleres\/","title":{"rendered":"Appartements Volpelleres"},"content":{"rendered":"\n<div class=\"wp-block-uagb-container uagb-block-26595532 alignfull uagb-is-root-container\"><div class=\"uagb-container-inner-blocks-wrap\">\n<h1 class=\"wp-block-heading has-text-align-center has-white-color has-text-color has-link-color wp-elements-96cb8e376c426bc4f71953d42846c949\">APPARTEMENTS VOLPELLERES<\/h1>\n<\/div><\/div>\n\n\n\n<div class=\"wp-block-uagb-container uagb-block-0bd962e7 alignwide uagb-is-root-container\">\n<div class=\"wp-block-uagb-container uagb-block-da137785\">\n<p class=\"has-text-align-center has-medium-font-size\">Vous recherchez la meilleure offre d&rsquo;appartements \u00e0 Volpelleres&nbsp;?<\/p>\n\n\n\n<p class=\"has-text-align-center has-medium-font-size\">Explorez toutes les possibilit\u00e9s gr\u00e2ce \u00e0 notre large portefeuille de propri\u00e9t\u00e9s situ\u00e9es dans ce quartier si distinctif de Sant Cugat del Vall\u00e8s. Des appartements avec toutes les caract\u00e9ristiques que vous recherchez dans votre nouveau logement. <\/p>\n<\/div>\n<\/div>\n\n\n\n<div class=\"wp-block-uagb-container uagb-block-5eaff254 alignfull uagb-is-root-container\"><div class=\"uagb-container-inner-blocks-wrap\">\n<div class=\"wp-block-uagb-container uagb-block-96a094e8\">\n<div class=\"wp-block-cover is-light\"><img loading=\"lazy\" decoding=\"async\" width=\"2560\" height=\"1707\" class=\"wp-block-cover__image-background wp-image-46087\" alt=\"\" src=\"https:\/\/www.espigul.com\/wp-content\/uploads\/2024\/03\/00-2-min-scaled.jpg\" data-object-fit=\"cover\" srcset=\"https:\/\/www.espigul.com\/wp-content\/uploads\/2024\/03\/00-2-min-scaled.jpg 2560w, https:\/\/www.espigul.com\/wp-content\/uploads\/2024\/03\/00-2-min-400x267.jpg 400w, https:\/\/www.espigul.com\/wp-content\/uploads\/2024\/03\/00-2-min-1300x867.jpg 1300w, https:\/\/www.espigul.com\/wp-content\/uploads\/2024\/03\/00-2-min-768x512.jpg 768w, https:\/\/www.espigul.com\/wp-content\/uploads\/2024\/03\/00-2-min-1536x1024.jpg 1536w, https:\/\/www.espigul.com\/wp-content\/uploads\/2024\/03\/00-2-min-2048x1366.jpg 2048w\" sizes=\"auto, (max-width: 2560px) 100vw, 2560px\" \/><span aria-hidden=\"true\" class=\"wp-block-cover__background has-background-dim-30 has-background-dim\"><\/span><div class=\"wp-block-cover__inner-container is-layout-constrained wp-block-cover-is-layout-constrained\">\n<h2 class=\"wp-block-heading has-text-align-center has-large-font-size\"><mark style=\"background-color:rgba(0, 0, 0, 0)\" class=\"has-inline-color has-white-color\">Appartements \u00e0 vendre \u00e0 Volpelleres, Sant Cugat<\/mark><\/h2>\n\n\n\n<p style=\"margin-top:var(--wp--preset--spacing--20);margin-right:var(--wp--preset--spacing--80);margin-bottom:var(--wp--preset--spacing--20);margin-left:var(--wp--preset--spacing--80)\"><mark style=\"background-color:rgba(0, 0, 0, 0)\" class=\"has-inline-color has-white-color\">Notre portefeuille de biens immobiliers s&rsquo;\u00e9tend des maisons et appartements unifamiliaux aux studios, attiques et rez-de-chauss\u00e9e. Parmi les options pr\u00e9f\u00e9r\u00e9es de nos clients, on trouve les maisons avec jardin et les appartements avec balcon ou terrasse, incluant une place de parking et des zones communautaires tr\u00e8s attrayantes. <\/mark><\/p>\n\n\n\n<p style=\"margin-top:var(--wp--preset--spacing--20);margin-right:var(--wp--preset--spacing--80);margin-bottom:var(--wp--preset--spacing--20);margin-left:var(--wp--preset--spacing--80)\"><mark style=\"background-color:rgba(0, 0, 0, 0)\" class=\"has-inline-color has-white-color\">De plus, certains appartements en vente \u00e0 Volpelleres incluent des espaces ext\u00e9rieurs comme des jardins, des terrasses ou des balcons, tandis que d&rsquo;autres sont situ\u00e9s dans des lotissements avec des services comme des piscines et des zones r\u00e9cr\u00e9atives, id\u00e9ales pour les familles ou pour ceux qui recherchent de plus grands conforts pr\u00e8s de chez eux.<\/mark><\/p>\n<\/div><\/div>\n<\/div>\n\n\n\n<div class=\"wp-block-uagb-container uagb-block-59b5c7e4\">\n<div class=\"wp-block-cover is-light\"><img loading=\"lazy\" decoding=\"async\" width=\"2560\" height=\"1707\" class=\"wp-block-cover__image-background wp-image-46091\" alt=\"\" src=\"https:\/\/www.espigul.com\/wp-content\/uploads\/2024\/03\/00-5-min-scaled.jpg\" data-object-fit=\"cover\" srcset=\"https:\/\/www.espigul.com\/wp-content\/uploads\/2024\/03\/00-5-min-scaled.jpg 2560w, https:\/\/www.espigul.com\/wp-content\/uploads\/2024\/03\/00-5-min-400x267.jpg 400w, https:\/\/www.espigul.com\/wp-content\/uploads\/2024\/03\/00-5-min-1300x867.jpg 1300w, https:\/\/www.espigul.com\/wp-content\/uploads\/2024\/03\/00-5-min-768x512.jpg 768w, https:\/\/www.espigul.com\/wp-content\/uploads\/2024\/03\/00-5-min-1536x1024.jpg 1536w, https:\/\/www.espigul.com\/wp-content\/uploads\/2024\/03\/00-5-min-2048x1366.jpg 2048w\" sizes=\"auto, (max-width: 2560px) 100vw, 2560px\" \/><span aria-hidden=\"true\" class=\"wp-block-cover__background has-background-dim-40 has-background-dim\"><\/span><div class=\"wp-block-cover__inner-container is-layout-constrained wp-block-cover-is-layout-constrained\">\n<h2 class=\"wp-block-heading has-text-align-center has-large-font-size\"><mark style=\"background-color:rgba(0, 0, 0, 0)\" class=\"has-inline-color has-white-color\">Appartements neufs \u00e0 Sant Cugat dans le quartier de Volpelleres<\/mark><\/h2>\n\n\n\n<p style=\"margin-top:var(--wp--preset--spacing--20);margin-right:var(--wp--preset--spacing--80);margin-bottom:var(--wp--preset--spacing--20);margin-left:var(--wp--preset--spacing--80)\"><mark style=\"background-color:rgba(0, 0, 0, 0)\" class=\"has-inline-color has-white-color\">De m\u00eame, si vous recherchez un logement neuf, nous vous aidons \u00e0 trouver des appartements neufs \u00e0 Sant Cugat, dans le quartier de Volpelleres, pr\u00eats \u00e0 emm\u00e9nager, avec des installations modernes et des finitions de qualit\u00e9, parfaits pour une vie familiale confortable.<\/mark><\/p>\n<\/div><\/div>\n<\/div>\n<\/div><\/div>\n\n\n\n<div class=\"wp-block-uagb-container uagb-block-78b151fc alignwide uagb-is-root-container\">\n<div class=\"wp-block-uagb-container uagb-block-5d7aa9aa\">\n<div class=\"wp-block-columns is-layout-flex wp-container-core-columns-is-layout-28f84493 wp-block-columns-is-layout-flex\">\n<div class=\"wp-block-column is-layout-flow wp-block-column-is-layout-flow\">\n<figure class=\"wp-block-image aligncenter size-full is-resized\"><img decoding=\"async\" src=\"https:\/\/www.espigul.com\/wp-content\/uploads\/2025\/12\/ESPIGUL_Logo-Black-1.png\" alt=\"\" class=\"wp-image-335168\" style=\"aspect-ratio:4.036514522821577;width:226px;height:auto\"\/><\/figure>\n\n\n\n<p class=\"has-text-align-center has-medium-font-size\">Volpelleres est l&rsquo;un des quartiers les plus connus de Sant Cugat pour sa grande connectivit\u00e9 ferroviaire avec Barcelone et d&rsquo;autres communes de la r\u00e9gion.<\/p>\n\n\n\n<p class=\"has-text-align-center has-medium-font-size\">Il se distingue \u00e9galement sur le march\u00e9 immobilier par sa vaste zone commerciale et sa proximit\u00e9 avec des espaces naturels, comme le parc de Torreblanca.<\/p>\n<\/div>\n<\/div>\n<\/div>\n\n\n\n<div class=\"wp-block-uagb-container uagb-block-e10f2f60 alignfull uagb-is-root-container\"><div class=\"uagb-container-inner-blocks-wrap\">\n<div class=\"wp-block-uagb-advanced-heading uagb-block-532832d4\"><h2 class=\"uagb-heading-text\">Appartements remarquables \u00e0 Volpelleres<\/h2><\/div>\n\n\n<div class=\"espigul-slider wp-block-espigul-espigul-slider\">\n\t<div id=\"carousel-1397625\" class=\"splide\">\n\t\t<div class=\"splide__track\">\n\t\t\t<ul class=\"splide__list\">\n\t\t\t\t\t\t<\/ul>\n\t\t<\/div>\n\t<\/div>\n<\/div>\n<script>\n\tdocument.addEventListener( 'DOMContentLoaded', function() {\n\t\tvar main = new Splide( '#carousel-1397625', {\n\t\t\tfixedWidth: '70vw',\n\t\t\tgap: '2rem',\n\t\t\tpagination: false,\n\t\t\tarrows: false,\n\t\t\tpadding: '1rem',\n\t\t\tmediaQuery: 'min',\n\t\t\tbreakpoints: {\n\t\t\t\t720: {\n\t\t\t\t\tfixedWidth: null,\n\t\t\t\t\tperPage: 3,\n\t\t\t\t\tarrows: true,\n\t\t\t\t},\n\t\t}\n\t\t} );\n\t\tmain.mount();\n\t} );\n<\/script>\n<\/div><\/div>\n<\/div>\n\n\n\n<div class=\"wp-block-uagb-container uagb-block-a25424b3 alignfull uagb-is-root-container\"><div class=\"uagb-container-inner-blocks-wrap\">\n<div class=\"wp-block-uagb-container uagb-block-4145c04b\">\n<div class=\"wp-block-cover is-light\"><img loading=\"lazy\" decoding=\"async\" width=\"2560\" height=\"1707\" class=\"wp-block-cover__image-background wp-image-46087\" alt=\"\" src=\"https:\/\/www.espigul.com\/wp-content\/uploads\/2024\/03\/00-2-min-scaled.jpg\" data-object-fit=\"cover\" srcset=\"https:\/\/www.espigul.com\/wp-content\/uploads\/2024\/03\/00-2-min-scaled.jpg 2560w, https:\/\/www.espigul.com\/wp-content\/uploads\/2024\/03\/00-2-min-400x267.jpg 400w, https:\/\/www.espigul.com\/wp-content\/uploads\/2024\/03\/00-2-min-1300x867.jpg 1300w, https:\/\/www.espigul.com\/wp-content\/uploads\/2024\/03\/00-2-min-768x512.jpg 768w, https:\/\/www.espigul.com\/wp-content\/uploads\/2024\/03\/00-2-min-1536x1024.jpg 1536w, https:\/\/www.espigul.com\/wp-content\/uploads\/2024\/03\/00-2-min-2048x1366.jpg 2048w\" sizes=\"auto, (max-width: 2560px) 100vw, 2560px\" \/><span aria-hidden=\"true\" class=\"wp-block-cover__background has-background-dim-30 has-background-dim\"><\/span><div class=\"wp-block-cover__inner-container is-layout-constrained wp-block-cover-is-layout-constrained\">\n<h2 class=\"wp-block-heading has-text-align-center has-large-font-size\"><mark style=\"background-color:rgba(0, 0, 0, 0)\" class=\"has-inline-color has-white-color\">Appartements \u00e0 louer \u00e0 Volpelleres<\/mark><\/h2>\n\n\n\n<p style=\"margin-top:0;margin-right:var(--wp--preset--spacing--80);margin-bottom:0;margin-left:var(--wp--preset--spacing--80)\"><mark style=\"background-color:rgba(0, 0, 0, 0)\" class=\"has-inline-color has-white-color\">Si vous recherchez des appartements \u00e0 louer \u00e0 Volpelleres, chez Esp\u00edgul, nous vous accompagnons dans la recherche de votre nouveau logement, sans aucun engagement, que ce soit pour un court ou long s\u00e9jour. Ce quartier est une zone r\u00e9sidentielle tranquille, bien connect\u00e9e avec Barcelone et d&rsquo;autres villes des environs, avec une large gamme de services et d&rsquo;infrastructures, offrant la possibilit\u00e9 de vivre dans un environnement d\u00e9tendu, familial et entour\u00e9 de nature. <\/mark><\/p>\n<\/div><\/div>\n<\/div>\n\n\n\n<div class=\"wp-block-uagb-container uagb-block-7d16369c\">\n<div class=\"wp-block-cover is-light\"><img loading=\"lazy\" decoding=\"async\" width=\"2560\" height=\"1707\" class=\"wp-block-cover__image-background wp-image-46091\" alt=\"\" src=\"https:\/\/www.espigul.com\/wp-content\/uploads\/2024\/03\/00-5-min-scaled.jpg\" data-object-fit=\"cover\" srcset=\"https:\/\/www.espigul.com\/wp-content\/uploads\/2024\/03\/00-5-min-scaled.jpg 2560w, https:\/\/www.espigul.com\/wp-content\/uploads\/2024\/03\/00-5-min-400x267.jpg 400w, https:\/\/www.espigul.com\/wp-content\/uploads\/2024\/03\/00-5-min-1300x867.jpg 1300w, https:\/\/www.espigul.com\/wp-content\/uploads\/2024\/03\/00-5-min-768x512.jpg 768w, https:\/\/www.espigul.com\/wp-content\/uploads\/2024\/03\/00-5-min-1536x1024.jpg 1536w, https:\/\/www.espigul.com\/wp-content\/uploads\/2024\/03\/00-5-min-2048x1366.jpg 2048w\" sizes=\"auto, (max-width: 2560px) 100vw, 2560px\" \/><span aria-hidden=\"true\" class=\"wp-block-cover__background has-background-dim-40 has-background-dim\"><\/span><div class=\"wp-block-cover__inner-container is-layout-constrained wp-block-cover-is-layout-constrained\">\n<h2 class=\"wp-block-heading has-text-align-center has-large-font-size\"><mark style=\"background-color:rgba(0, 0, 0, 0)\" class=\"has-inline-color has-white-color\">Inmobili\u00e0ria \u00e0 Volpelleres<\/mark><\/h2>\n\n\n\n<p style=\"margin-top:var(--wp--preset--spacing--20);margin-right:var(--wp--preset--spacing--80);margin-bottom:var(--wp--preset--spacing--20);margin-left:var(--wp--preset--spacing--80)\"><mark style=\"background-color:rgba(0, 0, 0, 0)\" class=\"has-inline-color has-white-color\">Laissez-nous vous guider dans la recherche d&rsquo;appartements \u00e0 Volpelleres. En tant que professionnels de l&rsquo;immobilier, nous avons une connaissance approfondie du march\u00e9 et des caract\u00e9ristiques uniques de cette zone. <\/mark><\/p>\n<\/div><\/div>\n<\/div>\n<\/div><\/div>\n\n\n\n<div class=\"wp-block-uagb-container uagb-block-546bc7e6 alignwide uagb-is-root-container\">\n<div class=\"wp-block-uagb-container uagb-block-ac1e59db\">\n<p class=\"has-text-align-center has-medium-font-size\">Nous serons ravis de vous aider \u00e0 trouver l&rsquo;appartement qui r\u00e9pond \u00e0 vos attentes et \u00e0 vos besoins.<\/p>\n\n\n\n<p class=\"has-text-align-center has-medium-font-size\">Pour plus d&rsquo;informations ou pour organiser une visite, contactez-nous d\u00e8s aujourd&rsquo;hui. Nous serons ravis de vous aider \u00e0 trouver la propri\u00e9t\u00e9 de vos r\u00eaves&nbsp;! <\/p>\n<\/div>\n<\/div>\n\n\n\n<div class=\"wp-block-uagb-container uagb-block-24de5ec9 alignfull uagb-is-root-container\"><div class=\"uagb-container-inner-blocks-wrap\">\n<div class=\"wp-block-uagb-container uagb-block-e8496523\">\n<div class=\"wp-block-uagb-advanced-heading uagb-block-a718f958\"><h2 class=\"uagb-heading-text\">Contactez-nous<\/h2><\/div>\n\n\n\n<div class=\"wp-block-contact-form-7-contact-form-selector\"><p class=\"wpcf7-contact-form-not-found\"><strong>Erreur\u00a0:<\/strong> Formulaire de contact non trouv\u00e9\u00a0!<\/p><\/div>\n<\/div>\n<\/div><\/div>\n","protected":false},"excerpt":{"rendered":"<p>APPARTEMENTS VOLPELLERES Vous recherchez la meilleure offre d&rsquo;appartements \u00e0 Volpelleres&nbsp;? Explorez toutes les possibilit\u00e9s gr\u00e2ce \u00e0 notre large portefeuille de propri\u00e9t\u00e9s situ\u00e9es dans ce quartier si distinctif de Sant Cugat del Vall\u00e8s. Des appartements avec toutes les caract\u00e9ristiques que vous recherchez dans votre nouveau logement. Volpelleres est l&rsquo;un des quartiers les plus connus de Sant&#8230;<\/p>\n","protected":false},"author":3,"featured_media":0,"parent":0,"menu_order":0,"comment_status":"closed","ping_status":"closed","template":"","meta":{"_acf_changed":false,"_uag_custom_page_level_css":"","footnotes":""},"class_list":["post-129071","page","type-page","status-publish","hentry"],"acf":[],"yoast_head":"<!-- This site is optimized with the Yoast SEO plugin v27.3 - https:\/\/yoast.com\/product\/yoast-seo-wordpress\/ -->\n<title>Appartements Volpelleres - Esp\u00edgul<\/title>\n<meta name=\"description\" content=\"Trouvez la meilleure offre d&#039;appartements \u00e0 Volpelleres. Explorez toutes les possibilit\u00e9s de logements que nous vous offrons \u00e0 Sant Cugat del Vall\u00e8s.\" \/>\n<meta name=\"robots\" content=\"index, follow, max-snippet:-1, max-image-preview:large, max-video-preview:-1\" \/>\n<link rel=\"canonical\" href=\"https:\/\/www.espigul.com\/fr\/appartements-volpelleres\/\" \/>\n<meta property=\"og:locale\" content=\"fr_FR\" \/>\n<meta property=\"og:type\" content=\"article\" \/>\n<meta property=\"og:title\" content=\"Appartements Volpelleres - Esp\u00edgul\" \/>\n<meta property=\"og:description\" content=\"Trouvez la meilleure offre d&#039;appartements \u00e0 Volpelleres. Explorez toutes les possibilit\u00e9s de logements que nous vous offrons \u00e0 Sant Cugat del Vall\u00e8s.\" \/>\n<meta property=\"og:url\" content=\"https:\/\/www.espigul.com\/fr\/appartements-volpelleres\/\" \/>\n<meta property=\"og:site_name\" content=\"Esp\u00edgul\" \/>\n<meta property=\"article:modified_time\" content=\"2025-12-16T12:22:32+00:00\" \/>\n<meta property=\"og:image\" content=\"https:\/\/www.espigul.com\/wp-content\/uploads\/2024\/03\/00-2-min-scaled.jpg\" \/>\n\t<meta property=\"og:image:width\" content=\"2560\" \/>\n\t<meta property=\"og:image:height\" content=\"1707\" \/>\n\t<meta property=\"og:image:type\" content=\"image\/jpeg\" \/>\n<meta name=\"twitter:card\" content=\"summary_large_image\" \/>\n<meta name=\"twitter:label1\" content=\"Dur\u00e9e de lecture estim\u00e9e\" \/>\n\t<meta name=\"twitter:data1\" content=\"4 minutes\" \/>\n<script type=\"application\/ld+json\" class=\"yoast-schema-graph\">{\"@context\":\"https:\\\/\\\/schema.org\",\"@graph\":[{\"@type\":\"WebPage\",\"@id\":\"https:\\\/\\\/www.espigul.com\\\/fr\\\/appartements-volpelleres\\\/\",\"url\":\"https:\\\/\\\/www.espigul.com\\\/fr\\\/appartements-volpelleres\\\/\",\"name\":\"Appartements Volpelleres - Esp\u00edgul\",\"isPartOf\":{\"@id\":\"https:\\\/\\\/www.espigul.com\\\/fr\\\/#website\"},\"primaryImageOfPage\":{\"@id\":\"https:\\\/\\\/www.espigul.com\\\/fr\\\/appartements-volpelleres\\\/#primaryimage\"},\"image\":{\"@id\":\"https:\\\/\\\/www.espigul.com\\\/fr\\\/appartements-volpelleres\\\/#primaryimage\"},\"thumbnailUrl\":\"https:\\\/\\\/www.espigul.com\\\/wp-content\\\/uploads\\\/2024\\\/03\\\/00-2-min-scaled.jpg\",\"datePublished\":\"2024-05-21T08:49:08+00:00\",\"dateModified\":\"2025-12-16T12:22:32+00:00\",\"description\":\"Trouvez la meilleure offre d'appartements \u00e0 Volpelleres. Explorez toutes les possibilit\u00e9s de logements que nous vous offrons \u00e0 Sant Cugat del Vall\u00e8s.\",\"breadcrumb\":{\"@id\":\"https:\\\/\\\/www.espigul.com\\\/fr\\\/appartements-volpelleres\\\/#breadcrumb\"},\"inLanguage\":\"fr-FR\",\"potentialAction\":[{\"@type\":\"ReadAction\",\"target\":[\"https:\\\/\\\/www.espigul.com\\\/fr\\\/appartements-volpelleres\\\/\"]}]},{\"@type\":\"ImageObject\",\"inLanguage\":\"fr-FR\",\"@id\":\"https:\\\/\\\/www.espigul.com\\\/fr\\\/appartements-volpelleres\\\/#primaryimage\",\"url\":\"https:\\\/\\\/www.espigul.com\\\/wp-content\\\/uploads\\\/2024\\\/03\\\/00-2-min-scaled.jpg\",\"contentUrl\":\"https:\\\/\\\/www.espigul.com\\\/wp-content\\\/uploads\\\/2024\\\/03\\\/00-2-min-scaled.jpg\"},{\"@type\":\"BreadcrumbList\",\"@id\":\"https:\\\/\\\/www.espigul.com\\\/fr\\\/appartements-volpelleres\\\/#breadcrumb\",\"itemListElement\":[{\"@type\":\"ListItem\",\"position\":1,\"name\":\"Inici\",\"item\":\"https:\\\/\\\/www.espigul.com\\\/fr\\\/\"},{\"@type\":\"ListItem\",\"position\":2,\"name\":\"Appartements Volpelleres\"}]},{\"@type\":\"WebSite\",\"@id\":\"https:\\\/\\\/www.espigul.com\\\/fr\\\/#website\",\"url\":\"https:\\\/\\\/www.espigul.com\\\/fr\\\/\",\"name\":\"Esp\u00edgul\",\"description\":\"La immobili\u00e0ria l\u00edder de Girona\",\"publisher\":{\"@id\":\"https:\\\/\\\/www.espigul.com\\\/fr\\\/#organization\"},\"potentialAction\":[{\"@type\":\"SearchAction\",\"target\":{\"@type\":\"EntryPoint\",\"urlTemplate\":\"https:\\\/\\\/www.espigul.com\\\/fr\\\/?s={search_term_string}\"},\"query-input\":{\"@type\":\"PropertyValueSpecification\",\"valueRequired\":true,\"valueName\":\"search_term_string\"}}],\"inLanguage\":\"fr-FR\"},{\"@type\":\"Organization\",\"@id\":\"https:\\\/\\\/www.espigul.com\\\/fr\\\/#organization\",\"name\":\"Esp\u00edgul\",\"url\":\"https:\\\/\\\/www.espigul.com\\\/fr\\\/\",\"logo\":{\"@type\":\"ImageObject\",\"inLanguage\":\"fr-FR\",\"@id\":\"https:\\\/\\\/www.espigul.com\\\/fr\\\/#\\\/schema\\\/logo\\\/image\\\/\",\"url\":\"https:\\\/\\\/www.espigul.com\\\/wp-content\\\/uploads\\\/2023\\\/08\\\/espigul-block.png\",\"contentUrl\":\"https:\\\/\\\/www.espigul.com\\\/wp-content\\\/uploads\\\/2023\\\/08\\\/espigul-block.png\",\"width\":384,\"height\":240,\"caption\":\"Esp\u00edgul\"},\"image\":{\"@id\":\"https:\\\/\\\/www.espigul.com\\\/fr\\\/#\\\/schema\\\/logo\\\/image\\\/\"},\"sameAs\":[\"https:\\\/\\\/www.instagram.com\\\/immoespigul\\\/\",\"https:\\\/\\\/www.youtube.com\\\/channel\\\/UCYyD-WWfbCFpCXau4SQOGKQ\"]}]}<\/script>\n<!-- \/ Yoast SEO plugin. -->","yoast_head_json":{"title":"Appartements Volpelleres - Esp\u00edgul","description":"Trouvez la meilleure offre d'appartements \u00e0 Volpelleres. Explorez toutes les possibilit\u00e9s de logements que nous vous offrons \u00e0 Sant Cugat del Vall\u00e8s.","robots":{"index":"index","follow":"follow","max-snippet":"max-snippet:-1","max-image-preview":"max-image-preview:large","max-video-preview":"max-video-preview:-1"},"canonical":"https:\/\/www.espigul.com\/fr\/appartements-volpelleres\/","og_locale":"fr_FR","og_type":"article","og_title":"Appartements Volpelleres - Esp\u00edgul","og_description":"Trouvez la meilleure offre d'appartements \u00e0 Volpelleres. Explorez toutes les possibilit\u00e9s de logements que nous vous offrons \u00e0 Sant Cugat del Vall\u00e8s.","og_url":"https:\/\/www.espigul.com\/fr\/appartements-volpelleres\/","og_site_name":"Esp\u00edgul","article_modified_time":"2025-12-16T12:22:32+00:00","og_image":[{"width":2560,"height":1707,"url":"https:\/\/www.espigul.com\/wp-content\/uploads\/2024\/03\/00-2-min-scaled.jpg","type":"image\/jpeg"}],"twitter_card":"summary_large_image","twitter_misc":{"Dur\u00e9e de lecture estim\u00e9e":"4 minutes"},"schema":{"@context":"https:\/\/schema.org","@graph":[{"@type":"WebPage","@id":"https:\/\/www.espigul.com\/fr\/appartements-volpelleres\/","url":"https:\/\/www.espigul.com\/fr\/appartements-volpelleres\/","name":"Appartements Volpelleres - Esp\u00edgul","isPartOf":{"@id":"https:\/\/www.espigul.com\/fr\/#website"},"primaryImageOfPage":{"@id":"https:\/\/www.espigul.com\/fr\/appartements-volpelleres\/#primaryimage"},"image":{"@id":"https:\/\/www.espigul.com\/fr\/appartements-volpelleres\/#primaryimage"},"thumbnailUrl":"https:\/\/www.espigul.com\/wp-content\/uploads\/2024\/03\/00-2-min-scaled.jpg","datePublished":"2024-05-21T08:49:08+00:00","dateModified":"2025-12-16T12:22:32+00:00","description":"Trouvez la meilleure offre d'appartements \u00e0 Volpelleres. Explorez toutes les possibilit\u00e9s de logements que nous vous offrons \u00e0 Sant Cugat del Vall\u00e8s.","breadcrumb":{"@id":"https:\/\/www.espigul.com\/fr\/appartements-volpelleres\/#breadcrumb"},"inLanguage":"fr-FR","potentialAction":[{"@type":"ReadAction","target":["https:\/\/www.espigul.com\/fr\/appartements-volpelleres\/"]}]},{"@type":"ImageObject","inLanguage":"fr-FR","@id":"https:\/\/www.espigul.com\/fr\/appartements-volpelleres\/#primaryimage","url":"https:\/\/www.espigul.com\/wp-content\/uploads\/2024\/03\/00-2-min-scaled.jpg","contentUrl":"https:\/\/www.espigul.com\/wp-content\/uploads\/2024\/03\/00-2-min-scaled.jpg"},{"@type":"BreadcrumbList","@id":"https:\/\/www.espigul.com\/fr\/appartements-volpelleres\/#breadcrumb","itemListElement":[{"@type":"ListItem","position":1,"name":"Inici","item":"https:\/\/www.espigul.com\/fr\/"},{"@type":"ListItem","position":2,"name":"Appartements Volpelleres"}]},{"@type":"WebSite","@id":"https:\/\/www.espigul.com\/fr\/#website","url":"https:\/\/www.espigul.com\/fr\/","name":"Esp\u00edgul","description":"La immobili\u00e0ria l\u00edder de Girona","publisher":{"@id":"https:\/\/www.espigul.com\/fr\/#organization"},"potentialAction":[{"@type":"SearchAction","target":{"@type":"EntryPoint","urlTemplate":"https:\/\/www.espigul.com\/fr\/?s={search_term_string}"},"query-input":{"@type":"PropertyValueSpecification","valueRequired":true,"valueName":"search_term_string"}}],"inLanguage":"fr-FR"},{"@type":"Organization","@id":"https:\/\/www.espigul.com\/fr\/#organization","name":"Esp\u00edgul","url":"https:\/\/www.espigul.com\/fr\/","logo":{"@type":"ImageObject","inLanguage":"fr-FR","@id":"https:\/\/www.espigul.com\/fr\/#\/schema\/logo\/image\/","url":"https:\/\/www.espigul.com\/wp-content\/uploads\/2023\/08\/espigul-block.png","contentUrl":"https:\/\/www.espigul.com\/wp-content\/uploads\/2023\/08\/espigul-block.png","width":384,"height":240,"caption":"Esp\u00edgul"},"image":{"@id":"https:\/\/www.espigul.com\/fr\/#\/schema\/logo\/image\/"},"sameAs":["https:\/\/www.instagram.com\/immoespigul\/","https:\/\/www.youtube.com\/channel\/UCYyD-WWfbCFpCXau4SQOGKQ"]}]}},"uagb_featured_image_src":{"full":false,"thumbnail":false,"medium":false,"medium_large":false,"large":false,"1536x1536":false,"2048x2048":false,"gform-image-choice-sm":false,"gform-image-choice-md":false,"gform-image-choice-lg":false},"uagb_author_info":{"display_name":"Marqueting Espigul","author_link":"https:\/\/www.espigul.com\/fr\/author\/marqueting-espigul\/"},"uagb_comment_info":0,"uagb_excerpt":"APPARTEMENTS VOLPELLERES Vous recherchez la meilleure offre d&rsquo;appartements \u00e0 Volpelleres&nbsp;? Explorez toutes les possibilit\u00e9s gr\u00e2ce \u00e0 notre large portefeuille de propri\u00e9t\u00e9s situ\u00e9es dans ce quartier si distinctif de Sant Cugat del Vall\u00e8s. Des appartements avec toutes les caract\u00e9ristiques que vous recherchez dans votre nouveau logement. Volpelleres est l&rsquo;un des quartiers les plus connus de Sant...","_links":{"self":[{"href":"https:\/\/www.espigul.com\/fr\/wp-json\/wp\/v2\/pages\/129071","targetHints":{"allow":["GET"]}}],"collection":[{"href":"https:\/\/www.espigul.com\/fr\/wp-json\/wp\/v2\/pages"}],"about":[{"href":"https:\/\/www.espigul.com\/fr\/wp-json\/wp\/v2\/types\/page"}],"author":[{"embeddable":true,"href":"https:\/\/www.espigul.com\/fr\/wp-json\/wp\/v2\/users\/3"}],"replies":[{"embeddable":true,"href":"https:\/\/www.espigul.com\/fr\/wp-json\/wp\/v2\/comments?post=129071"}],"version-history":[{"count":2,"href":"https:\/\/www.espigul.com\/fr\/wp-json\/wp\/v2\/pages\/129071\/revisions"}],"predecessor-version":[{"id":335227,"href":"https:\/\/www.espigul.com\/fr\/wp-json\/wp\/v2\/pages\/129071\/revisions\/335227"}],"wp:attachment":[{"href":"https:\/\/www.espigul.com\/fr\/wp-json\/wp\/v2\/media?parent=129071"}],"curies":[{"name":"wp","href":"https:\/\/api.w.org\/{rel}","templated":true}]}}