{"id":19854,"date":"2023-07-03T13:41:46","date_gmt":"2023-07-03T11:41:46","guid":{"rendered":"https:\/\/www.espigul.com\/\/noticias\/"},"modified":"2023-08-30T10:54:21","modified_gmt":"2023-08-30T08:54:21","slug":"noticias","status":"publish","type":"page","link":"https:\/\/www.espigul.com\/es\/noticias\/","title":{"rendered":"Noticias"},"content":{"rendered":"\n<div class=\"wp-block-uagb-container uagb-block-ab1a8f2b alignfull uagb-is-root-container\"><div class=\"uagb-container-inner-blocks-wrap\">\n<div class=\"wp-block-uagb-container uagb-block-eb7e898d\">\n<h1 class=\"wp-block-heading has-text-align-center\">Todo lo que rodea al sector inmobiliario<\/h1>\n<\/div>\n<\/div><\/div>\n\n\n\n<p class=\"has-text-align-center has-medium-font-size\">Aqu\u00ed encontrar\u00e1s toda la informaci\u00f3n y novedades del sector inmobiliario.<br>Un espacio para resolver dudas y consejos para que tu hogar sea m\u00e1s pr\u00e1ctico y sostenible.<\/p>\n\n\n\n<div class=\"wp-block-uagb-container uagb-block-583b7e00 alignfull uagb-is-root-container\"><div class=\"uagb-container-inner-blocks-wrap\">\n<h2 class=\"wp-block-heading has-text-align-center\">Noticias destacadas<\/h2>\n\n\n<div class=\"wp-block-espigul-espigul-grid--featured wp-block-espigul-espigul-grid--grid--2 wp-block-espigul-espigul-grid\">\n\n\t<article class=\"loop post-119168 post type-post status-publish format-standard has-post-thumbnail hentry category-sin-categorizar\" onClick=\"window.location.assign('https:\/\/www.espigul.com\/es\/subrogar-hipoteca-de-otra-persona\/');\">\n\t<div class=\"loop__thumbnail mb-4 cursor-pointer bg-gray-700\">\n\t\t\t\t\t<img loading=\"lazy\" decoding=\"async\" width=\"840\" height=\"472\" src=\"https:\/\/www.espigul.com\/wp-content\/uploads\/2025\/05\/subrogar-hipoteca.jpg\" class=\" wp-post-image\" alt=\"subrogar a la hipoteca\" srcset=\"https:\/\/www.espigul.com\/wp-content\/uploads\/2025\/05\/subrogar-hipoteca.jpg 840w, https:\/\/www.espigul.com\/wp-content\/uploads\/2025\/05\/subrogar-hipoteca-400x225.jpg 400w, https:\/\/www.espigul.com\/wp-content\/uploads\/2025\/05\/subrogar-hipoteca-768x432.jpg 768w\" sizes=\"auto, (max-width: 840px) 100vw, 840px\" \/>\t\t\t<\/div>\n\t<span class=\"loop__date uppercase\">15 de mayo de 2025<\/span>\n\t<h2 class=\"loop__title text-xl\">\n\t\t<a href=\"https:\/\/www.espigul.com\/es\/subrogar-hipoteca-de-otra-persona\/\" title=\"\u00bfMe puedo subrogar a la hipoteca de otra persona?\">\u00bfMe puedo subrogar a la hipoteca de otra persona?<\/a>\n\t<\/h2>\n\t<p>Si est\u00e1s pensando en comprar una vivienda que ya tiene una hipoteca vinculada, puede que te hayas hecho la pregunta: \u00bfme puedo subrogar a la hipoteca de otra persona? La respuesta es que s\u00ed, y este proceso se conoce como subrogaci\u00f3n de hipoteca. Es una operaci\u00f3n legal y regulada que te permite asumir las condiciones&#8230;<\/p>\n<\/article>\n<article class=\"flex gap-4 items-center post-116021 post type-post status-publish format-standard has-post-thumbnail hentry category-sin-categorizar\" onClick=\"window.location.assign('https:\/\/www.espigul.com\/es\/puedo-hipotecar-mi-casa-para-comprar-otra\/');\">\n\t\t\t<img loading=\"lazy\" decoding=\"async\" width=\"400\" height=\"225\" src=\"https:\/\/www.espigul.com\/wp-content\/uploads\/2025\/04\/hipotecar-casa-para-comprar-otra-400x225.jpg\" class=\"mb-4 cursor-pointer w-[220px] wp-post-image\" alt=\"hipotecar una casa para comprar otra\" srcset=\"https:\/\/www.espigul.com\/wp-content\/uploads\/2025\/04\/hipotecar-casa-para-comprar-otra-400x225.jpg 400w, https:\/\/www.espigul.com\/wp-content\/uploads\/2025\/04\/hipotecar-casa-para-comprar-otra-768x432.jpg 768w, https:\/\/www.espigul.com\/wp-content\/uploads\/2025\/04\/hipotecar-casa-para-comprar-otra.jpg 840w\" sizes=\"auto, (max-width: 400px) 100vw, 400px\" \/>\t\t<div>\n\t\t<span class=\"loop__date uppercase\">24 de abril de 2025<\/span>\n\t\t<h2 class=\"loop__title text-xl\">\n\t\t\t<a href=\"https:\/\/www.espigul.com\/es\/puedo-hipotecar-mi-casa-para-comprar-otra\/\" title=\"\u00bfPuedo hipotecar mi casa para comprar otra?\">\u00bfPuedo hipotecar mi casa para comprar otra?<\/a>\n\t\t<\/h2>\n\t<\/div>\n<\/article>\n<article class=\"flex gap-4 items-center post-93130 post type-post status-publish format-standard has-post-thumbnail hentry category-sin-categorizar\" onClick=\"window.location.assign('https:\/\/www.espigul.com\/es\/se-puede-desempadronar-a-alguien-sin-su-consentimiento\/');\">\n\t\t\t<img loading=\"lazy\" decoding=\"async\" width=\"400\" height=\"267\" src=\"https:\/\/www.espigul.com\/wp-content\/uploads\/2024\/11\/se-puede-desempadronar-a-alguien-sin-su-consentimiento-400x267.png\" class=\"mb-4 cursor-pointer w-[220px] wp-post-image\" alt=\"Desempadronar a alguien sin consentimiento, \u00bfse puede hacer?\" srcset=\"https:\/\/www.espigul.com\/wp-content\/uploads\/2024\/11\/se-puede-desempadronar-a-alguien-sin-su-consentimiento-400x267.png 400w, https:\/\/www.espigul.com\/wp-content\/uploads\/2024\/11\/se-puede-desempadronar-a-alguien-sin-su-consentimiento.png 626w\" sizes=\"auto, (max-width: 400px) 100vw, 400px\" \/>\t\t<div>\n\t\t<span class=\"loop__date uppercase\">28 de noviembre de 2024<\/span>\n\t\t<h2 class=\"loop__title text-xl\">\n\t\t\t<a href=\"https:\/\/www.espigul.com\/es\/se-puede-desempadronar-a-alguien-sin-su-consentimiento\/\" title=\"\u00bfSe puede desempadronar a alguien sin su consentimiento?\">\u00bfSe puede desempadronar a alguien sin su consentimiento?<\/a>\n\t\t<\/h2>\n\t<\/div>\n<\/article>\n<\/div>\n<\/div><\/div>\n\n\n\n<div class=\"wp-block-uagb-container uagb-block-4c0c9928 alignfull uagb-is-root-container\"><div class=\"uagb-container-inner-blocks-wrap\">\n<h2 class=\"wp-block-heading\">\u00daltimas noticias<\/h2>\n\n\n<div class=\"wp-block-espigul-espigul-grid--grid wp-block-espigul-espigul-grid--grid--3 wp-block-espigul-espigul-grid\">\n\n\t<article class=\"loop post-385111 post type-post status-publish format-standard has-post-thumbnail hentry category-sin-categorizar\" onClick=\"window.location.assign('https:\/\/www.espigul.com\/es\/diferencia-entre-un-piso-y-un-apartamento\/');\">\n\t<div class=\"loop__thumbnail mb-4 cursor-pointer bg-gray-700\">\n\t\t\t\t\t<img loading=\"lazy\" decoding=\"async\" width=\"840\" height=\"472\" src=\"https:\/\/www.espigul.com\/wp-content\/uploads\/2026\/04\/diferencia-piso-apartamento.jpg\" class=\" wp-post-image\" alt=\"Diferencia entre un piso y un apartamento\" srcset=\"https:\/\/www.espigul.com\/wp-content\/uploads\/2026\/04\/diferencia-piso-apartamento.jpg 840w, https:\/\/www.espigul.com\/wp-content\/uploads\/2026\/04\/diferencia-piso-apartamento-400x225.jpg 400w, https:\/\/www.espigul.com\/wp-content\/uploads\/2026\/04\/diferencia-piso-apartamento-768x432.jpg 768w\" sizes=\"auto, (max-width: 840px) 100vw, 840px\" \/>\t\t\t<\/div>\n\t<span class=\"loop__date uppercase\">2 de abril de 2026<\/span>\n\t<h2 class=\"loop__title text-xl\">\n\t\t<a href=\"https:\/\/www.espigul.com\/es\/diferencia-entre-un-piso-y-un-apartamento\/\" title=\"Diferencia entre un piso y un apartamento\">Diferencia entre un piso y un apartamento<\/a>\n\t<\/h2>\n\t<p>A la hora de buscar vivienda, es muy habitual encontrarse con conceptos que parecen sin\u00f3nimos pero que, en realidad, pueden tener matices importantes. Una de las dudas m\u00e1s frecuentes es la diferencia entre piso y apartamento. Aunque en muchos casos se utilizan como equivalentes, lo cierto es que existen diferencias vinculadas al uso, la ubicaci\u00f3n&#8230;<\/p>\n<\/article>\n<article class=\"loop post-87150 post type-post status-publish format-standard has-post-thumbnail hentry category-sin-categorizar\" onClick=\"window.location.assign('https:\/\/www.espigul.com\/es\/que-tener-en-cuenta-al-comprar-una-casa\/');\">\n\t<div class=\"loop__thumbnail mb-4 cursor-pointer bg-gray-700\">\n\t\t\t\t\t<img loading=\"lazy\" decoding=\"async\" width=\"840\" height=\"472\" src=\"https:\/\/www.espigul.com\/wp-content\/uploads\/2024\/10\/que-tener-en-cuenta-al-comprar-una-casa.jpg\" class=\" wp-post-image\" alt=\"que tener en cuenta al comprar una casa\" srcset=\"https:\/\/www.espigul.com\/wp-content\/uploads\/2024\/10\/que-tener-en-cuenta-al-comprar-una-casa.jpg 840w, https:\/\/www.espigul.com\/wp-content\/uploads\/2024\/10\/que-tener-en-cuenta-al-comprar-una-casa-400x225.jpg 400w, https:\/\/www.espigul.com\/wp-content\/uploads\/2024\/10\/que-tener-en-cuenta-al-comprar-una-casa-768x432.jpg 768w\" sizes=\"auto, (max-width: 840px) 100vw, 840px\" \/>\t\t\t<\/div>\n\t<span class=\"loop__date uppercase\">26 de marzo de 2026<\/span>\n\t<h2 class=\"loop__title text-xl\">\n\t\t<a href=\"https:\/\/www.espigul.com\/es\/que-tener-en-cuenta-al-comprar-una-casa\/\" title=\"\u00bfQu\u00e9 tener en cuenta al comprar una casa?\">\u00bfQu\u00e9 tener en cuenta al comprar una casa?<\/a>\n\t<\/h2>\n\t<p>Comprar una vivienda sigue siendo una de las decisiones m\u00e1s importantes a nivel personal y financiero. Sin embargo, el contexto actual del mercado inmobiliario hace que sea a\u00fan m\u00e1s importante analizar bien cada paso antes de tomar una decisi\u00f3n. Si te est\u00e1s preguntando qu\u00e9 tener en cuenta al comprar una casa, es clave revisar desde&#8230;<\/p>\n<\/article>\n<article class=\"loop post-377345 post type-post status-publish format-standard has-post-thumbnail hentry category-sin-categorizar\" onClick=\"window.location.assign('https:\/\/www.espigul.com\/es\/hipotecas-verdes-que-son-y-requisitos\/');\">\n\t<div class=\"loop__thumbnail mb-4 cursor-pointer bg-gray-700\">\n\t\t\t\t\t<img loading=\"lazy\" decoding=\"async\" width=\"840\" height=\"472\" src=\"https:\/\/www.espigul.com\/wp-content\/uploads\/2026\/03\/hipotecas-verdes.jpg\" class=\" wp-post-image\" alt=\"Hipotecas verdes\" srcset=\"https:\/\/www.espigul.com\/wp-content\/uploads\/2026\/03\/hipotecas-verdes.jpg 840w, https:\/\/www.espigul.com\/wp-content\/uploads\/2026\/03\/hipotecas-verdes-400x225.jpg 400w, https:\/\/www.espigul.com\/wp-content\/uploads\/2026\/03\/hipotecas-verdes-768x432.jpg 768w\" sizes=\"auto, (max-width: 840px) 100vw, 840px\" \/>\t\t\t<\/div>\n\t<span class=\"loop__date uppercase\">19 de marzo de 2026<\/span>\n\t<h2 class=\"loop__title text-xl\">\n\t\t<a href=\"https:\/\/www.espigul.com\/es\/hipotecas-verdes-que-son-y-requisitos\/\" title=\"Hipotecas verdes: qu\u00e9 son y qu\u00e9 requisitos exigen\">Hipotecas verdes: qu\u00e9 son y qu\u00e9 requisitos exigen<\/a>\n\t<\/h2>\n\t<p>En un contexto donde la sostenibilidad gana peso dentro del sector inmobiliario, las hipotecas verdes se han posicionado como una opci\u00f3n interesante para quienes quieren comprar una vivienda m\u00e1s eficiente energ\u00e9ticamente. Pero, \u00bfrealmente sabes en qu\u00e9 consisten y si pueden convenirte? A continuaci\u00f3n, te explicamos de forma clara qu\u00e9 es una hipoteca verde, qu\u00e9 requisitos&#8230;<\/p>\n<\/article>\n<article class=\"loop post-372119 post type-post status-publish format-standard has-post-thumbnail hentry category-sin-categorizar\" onClick=\"window.location.assign('https:\/\/www.espigul.com\/es\/que-es-nuda-propiedad\/');\">\n\t<div class=\"loop__thumbnail mb-4 cursor-pointer bg-gray-700\">\n\t\t\t\t\t<img loading=\"lazy\" decoding=\"async\" width=\"840\" height=\"472\" src=\"https:\/\/www.espigul.com\/wp-content\/uploads\/2026\/03\/que-es-nuda-propiedad.jpg\" class=\" wp-post-image\" alt=\"que es la nuda propiedad\" srcset=\"https:\/\/www.espigul.com\/wp-content\/uploads\/2026\/03\/que-es-nuda-propiedad.jpg 840w, https:\/\/www.espigul.com\/wp-content\/uploads\/2026\/03\/que-es-nuda-propiedad-400x225.jpg 400w, https:\/\/www.espigul.com\/wp-content\/uploads\/2026\/03\/que-es-nuda-propiedad-768x432.jpg 768w\" sizes=\"auto, (max-width: 840px) 100vw, 840px\" \/>\t\t\t<\/div>\n\t<span class=\"loop__date uppercase\">12 de marzo de 2026<\/span>\n\t<h2 class=\"loop__title text-xl\">\n\t\t<a href=\"https:\/\/www.espigul.com\/es\/que-es-nuda-propiedad\/\" title=\"\u00bfQu\u00e9 es la nuda propiedad?\">\u00bfQu\u00e9 es la nuda propiedad?<\/a>\n\t<\/h2>\n\t<p>En el sector inmobiliario existen conceptos jur\u00eddicos que pueden generar dudas si no se est\u00e1 familiarizado con el funcionamiento del mercado de la vivienda. Uno de los m\u00e1s habituales es la nuda propiedad, una f\u00f3rmula que aparece con frecuencia en operaciones de compraventa, planificaciones patrimoniales o en herencias. Cuando se habla de nuda propiedad, se&#8230;<\/p>\n<\/article>\n<article class=\"loop post-369460 post type-post status-publish format-standard has-post-thumbnail hentry category-sin-categorizar\" onClick=\"window.location.assign('https:\/\/www.espigul.com\/es\/que-es-la-fein-de-una-hipoteca\/');\">\n\t<div class=\"loop__thumbnail mb-4 cursor-pointer bg-gray-700\">\n\t\t\t\t\t<img loading=\"lazy\" decoding=\"async\" width=\"840\" height=\"472\" src=\"https:\/\/www.espigul.com\/wp-content\/uploads\/2026\/03\/que-es-la-fein-de-una-hipoteca.jpg\" class=\" wp-post-image\" alt=\"FEIN de una hipoteca\" srcset=\"https:\/\/www.espigul.com\/wp-content\/uploads\/2026\/03\/que-es-la-fein-de-una-hipoteca.jpg 840w, https:\/\/www.espigul.com\/wp-content\/uploads\/2026\/03\/que-es-la-fein-de-una-hipoteca-400x225.jpg 400w, https:\/\/www.espigul.com\/wp-content\/uploads\/2026\/03\/que-es-la-fein-de-una-hipoteca-768x432.jpg 768w\" sizes=\"auto, (max-width: 840px) 100vw, 840px\" \/>\t\t\t<\/div>\n\t<span class=\"loop__date uppercase\">5 de marzo de 2026<\/span>\n\t<h2 class=\"loop__title text-xl\">\n\t\t<a href=\"https:\/\/www.espigul.com\/es\/que-es-la-fein-de-una-hipoteca\/\" title=\"\u00bfQu\u00e9 es la FEIN de una hipoteca?\">\u00bfQu\u00e9 es la FEIN de una hipoteca?<\/a>\n\t<\/h2>\n\t<p>Cuando se decide comprar una vivienda con financiaci\u00f3n bancaria, aparecen diversos documentos durante el proceso hipotecario. Uno de los m\u00e1s importantes es la FEIN de una hipoteca, un documento clave que el banco debe facilitar antes de la firma del pr\u00e9stamo. Entender qu\u00e9 es la FEIN de una hipoteca es primordial para conocer en detalle&#8230;<\/p>\n<\/article>\n<article class=\"loop post-360937 post type-post status-publish format-standard has-post-thumbnail hentry category-sin-categorizar\" onClick=\"window.location.assign('https:\/\/www.espigul.com\/es\/indice-de-garantia-de-competitividad-en-la-practica\/');\">\n\t<div class=\"loop__thumbnail mb-4 cursor-pointer bg-gray-700\">\n\t\t\t\t\t<img loading=\"lazy\" decoding=\"async\" width=\"840\" height=\"472\" src=\"https:\/\/www.espigul.com\/wp-content\/uploads\/2026\/02\/indice-garantia-competitividad-aplicacion.png\" class=\" wp-post-image\" alt=\"\u00cdndice de Garant\u00eda de Competitividad\" srcset=\"https:\/\/www.espigul.com\/wp-content\/uploads\/2026\/02\/indice-garantia-competitividad-aplicacion.png 840w, https:\/\/www.espigul.com\/wp-content\/uploads\/2026\/02\/indice-garantia-competitividad-aplicacion-400x225.png 400w, https:\/\/www.espigul.com\/wp-content\/uploads\/2026\/02\/indice-garantia-competitividad-aplicacion-768x432.png 768w\" sizes=\"auto, (max-width: 840px) 100vw, 840px\" \/>\t\t\t<\/div>\n\t<span class=\"loop__date uppercase\">26 de febrero de 2026<\/span>\n\t<h2 class=\"loop__title text-xl\">\n\t\t<a href=\"https:\/\/www.espigul.com\/es\/indice-de-garantia-de-competitividad-en-la-practica\/\" title=\"\u00bfC\u00f3mo se aplica el \u00cdndice de Garant\u00eda de Competitividad en la pr\u00e1ctica?\">\u00bfC\u00f3mo se aplica el \u00cdndice de Garant\u00eda de Competitividad en la pr\u00e1ctica?<\/a>\n\t<\/h2>\n\t<p>Cuando firmas una hipoteca, revisas un contrato de alquiler o analizas las condiciones econ\u00f3micas de una operaci\u00f3n inmobiliaria, puede aparecer un concepto que genera dudas: el \u00cdndice de Garant\u00eda de Competitividad. Aunque no es tan popular como el Eur\u00edbor, es un indicador que cada vez se tiene m\u00e1s en cuenta en determinadas actualizaciones econ\u00f3micas. En&#8230;<\/p>\n<\/article>\n<\/div>\n\n\n\n<div class=\"wp-block-uagb-buttons uagb-buttons__outer-wrap uagb-btn__default-btn uagb-btn-tablet__default-btn uagb-btn-mobile__default-btn uagb-block-7c6d8e62\"><div class=\"uagb-buttons__wrap uagb-buttons-layout-wrap\">\n<div class=\"wp-block-uagb-buttons-child uagb-buttons__outer-wrap uagb-block-ee97c532 wp-block-button\"><div class=\"uagb-button__wrapper\"><a class=\"uagb-buttons-repeater wp-block-button__link\" href=\"https:\/\/www.espigul.com\/es\/blog\/\" onclick=\"return true;\" rel=\"follow noopener\" target=\"_self\"><div class=\"uagb-button__link\">TODAS LAS NOTICIAS<\/div><span class=\"uagb-button__icon uagb-button__icon-position-after\"><svg xmlns=\"https:\/\/www.w3.org\/2000\/svg\" viewBox=\"0 0 256 512\"><path d=\"M64 448c-8.188 0-16.38-3.125-22.62-9.375c-12.5-12.5-12.5-32.75 0-45.25L178.8 256L41.38 118.6c-12.5-12.5-12.5-32.75 0-45.25s32.75-12.5 45.25 0l160 160c12.5 12.5 12.5 32.75 0 45.25l-160 160C80.38 444.9 72.19 448 64 448z\"><\/path><\/svg><\/span><\/a><\/div><\/div>\n<\/div><\/div>\n<\/div><\/div>\n","protected":false},"excerpt":{"rendered":"<p>Todo lo que rodea al sector inmobiliario Aqu\u00ed encontrar\u00e1s toda la informaci\u00f3n y novedades del sector inmobiliario.Un espacio para resolver dudas y consejos para que tu hogar sea m\u00e1s pr\u00e1ctico y sostenible. Noticias destacadas \u00daltimas noticias<\/p>\n","protected":false},"author":1,"featured_media":0,"parent":0,"menu_order":0,"comment_status":"closed","ping_status":"closed","template":"","meta":{"_acf_changed":false,"_uag_custom_page_level_css":"","footnotes":""},"class_list":["post-19854","page","type-page","status-publish","hentry"],"acf":[],"yoast_head":"<!-- This site is optimized with the Yoast SEO plugin v27.3 - https:\/\/yoast.com\/product\/yoast-seo-wordpress\/ -->\n<title>Noticias - Esp\u00edgul<\/title>\n<meta name=\"robots\" content=\"index, follow, max-snippet:-1, max-image-preview:large, max-video-preview:-1\" \/>\n<link rel=\"canonical\" href=\"https:\/\/www.espigul.com\/es\/noticias\/\" \/>\n<meta property=\"og:locale\" content=\"es_ES\" \/>\n<meta property=\"og:type\" content=\"article\" \/>\n<meta property=\"og:title\" content=\"Noticias - Esp\u00edgul\" \/>\n<meta property=\"og:description\" content=\"Todo lo que rodea al sector inmobiliario Aqu\u00ed encontrar\u00e1s toda la informaci\u00f3n y novedades del sector inmobiliario.Un espacio para resolver dudas y consejos para que tu hogar sea m\u00e1s pr\u00e1ctico y sostenible. Noticias destacadas \u00daltimas noticias\" \/>\n<meta property=\"og:url\" content=\"https:\/\/www.espigul.com\/es\/noticias\/\" \/>\n<meta property=\"og:site_name\" content=\"Esp\u00edgul\" \/>\n<meta property=\"article:modified_time\" content=\"2023-08-30T08:54:21+00:00\" \/>\n<meta name=\"twitter:card\" content=\"summary_large_image\" \/>\n<meta name=\"twitter:label1\" content=\"Tiempo de lectura\" \/>\n\t<meta name=\"twitter:data1\" content=\"1 minuto\" \/>\n<script type=\"application\/ld+json\" class=\"yoast-schema-graph\">{\"@context\":\"https:\\\/\\\/schema.org\",\"@graph\":[{\"@type\":\"WebPage\",\"@id\":\"https:\\\/\\\/www.espigul.com\\\/es\\\/noticias\\\/\",\"url\":\"https:\\\/\\\/www.espigul.com\\\/es\\\/noticias\\\/\",\"name\":\"Noticias - Esp\u00edgul\",\"isPartOf\":{\"@id\":\"https:\\\/\\\/www.espigul.com\\\/es\\\/#website\"},\"datePublished\":\"2023-07-03T11:41:46+00:00\",\"dateModified\":\"2023-08-30T08:54:21+00:00\",\"breadcrumb\":{\"@id\":\"https:\\\/\\\/www.espigul.com\\\/es\\\/noticias\\\/#breadcrumb\"},\"inLanguage\":\"es\",\"potentialAction\":[{\"@type\":\"ReadAction\",\"target\":[\"https:\\\/\\\/www.espigul.com\\\/es\\\/noticias\\\/\"]}]},{\"@type\":\"BreadcrumbList\",\"@id\":\"https:\\\/\\\/www.espigul.com\\\/es\\\/noticias\\\/#breadcrumb\",\"itemListElement\":[{\"@type\":\"ListItem\",\"position\":1,\"name\":\"Portada\",\"item\":\"https:\\\/\\\/www.espigul.com\\\/es\\\/\"},{\"@type\":\"ListItem\",\"position\":2,\"name\":\"Noticias\"}]},{\"@type\":\"WebSite\",\"@id\":\"https:\\\/\\\/www.espigul.com\\\/es\\\/#website\",\"url\":\"https:\\\/\\\/www.espigul.com\\\/es\\\/\",\"name\":\"Esp\u00edgul\",\"description\":\"La immobili\u00e0ria l\u00edder de Girona\",\"publisher\":{\"@id\":\"https:\\\/\\\/www.espigul.com\\\/es\\\/#organization\"},\"potentialAction\":[{\"@type\":\"SearchAction\",\"target\":{\"@type\":\"EntryPoint\",\"urlTemplate\":\"https:\\\/\\\/www.espigul.com\\\/es\\\/?s={search_term_string}\"},\"query-input\":{\"@type\":\"PropertyValueSpecification\",\"valueRequired\":true,\"valueName\":\"search_term_string\"}}],\"inLanguage\":\"es\"},{\"@type\":\"Organization\",\"@id\":\"https:\\\/\\\/www.espigul.com\\\/es\\\/#organization\",\"name\":\"Esp\u00edgul\",\"url\":\"https:\\\/\\\/www.espigul.com\\\/es\\\/\",\"logo\":{\"@type\":\"ImageObject\",\"inLanguage\":\"es\",\"@id\":\"https:\\\/\\\/www.espigul.com\\\/es\\\/#\\\/schema\\\/logo\\\/image\\\/\",\"url\":\"https:\\\/\\\/www.espigul.com\\\/wp-content\\\/uploads\\\/2023\\\/08\\\/espigul-block.png\",\"contentUrl\":\"https:\\\/\\\/www.espigul.com\\\/wp-content\\\/uploads\\\/2023\\\/08\\\/espigul-block.png\",\"width\":384,\"height\":240,\"caption\":\"Esp\u00edgul\"},\"image\":{\"@id\":\"https:\\\/\\\/www.espigul.com\\\/es\\\/#\\\/schema\\\/logo\\\/image\\\/\"},\"sameAs\":[\"https:\\\/\\\/www.instagram.com\\\/immoespigul\\\/\",\"https:\\\/\\\/www.youtube.com\\\/channel\\\/UCYyD-WWfbCFpCXau4SQOGKQ\"]}]}<\/script>\n<!-- \/ Yoast SEO plugin. -->","yoast_head_json":{"title":"Noticias - Esp\u00edgul","robots":{"index":"index","follow":"follow","max-snippet":"max-snippet:-1","max-image-preview":"max-image-preview:large","max-video-preview":"max-video-preview:-1"},"canonical":"https:\/\/www.espigul.com\/es\/noticias\/","og_locale":"es_ES","og_type":"article","og_title":"Noticias - Esp\u00edgul","og_description":"Todo lo que rodea al sector inmobiliario Aqu\u00ed encontrar\u00e1s toda la informaci\u00f3n y novedades del sector inmobiliario.Un espacio para resolver dudas y consejos para que tu hogar sea m\u00e1s pr\u00e1ctico y sostenible. Noticias destacadas \u00daltimas noticias","og_url":"https:\/\/www.espigul.com\/es\/noticias\/","og_site_name":"Esp\u00edgul","article_modified_time":"2023-08-30T08:54:21+00:00","twitter_card":"summary_large_image","twitter_misc":{"Tiempo de lectura":"1 minuto"},"schema":{"@context":"https:\/\/schema.org","@graph":[{"@type":"WebPage","@id":"https:\/\/www.espigul.com\/es\/noticias\/","url":"https:\/\/www.espigul.com\/es\/noticias\/","name":"Noticias - Esp\u00edgul","isPartOf":{"@id":"https:\/\/www.espigul.com\/es\/#website"},"datePublished":"2023-07-03T11:41:46+00:00","dateModified":"2023-08-30T08:54:21+00:00","breadcrumb":{"@id":"https:\/\/www.espigul.com\/es\/noticias\/#breadcrumb"},"inLanguage":"es","potentialAction":[{"@type":"ReadAction","target":["https:\/\/www.espigul.com\/es\/noticias\/"]}]},{"@type":"BreadcrumbList","@id":"https:\/\/www.espigul.com\/es\/noticias\/#breadcrumb","itemListElement":[{"@type":"ListItem","position":1,"name":"Portada","item":"https:\/\/www.espigul.com\/es\/"},{"@type":"ListItem","position":2,"name":"Noticias"}]},{"@type":"WebSite","@id":"https:\/\/www.espigul.com\/es\/#website","url":"https:\/\/www.espigul.com\/es\/","name":"Esp\u00edgul","description":"La immobili\u00e0ria l\u00edder de Girona","publisher":{"@id":"https:\/\/www.espigul.com\/es\/#organization"},"potentialAction":[{"@type":"SearchAction","target":{"@type":"EntryPoint","urlTemplate":"https:\/\/www.espigul.com\/es\/?s={search_term_string}"},"query-input":{"@type":"PropertyValueSpecification","valueRequired":true,"valueName":"search_term_string"}}],"inLanguage":"es"},{"@type":"Organization","@id":"https:\/\/www.espigul.com\/es\/#organization","name":"Esp\u00edgul","url":"https:\/\/www.espigul.com\/es\/","logo":{"@type":"ImageObject","inLanguage":"es","@id":"https:\/\/www.espigul.com\/es\/#\/schema\/logo\/image\/","url":"https:\/\/www.espigul.com\/wp-content\/uploads\/2023\/08\/espigul-block.png","contentUrl":"https:\/\/www.espigul.com\/wp-content\/uploads\/2023\/08\/espigul-block.png","width":384,"height":240,"caption":"Esp\u00edgul"},"image":{"@id":"https:\/\/www.espigul.com\/es\/#\/schema\/logo\/image\/"},"sameAs":["https:\/\/www.instagram.com\/immoespigul\/","https:\/\/www.youtube.com\/channel\/UCYyD-WWfbCFpCXau4SQOGKQ"]}]}},"uagb_featured_image_src":{"full":false,"thumbnail":false,"medium":false,"medium_large":false,"large":false,"1536x1536":false,"2048x2048":false,"gform-image-choice-sm":false,"gform-image-choice-md":false,"gform-image-choice-lg":false},"uagb_author_info":{"display_name":"Pol","author_link":"https:\/\/www.espigul.com\/es\/author\/pol\/"},"uagb_comment_info":0,"uagb_excerpt":"Todo lo que rodea al sector inmobiliario Aqu\u00ed encontrar\u00e1s toda la informaci\u00f3n y novedades del sector inmobiliario.Un espacio para resolver dudas y consejos para que tu hogar sea m\u00e1s pr\u00e1ctico y sostenible. Noticias destacadas \u00daltimas noticias","_links":{"self":[{"href":"https:\/\/www.espigul.com\/es\/wp-json\/wp\/v2\/pages\/19854","targetHints":{"allow":["GET"]}}],"collection":[{"href":"https:\/\/www.espigul.com\/es\/wp-json\/wp\/v2\/pages"}],"about":[{"href":"https:\/\/www.espigul.com\/es\/wp-json\/wp\/v2\/types\/page"}],"author":[{"embeddable":true,"href":"https:\/\/www.espigul.com\/es\/wp-json\/wp\/v2\/users\/1"}],"replies":[{"embeddable":true,"href":"https:\/\/www.espigul.com\/es\/wp-json\/wp\/v2\/comments?post=19854"}],"version-history":[{"count":5,"href":"https:\/\/www.espigul.com\/es\/wp-json\/wp\/v2\/pages\/19854\/revisions"}],"predecessor-version":[{"id":22504,"href":"https:\/\/www.espigul.com\/es\/wp-json\/wp\/v2\/pages\/19854\/revisions\/22504"}],"wp:attachment":[{"href":"https:\/\/www.espigul.com\/es\/wp-json\/wp\/v2\/media?parent=19854"}],"curies":[{"name":"wp","href":"https:\/\/api.w.org\/{rel}","templated":true}]}}