{"id":55064,"date":"2024-06-07T09:27:14","date_gmt":"2024-06-07T07:27:14","guid":{"rendered":"https:\/\/www.espigul.com\/?page_id=55064"},"modified":"2026-04-14T13:29:06","modified_gmt":"2026-04-14T11:29:06","slug":"houses-palafrugell","status":"publish","type":"page","link":"https:\/\/www.espigul.com\/en\/houses-palafrugell\/","title":{"rendered":"Homes in Palafrugell"},"content":{"rendered":"\n<div class=\"wp-block-uagb-container uagb-block-26595532 alignfull uagb-is-root-container\"><div class=\"uagb-container-inner-blocks-wrap\">\n<h1 class=\"wp-block-heading has-text-align-center has-white-color has-text-color has-link-color wp-elements-376f61b7c73edab8eaacdf84ee3092a5\">PALAFRUGELL HOMES<\/h1>\n<\/div><\/div>\n\n<div class=\"wp-block-uagb-container uagb-block-0bd962e7 alignwide uagb-is-root-container\">\n<div class=\"wp-block-uagb-container uagb-block-da137785\">\n<p class=\"has-text-align-center has-medium-font-size\">Are you looking for a property in a natural and picturesque setting on the Costa Brava?<\/p>\n\n\n\n<p class=\"has-text-align-center has-medium-font-size\">At Esp\u00edgul, we help you find the <strong>homes in Palafrugell<\/strong> of your dreams. Explore the real estate opportunities our advisors have to offer you. <\/p>\n<\/div>\n\n\n\n<div class=\"wp-block-uagb-container uagb-block-e10f2f60 alignfull uagb-is-root-container\"><div class=\"uagb-container-inner-blocks-wrap\">\n<div class=\"wp-block-uagb-advanced-heading uagb-block-532832d4\"><h2 class=\"uagb-heading-text\">Featured Homes in Palafrugell<\/h2><\/div>\n\n\n<div class=\"espigul-slider wp-block-espigul-espigul-slider\">\n\t<div id=\"carousel-843834\" class=\"splide\">\n\t\t<div class=\"splide__track\">\n\t\t\t<ul class=\"splide__list\">\n\t\t\t\t\t\t<\/ul>\n\t\t<\/div>\n\t<\/div>\n<\/div>\n<script>\n\tdocument.addEventListener( 'DOMContentLoaded', function() {\n\t\tvar main = new Splide( '#carousel-843834', {\n\t\t\tfixedWidth: '70vw',\n\t\t\tgap: '2rem',\n\t\t\tpagination: false,\n\t\t\tarrows: false,\n\t\t\tpadding: '1rem',\n\t\t\tmediaQuery: 'min',\n\t\t\tbreakpoints: {\n\t\t\t\t720: {\n\t\t\t\t\tfixedWidth: null,\n\t\t\t\t\tperPage: 3,\n\t\t\t\t\tarrows: true,\n\t\t\t\t},\n\t\t}\n\t\t} );\n\t\tmain.mount();\n\t} );\n<\/script>\n<\/div><\/div>\n<\/div>\n\n<div class=\"wp-block-uagb-container bg-bezier-50 uagb-block-168a8574 alignfull uagb-is-root-container\"><div class=\"uagb-container-inner-blocks-wrap\">\n<div class=\"wp-block-uagb-container uagb-block-e8291b2b\">\n<div class=\"wp-block-group is-layout-constrained wp-container-core-group-is-layout-93ab80c1 wp-block-group-is-layout-constrained\" style=\"padding-top:0;padding-right:var(--wp--preset--spacing--80);padding-bottom:0;padding-left:0\">\n<h2 class=\"wp-block-heading has-white-color has-text-color\">Buy a Home in Palafrugell<\/h2>\n\n\n\n<p class=\"has-white-color has-text-color\">Buying a home in Palafrugell is an ideal option for those who wish to enjoy a tranquil environment, surrounded by beautiful beaches and coves such as Calella de Palafrugell, Llafranc, and Tamariu. Its privileged location in the Baix Empord\u00e0 region, combined with a rich cultural and gastronomic offering, makes Palafrugell a very attractive place to live. <\/p>\n\n\n\n<p>At Esp\u00edgul, we help you find the best homes for sale in Palafrugell, from modern new constructions to charming traditional estates. Properties with exclusive features such as gardens, private pools, and homes equipped with the latest real estate market technologies. <\/p>\n<\/div>\n<\/div>\n\n\n\n<div class=\"wp-block-uagb-container uagb-block-fb5049af\"><\/div>\n<\/div><\/div>\n\n<div class=\"wp-block-uagb-container uagb-block-78b151fc alignwide uagb-is-root-container\">\n<div class=\"wp-block-uagb-container uagb-block-5d7aa9aa\">\n<div class=\"wp-block-columns is-layout-flex wp-container-core-columns-is-layout-28f84493 wp-block-columns-is-layout-flex\">\n<div class=\"wp-block-column is-layout-flow wp-block-column-is-layout-flow\">\n<figure class=\"wp-block-image aligncenter size-full is-resized\"><img loading=\"lazy\" decoding=\"async\" width=\"888\" height=\"220\" src=\"https:\/\/www.espigul.com\/wp-content\/uploads\/2025\/12\/ESPIGUL_Logo-Black.png\" alt=\"\" class=\"wp-image-313022\" style=\"aspect-ratio:4.036514522821577;width:218px;height:auto\" srcset=\"https:\/\/www.espigul.com\/wp-content\/uploads\/2025\/12\/ESPIGUL_Logo-Black.png 888w, https:\/\/www.espigul.com\/wp-content\/uploads\/2025\/12\/ESPIGUL_Logo-Black-400x99.png 400w, https:\/\/www.espigul.com\/wp-content\/uploads\/2025\/12\/ESPIGUL_Logo-Black-768x190.png 768w\" sizes=\"auto, (max-width: 888px) 100vw, 888px\" \/><\/figure>\n\n\n\n<p class=\"has-text-align-center has-medium-font-size\" style=\"margin-top:var(--wp--preset--spacing--50)\">If you are looking for an opportunity to create your custom home, <strong>homes for renovation in Palafrugell<\/strong> can be an excellent option. At Esp\u00edgul, we help you find a selection of properties that need renovation, offering you the possibility to design the home of your dreams your way. <\/p>\n\n\n\n<p class=\"has-text-align-center has-medium-font-size\">Our real estate advisors will accompany you through every step of the process, offering advice on the best renovation and refurbishment options.<\/p>\n<\/div>\n<\/div>\n<\/div>\n<\/div>\n\n<div class=\"wp-block-uagb-container bg-bezier-50--right uagb-block-58fb33fb alignfull uagb-is-root-container\"><div class=\"uagb-container-inner-blocks-wrap\">\n<div class=\"wp-block-uagb-container uagb-block-4889659d alignfull uagb-is-root-container\"><div class=\"uagb-container-inner-blocks-wrap\"><\/div><\/div>\n\n\n\n<div class=\"wp-block-uagb-container uagb-block-68e4dbd5\">\n<div class=\"wp-block-group is-layout-constrained wp-container-core-group-is-layout-76b72ade wp-block-group-is-layout-constrained\" style=\"padding-top:0;padding-right:0;padding-bottom:0;padding-left:0\">\n<h2 class=\"wp-block-heading has-white-color has-text-color\">Home Rentals in Palafrugell<\/h2>\n\n\n\n<p>If you are looking for <strong>home rentals in Palafrugell<\/strong>, we also have a wide real estate portfolio with homes for rent that feature all amenities. From family homes to modern apartments with sea views, you will find the ideal place to start a new chapter filled with tranquility and well-being. <\/p>\n<\/div>\n<\/div>\n<\/div><\/div>\n\n<div class=\"wp-block-uagb-container uagb-block-2c710113 alignfull uagb-is-root-container\"><div class=\"uagb-container-inner-blocks-wrap\">\n<div class=\"wp-block-uagb-container uagb-block-d85a0760\">\n<div class=\"wp-block-columns is-layout-flex wp-container-core-columns-is-layout-28f84493 wp-block-columns-is-layout-flex\">\n<div class=\"wp-block-column is-layout-flow wp-block-column-is-layout-flow\"><\/div>\n\n\n\n<div class=\"wp-block-column is-layout-flow wp-block-column-is-layout-flow\">\n<figure class=\"wp-block-image aligncenter size-large is-resized\"><img loading=\"lazy\" decoding=\"async\" width=\"36\" height=\"35\" src=\"https:\/\/www.espigul.com\/wp-content\/uploads\/2023\/06\/fiabilitat.svg\" alt=\"\" class=\"wp-image-12618\" style=\"width:57px;height:auto\"\/><\/figure>\n<\/div>\n\n\n\n<div class=\"wp-block-column is-layout-flow wp-block-column-is-layout-flow\"><\/div>\n<\/div>\n\n\n\n<p class=\"has-text-align-center has-medium-font-size\"><strong>Renting a home in Palafrugell<\/strong> will allow you to enjoy everything this location has to offer, without the need for a high initial investment.<\/p>\n\n\n\n<p class=\"has-text-align-center has-medium-font-size\">With our help, you can find the perfect home, tailored to your needs and preferences. Seize the opportunity to live in a privileged environment with a welcoming community and all services at your fingertips. <\/p>\n<\/div>\n<\/div><\/div>\n\n<div class=\"wp-block-uagb-container uagb-block-4e4202a9 alignfull uagb-is-root-container\"><div class=\"uagb-container-inner-blocks-wrap\">\n<div class=\"wp-block-uagb-container uagb-block-d6dfd534\">\n<div class=\"wp-block-uagb-advanced-heading uagb-block-2655cb54\"><h2 class=\"uagb-heading-text\">Real Estate in Palafrugell<\/h2><\/div>\n\n\n\n<p style=\"margin-top:0;margin-bottom:0;padding-top:0;padding-bottom:0\">At Esp\u00edgul, we possess extensive knowledge of the real estate market in Palafrugell and the Baix Empord\u00e0 region. Our real estate advisors are thoroughly familiar with the area and are ready to help you find your ideal home, whether for purchase or rent. <\/p>\n\n\n\n<p style=\"margin-top:0;margin-bottom:0;padding-top:0;padding-bottom:0\">Contact our team today and let us help you find your perfect home in Palafrugell.<\/p>\n<\/div>\n\n\n\n<div class=\"wp-block-uagb-container uagb-block-0dca6873\">\n<figure class=\"wp-block-image size-full\"><img loading=\"lazy\" decoding=\"async\" width=\"2560\" height=\"1707\" src=\"https:\/\/www.espigul.com\/wp-content\/uploads\/2024\/02\/DSC01025-1-scaled.jpg\" alt=\"\" class=\"wp-image-42770\" srcset=\"https:\/\/www.espigul.com\/wp-content\/uploads\/2024\/02\/DSC01025-1-scaled.jpg 2560w, https:\/\/www.espigul.com\/wp-content\/uploads\/2024\/02\/DSC01025-1-400x267.jpg 400w, https:\/\/www.espigul.com\/wp-content\/uploads\/2024\/02\/DSC01025-1-1300x867.jpg 1300w, https:\/\/www.espigul.com\/wp-content\/uploads\/2024\/02\/DSC01025-1-768x512.jpg 768w, https:\/\/www.espigul.com\/wp-content\/uploads\/2024\/02\/DSC01025-1-1536x1024.jpg 1536w, https:\/\/www.espigul.com\/wp-content\/uploads\/2024\/02\/DSC01025-1-2048x1365.jpg 2048w\" sizes=\"auto, (max-width: 2560px) 100vw, 2560px\" \/><\/figure>\n<\/div>\n<\/div><\/div>\n\n<div class=\"wp-block-uagb-container uagb-block-24de5ec9 alignfull uagb-is-root-container\"><div class=\"uagb-container-inner-blocks-wrap\">\n<div class=\"wp-block-uagb-container uagb-block-e8496523\">\n<div class=\"wp-block-uagb-advanced-heading uagb-block-a718f958\"><h2 class=\"uagb-heading-text\">Contact Us<\/h2><\/div>\n\n\n\n<div class=\"wp-block-contact-form-7-contact-form-selector\"><p class=\"wpcf7-contact-form-not-found\"><strong>Error:<\/strong> Contact form not found.<\/p><\/div>\n<\/div>\n<\/div><\/div>\n\n<div class=\"wp-block-uagb-container uagb-block-e302c093 alignfull uagb-is-root-container\"><div class=\"uagb-container-inner-blocks-wrap\"><\/div><\/div>\n","protected":false},"excerpt":{"rendered":"<p>PALAFRUGELL HOMES Are you looking for a property in a natural and picturesque setting on the Costa Brava? At Esp\u00edgul, we help you find the homes in Palafrugell of your dreams. Explore the real estate opportunities our advisors have to offer you. Featured Homes in Palafrugell Buy a Home in Palafrugell Buying a home in&#8230;<\/p>\n","protected":false},"author":3,"featured_media":55029,"parent":0,"menu_order":0,"comment_status":"closed","ping_status":"closed","template":"","meta":{"_acf_changed":false,"_uag_custom_page_level_css":"","footnotes":""},"class_list":["post-55064","page","type-page","status-publish","has-post-thumbnail","hentry"],"acf":[],"yoast_head":"<!-- This site is optimized with the Yoast SEO plugin v27.4 - https:\/\/yoast.com\/product\/yoast-seo-wordpress\/ -->\n<title>Homes in Palafrugell - Esp\u00edgul<\/title>\n<meta name=\"description\" content=\"Discover the homes in Palafrugell you are seeking. Do not miss the real estate opportunities our advisors can offer you.\" \/>\n<meta name=\"robots\" content=\"index, follow, max-snippet:-1, max-image-preview:large, max-video-preview:-1\" \/>\n<link rel=\"canonical\" href=\"https:\/\/www.espigul.com\/en\/houses-palafrugell\/\" \/>\n<meta property=\"og:locale\" content=\"en_US\" \/>\n<meta property=\"og:type\" content=\"article\" \/>\n<meta property=\"og:title\" content=\"Homes in Palafrugell - Esp\u00edgul\" \/>\n<meta property=\"og:description\" content=\"Discover the homes in Palafrugell you are seeking. Do not miss the real estate opportunities our advisors can offer you.\" \/>\n<meta property=\"og:url\" content=\"https:\/\/www.espigul.com\/en\/houses-palafrugell\/\" \/>\n<meta property=\"og:site_name\" content=\"Esp\u00edgul\" \/>\n<meta property=\"article:modified_time\" content=\"2026-04-14T11:29:06+00:00\" \/>\n<meta property=\"og:image\" content=\"https:\/\/www.espigul.com\/wp-content\/uploads\/2024\/06\/aerial-view-of-the-beautiful-and-charming-village-2023-11-27-05-17-46-utc-1_11zon.jpg\" \/>\n\t<meta property=\"og:image:width\" content=\"2193\" \/>\n\t<meta property=\"og:image:height\" content=\"1461\" \/>\n\t<meta property=\"og:image:type\" content=\"image\/jpeg\" \/>\n<meta name=\"twitter:card\" content=\"summary_large_image\" \/>\n<meta name=\"twitter:label1\" content=\"Est. reading time\" \/>\n\t<meta name=\"twitter:data1\" content=\"4 minutes\" \/>\n<script type=\"application\/ld+json\" class=\"yoast-schema-graph\">{\"@context\":\"https:\\\/\\\/schema.org\",\"@graph\":[{\"@type\":\"WebPage\",\"@id\":\"https:\\\/\\\/www.espigul.com\\\/en\\\/houses-palafrugell\\\/\",\"url\":\"https:\\\/\\\/www.espigul.com\\\/en\\\/houses-palafrugell\\\/\",\"name\":\"Homes in Palafrugell - Esp\u00edgul\",\"isPartOf\":{\"@id\":\"https:\\\/\\\/www.espigul.com\\\/en\\\/#website\"},\"primaryImageOfPage\":{\"@id\":\"https:\\\/\\\/www.espigul.com\\\/en\\\/houses-palafrugell\\\/#primaryimage\"},\"image\":{\"@id\":\"https:\\\/\\\/www.espigul.com\\\/en\\\/houses-palafrugell\\\/#primaryimage\"},\"thumbnailUrl\":\"https:\\\/\\\/www.espigul.com\\\/wp-content\\\/uploads\\\/2024\\\/06\\\/aerial-view-of-the-beautiful-and-charming-village-2023-11-27-05-17-46-utc-1_11zon.jpg\",\"datePublished\":\"2024-06-07T07:27:14+00:00\",\"dateModified\":\"2026-04-14T11:29:06+00:00\",\"description\":\"Discover the homes in Palafrugell you are seeking. Do not miss the real estate opportunities our advisors can offer you.\",\"breadcrumb\":{\"@id\":\"https:\\\/\\\/www.espigul.com\\\/en\\\/houses-palafrugell\\\/#breadcrumb\"},\"inLanguage\":\"en-US\",\"potentialAction\":[{\"@type\":\"ReadAction\",\"target\":[\"https:\\\/\\\/www.espigul.com\\\/en\\\/houses-palafrugell\\\/\"]}]},{\"@type\":\"ImageObject\",\"inLanguage\":\"en-US\",\"@id\":\"https:\\\/\\\/www.espigul.com\\\/en\\\/houses-palafrugell\\\/#primaryimage\",\"url\":\"https:\\\/\\\/www.espigul.com\\\/wp-content\\\/uploads\\\/2024\\\/06\\\/aerial-view-of-the-beautiful-and-charming-village-2023-11-27-05-17-46-utc-1_11zon.jpg\",\"contentUrl\":\"https:\\\/\\\/www.espigul.com\\\/wp-content\\\/uploads\\\/2024\\\/06\\\/aerial-view-of-the-beautiful-and-charming-village-2023-11-27-05-17-46-utc-1_11zon.jpg\",\"width\":2193,\"height\":1461,\"caption\":\"cases palafrugell\"},{\"@type\":\"BreadcrumbList\",\"@id\":\"https:\\\/\\\/www.espigul.com\\\/en\\\/houses-palafrugell\\\/#breadcrumb\",\"itemListElement\":[{\"@type\":\"ListItem\",\"position\":1,\"name\":\"Inici\",\"item\":\"https:\\\/\\\/www.espigul.com\\\/en\\\/\"},{\"@type\":\"ListItem\",\"position\":2,\"name\":\"Homes in Palafrugell\"}]},{\"@type\":\"WebSite\",\"@id\":\"https:\\\/\\\/www.espigul.com\\\/en\\\/#website\",\"url\":\"https:\\\/\\\/www.espigul.com\\\/en\\\/\",\"name\":\"Esp\u00edgul\",\"description\":\"La immobili\u00e0ria l\u00edder de Girona\",\"publisher\":{\"@id\":\"https:\\\/\\\/www.espigul.com\\\/en\\\/#organization\"},\"potentialAction\":[{\"@type\":\"SearchAction\",\"target\":{\"@type\":\"EntryPoint\",\"urlTemplate\":\"https:\\\/\\\/www.espigul.com\\\/en\\\/?s={search_term_string}\"},\"query-input\":{\"@type\":\"PropertyValueSpecification\",\"valueRequired\":true,\"valueName\":\"search_term_string\"}}],\"inLanguage\":\"en-US\"},{\"@type\":\"Organization\",\"@id\":\"https:\\\/\\\/www.espigul.com\\\/en\\\/#organization\",\"name\":\"Esp\u00edgul\",\"url\":\"https:\\\/\\\/www.espigul.com\\\/en\\\/\",\"logo\":{\"@type\":\"ImageObject\",\"inLanguage\":\"en-US\",\"@id\":\"https:\\\/\\\/www.espigul.com\\\/en\\\/#\\\/schema\\\/logo\\\/image\\\/\",\"url\":\"https:\\\/\\\/www.espigul.com\\\/wp-content\\\/uploads\\\/2023\\\/08\\\/espigul-block.png\",\"contentUrl\":\"https:\\\/\\\/www.espigul.com\\\/wp-content\\\/uploads\\\/2023\\\/08\\\/espigul-block.png\",\"width\":384,\"height\":240,\"caption\":\"Esp\u00edgul\"},\"image\":{\"@id\":\"https:\\\/\\\/www.espigul.com\\\/en\\\/#\\\/schema\\\/logo\\\/image\\\/\"},\"sameAs\":[\"https:\\\/\\\/www.instagram.com\\\/immoespigul\\\/\",\"https:\\\/\\\/www.youtube.com\\\/channel\\\/UCYyD-WWfbCFpCXau4SQOGKQ\"]}]}<\/script>\n<!-- \/ Yoast SEO plugin. -->","yoast_head_json":{"title":"Homes in Palafrugell - Esp\u00edgul","description":"Discover the homes in Palafrugell you are seeking. Do not miss the real estate opportunities our advisors can offer you.","robots":{"index":"index","follow":"follow","max-snippet":"max-snippet:-1","max-image-preview":"max-image-preview:large","max-video-preview":"max-video-preview:-1"},"canonical":"https:\/\/www.espigul.com\/en\/houses-palafrugell\/","og_locale":"en_US","og_type":"article","og_title":"Homes in Palafrugell - Esp\u00edgul","og_description":"Discover the homes in Palafrugell you are seeking. Do not miss the real estate opportunities our advisors can offer you.","og_url":"https:\/\/www.espigul.com\/en\/houses-palafrugell\/","og_site_name":"Esp\u00edgul","article_modified_time":"2026-04-14T11:29:06+00:00","og_image":[{"width":2193,"height":1461,"url":"https:\/\/www.espigul.com\/wp-content\/uploads\/2024\/06\/aerial-view-of-the-beautiful-and-charming-village-2023-11-27-05-17-46-utc-1_11zon.jpg","type":"image\/jpeg"}],"twitter_card":"summary_large_image","twitter_misc":{"Est. reading time":"4 minutes"},"schema":{"@context":"https:\/\/schema.org","@graph":[{"@type":"WebPage","@id":"https:\/\/www.espigul.com\/en\/houses-palafrugell\/","url":"https:\/\/www.espigul.com\/en\/houses-palafrugell\/","name":"Homes in Palafrugell - Esp\u00edgul","isPartOf":{"@id":"https:\/\/www.espigul.com\/en\/#website"},"primaryImageOfPage":{"@id":"https:\/\/www.espigul.com\/en\/houses-palafrugell\/#primaryimage"},"image":{"@id":"https:\/\/www.espigul.com\/en\/houses-palafrugell\/#primaryimage"},"thumbnailUrl":"https:\/\/www.espigul.com\/wp-content\/uploads\/2024\/06\/aerial-view-of-the-beautiful-and-charming-village-2023-11-27-05-17-46-utc-1_11zon.jpg","datePublished":"2024-06-07T07:27:14+00:00","dateModified":"2026-04-14T11:29:06+00:00","description":"Discover the homes in Palafrugell you are seeking. Do not miss the real estate opportunities our advisors can offer you.","breadcrumb":{"@id":"https:\/\/www.espigul.com\/en\/houses-palafrugell\/#breadcrumb"},"inLanguage":"en-US","potentialAction":[{"@type":"ReadAction","target":["https:\/\/www.espigul.com\/en\/houses-palafrugell\/"]}]},{"@type":"ImageObject","inLanguage":"en-US","@id":"https:\/\/www.espigul.com\/en\/houses-palafrugell\/#primaryimage","url":"https:\/\/www.espigul.com\/wp-content\/uploads\/2024\/06\/aerial-view-of-the-beautiful-and-charming-village-2023-11-27-05-17-46-utc-1_11zon.jpg","contentUrl":"https:\/\/www.espigul.com\/wp-content\/uploads\/2024\/06\/aerial-view-of-the-beautiful-and-charming-village-2023-11-27-05-17-46-utc-1_11zon.jpg","width":2193,"height":1461,"caption":"cases palafrugell"},{"@type":"BreadcrumbList","@id":"https:\/\/www.espigul.com\/en\/houses-palafrugell\/#breadcrumb","itemListElement":[{"@type":"ListItem","position":1,"name":"Inici","item":"https:\/\/www.espigul.com\/en\/"},{"@type":"ListItem","position":2,"name":"Homes in Palafrugell"}]},{"@type":"WebSite","@id":"https:\/\/www.espigul.com\/en\/#website","url":"https:\/\/www.espigul.com\/en\/","name":"Esp\u00edgul","description":"La immobili\u00e0ria l\u00edder de Girona","publisher":{"@id":"https:\/\/www.espigul.com\/en\/#organization"},"potentialAction":[{"@type":"SearchAction","target":{"@type":"EntryPoint","urlTemplate":"https:\/\/www.espigul.com\/en\/?s={search_term_string}"},"query-input":{"@type":"PropertyValueSpecification","valueRequired":true,"valueName":"search_term_string"}}],"inLanguage":"en-US"},{"@type":"Organization","@id":"https:\/\/www.espigul.com\/en\/#organization","name":"Esp\u00edgul","url":"https:\/\/www.espigul.com\/en\/","logo":{"@type":"ImageObject","inLanguage":"en-US","@id":"https:\/\/www.espigul.com\/en\/#\/schema\/logo\/image\/","url":"https:\/\/www.espigul.com\/wp-content\/uploads\/2023\/08\/espigul-block.png","contentUrl":"https:\/\/www.espigul.com\/wp-content\/uploads\/2023\/08\/espigul-block.png","width":384,"height":240,"caption":"Esp\u00edgul"},"image":{"@id":"https:\/\/www.espigul.com\/en\/#\/schema\/logo\/image\/"},"sameAs":["https:\/\/www.instagram.com\/immoespigul\/","https:\/\/www.youtube.com\/channel\/UCYyD-WWfbCFpCXau4SQOGKQ"]}]}},"uagb_featured_image_src":{"full":["https:\/\/www.espigul.com\/wp-content\/uploads\/2024\/06\/aerial-view-of-the-beautiful-and-charming-village-2023-11-27-05-17-46-utc-1_11zon.jpg",2193,1461,false],"thumbnail":["https:\/\/www.espigul.com\/wp-content\/uploads\/2024\/06\/aerial-view-of-the-beautiful-and-charming-village-2023-11-27-05-17-46-utc-1_11zon-150x150.jpg",150,150,true],"medium":["https:\/\/www.espigul.com\/wp-content\/uploads\/2024\/06\/aerial-view-of-the-beautiful-and-charming-village-2023-11-27-05-17-46-utc-1_11zon-400x266.jpg",400,266,true],"medium_large":["https:\/\/www.espigul.com\/wp-content\/uploads\/2024\/06\/aerial-view-of-the-beautiful-and-charming-village-2023-11-27-05-17-46-utc-1_11zon-768x512.jpg",768,512,true],"large":["https:\/\/www.espigul.com\/wp-content\/uploads\/2024\/06\/aerial-view-of-the-beautiful-and-charming-village-2023-11-27-05-17-46-utc-1_11zon-1300x866.jpg",960,640,true],"1536x1536":["https:\/\/www.espigul.com\/wp-content\/uploads\/2024\/06\/aerial-view-of-the-beautiful-and-charming-village-2023-11-27-05-17-46-utc-1_11zon-1536x1023.jpg",1536,1023,true],"2048x2048":["https:\/\/www.espigul.com\/wp-content\/uploads\/2024\/06\/aerial-view-of-the-beautiful-and-charming-village-2023-11-27-05-17-46-utc-1_11zon-2048x1364.jpg",2048,1364,true],"gform-image-choice-sm":["https:\/\/www.espigul.com\/wp-content\/uploads\/2024\/06\/aerial-view-of-the-beautiful-and-charming-village-2023-11-27-05-17-46-utc-1_11zon.jpg",300,200,false],"gform-image-choice-md":["https:\/\/www.espigul.com\/wp-content\/uploads\/2024\/06\/aerial-view-of-the-beautiful-and-charming-village-2023-11-27-05-17-46-utc-1_11zon.jpg",400,266,false],"gform-image-choice-lg":["https:\/\/www.espigul.com\/wp-content\/uploads\/2024\/06\/aerial-view-of-the-beautiful-and-charming-village-2023-11-27-05-17-46-utc-1_11zon.jpg",600,400,false]},"uagb_author_info":{"display_name":"Marqueting Espigul","author_link":"https:\/\/www.espigul.com\/en\/author\/marqueting-espigul\/"},"uagb_comment_info":0,"uagb_excerpt":"PALAFRUGELL HOMES Are you looking for a property in a natural and picturesque setting on the Costa Brava? At Esp\u00edgul, we help you find the homes in Palafrugell of your dreams. Explore the real estate opportunities our advisors have to offer you. Featured Homes in Palafrugell Buy a Home in Palafrugell Buying a home in...","_links":{"self":[{"href":"https:\/\/www.espigul.com\/en\/wp-json\/wp\/v2\/pages\/55064","targetHints":{"allow":["GET"]}}],"collection":[{"href":"https:\/\/www.espigul.com\/en\/wp-json\/wp\/v2\/pages"}],"about":[{"href":"https:\/\/www.espigul.com\/en\/wp-json\/wp\/v2\/types\/page"}],"author":[{"embeddable":true,"href":"https:\/\/www.espigul.com\/en\/wp-json\/wp\/v2\/users\/3"}],"replies":[{"embeddable":true,"href":"https:\/\/www.espigul.com\/en\/wp-json\/wp\/v2\/comments?post=55064"}],"version-history":[{"count":4,"href":"https:\/\/www.espigul.com\/en\/wp-json\/wp\/v2\/pages\/55064\/revisions"}],"predecessor-version":[{"id":389243,"href":"https:\/\/www.espigul.com\/en\/wp-json\/wp\/v2\/pages\/55064\/revisions\/389243"}],"wp:featuredmedia":[{"embeddable":true,"href":"https:\/\/www.espigul.com\/en\/wp-json\/wp\/v2\/media\/55029"}],"wp:attachment":[{"href":"https:\/\/www.espigul.com\/en\/wp-json\/wp\/v2\/media?parent=55064"}],"curies":[{"name":"wp","href":"https:\/\/api.w.org\/{rel}","templated":true}]}}