{"id":170351,"date":"2023-07-03T13:41:46","date_gmt":"2023-07-03T11:41:46","guid":{"rendered":"https:\/\/www.espigul.com\/nachrichten\/"},"modified":"2026-04-14T13:30:41","modified_gmt":"2026-04-14T11:30:41","slug":"nachrichten","status":"publish","type":"page","link":"https:\/\/www.espigul.com\/de\/nachrichten\/","title":{"rendered":"News"},"content":{"rendered":"\n<div class=\"wp-block-uagb-container uagb-block-ab1a8f2b alignfull uagb-is-root-container\"><div class=\"uagb-container-inner-blocks-wrap\">\n<div class=\"wp-block-uagb-container uagb-block-eb7e898d\">\n<h1 class=\"wp-block-heading has-text-align-center\">Alles rund um die Immobilienbranche<\/h1>\n<\/div>\n<\/div><\/div>\n\n<p class=\"has-text-align-center has-medium-font-size\">Hier finden Sie alle Informationen und Neuigkeiten aus der Immobilienbranche.<br\/>Ein Bereich, in dem Sie Fragen kl\u00e4ren k\u00f6nnen, sowie Tipps, damit Ihr Zuhause praktischer und nachhaltiger wird.<\/p>\n\n<div class=\"wp-block-uagb-container uagb-block-583b7e00 alignfull uagb-is-root-container\"><div class=\"uagb-container-inner-blocks-wrap\">\n<h2 class=\"wp-block-heading has-text-align-center\">Top-News<\/h2>\n\n\n<div class=\"wp-block-espigul-espigul-grid--featured wp-block-espigul-espigul-grid--grid--2 wp-block-espigul-espigul-grid\">\n\n\t<\/div>\n<\/div><\/div>\n\n<div class=\"wp-block-uagb-container uagb-block-4c0c9928 alignfull uagb-is-root-container\"><div class=\"uagb-container-inner-blocks-wrap\">\n<h2 class=\"wp-block-heading\">Neueste News<\/h2>\n\n\n<div class=\"wp-block-espigul-espigul-grid--grid wp-block-espigul-espigul-grid--grid--3 wp-block-espigul-espigul-grid\">\n\n\t<article class=\"loop post-184962 post type-post status-publish format-standard has-post-thumbnail hentry category-nicht-kategorisiert\" onClick=\"window.location.assign('https:\/\/www.espigul.com\/de\/was-ist-beim-kauf-eines-hauses-zu-beachten\/');\">\n\t<div class=\"loop__thumbnail mb-4 cursor-pointer bg-gray-700\">\n\t\t\t\t\t<img loading=\"lazy\" decoding=\"async\" width=\"840\" height=\"472\" src=\"https:\/\/www.espigul.com\/wp-content\/uploads\/2024\/10\/que-tener-en-cuenta-al-comprar-una-casa.jpg\" class=\" wp-post-image\" alt=\"que tener en cuenta al comprar una casa\" srcset=\"https:\/\/www.espigul.com\/wp-content\/uploads\/2024\/10\/que-tener-en-cuenta-al-comprar-una-casa.jpg 840w, https:\/\/www.espigul.com\/wp-content\/uploads\/2024\/10\/que-tener-en-cuenta-al-comprar-una-casa-400x225.jpg 400w, https:\/\/www.espigul.com\/wp-content\/uploads\/2024\/10\/que-tener-en-cuenta-al-comprar-una-casa-768x432.jpg 768w\" sizes=\"auto, (max-width: 840px) 100vw, 840px\" \/>\t\t\t<\/div>\n\t<span class=\"loop__date uppercase\">26. M\u00e4rz 2026<\/span>\n\t<h2 class=\"loop__title text-xl\">\n\t\t<a href=\"https:\/\/www.espigul.com\/de\/was-ist-beim-kauf-eines-hauses-zu-beachten\/\" title=\"Was ist beim Kauf eines Hauses zu beachten?\">Was ist beim Kauf eines Hauses zu beachten?<\/a>\n\t<\/h2>\n\t<p>Ein Haus zu kaufen ist eine der wichtigsten Entscheidungen im Leben eines jeden Menschen. Um sicherzustellen, dass dies korrekt erfolgt, ist es wichtig, verschiedene Aspekte zu ber\u00fccksichtigen, von den notwendigen Ersparnissen bis hin zu den Steuern, die beim Kauf eines Hauses gezahlt werden. In diesem Beitrag werden wir \u00fcber die Schl\u00fcsselelemente sprechen, um sicherzustellen, dass&#8230;<\/p>\n<\/article>\n<article class=\"loop post-186835 post type-post status-publish format-standard has-post-thumbnail hentry category-nicht-kategorisiert\" onClick=\"window.location.assign('https:\/\/www.espigul.com\/de\/was-ist-home-staging\/');\">\n\t<div class=\"loop__thumbnail mb-4 cursor-pointer bg-gray-700\">\n\t\t\t\t\t<img loading=\"lazy\" decoding=\"async\" width=\"840\" height=\"472\" src=\"https:\/\/www.espigul.com\/wp-content\/uploads\/2023\/06\/1308.jpg\" class=\" wp-post-image\" alt=\"\" \/>\t\t\t<\/div>\n\t<span class=\"loop__date uppercase\">19. Februar 2026<\/span>\n\t<h2 class=\"loop__title text-xl\">\n\t\t<a href=\"https:\/\/www.espigul.com\/de\/was-ist-home-staging\/\" title=\"Was ist Home Staging?\">Was ist Home Staging?<\/a>\n\t<\/h2>\n\t<p>Das Home Staging ist eine Marketingtechnik im Immobilienbereich, die darauf abzielt, die besten Eigenschaften einer zum Verkauf oder zur Miete stehenden Immobilie hervorzuheben und ihr Aussehen zu verbessern, um mehr potenzielle K\u00e4ufer anzuziehen. Durch die Entpersonalisierung, Ordnung und Optimierung des Raums erm\u00f6glicht diese Technik es jeder Person, sich vorzustellen, in der Immobilie zu leben, was&#8230;<\/p>\n<\/article>\n<article class=\"loop post-186233 post type-post status-publish format-standard has-post-thumbnail hentry category-nicht-kategorisiert\" onClick=\"window.location.assign('https:\/\/www.espigul.com\/de\/was-ist-der-unterschied-zwischen-vermieter-und-mieter\/');\">\n\t<div class=\"loop__thumbnail mb-4 cursor-pointer bg-gray-700\">\n\t\t\t\t\t<img loading=\"lazy\" decoding=\"async\" width=\"840\" height=\"472\" src=\"https:\/\/www.espigul.com\/wp-content\/uploads\/2024\/03\/diferencia-arrendador-arrendatari.jpg\" class=\" wp-post-image\" alt=\"diferencia entre arrendador y arrendatario\" srcset=\"https:\/\/www.espigul.com\/wp-content\/uploads\/2024\/03\/diferencia-arrendador-arrendatari.jpg 840w, https:\/\/www.espigul.com\/wp-content\/uploads\/2024\/03\/diferencia-arrendador-arrendatari-400x225.jpg 400w, https:\/\/www.espigul.com\/wp-content\/uploads\/2024\/03\/diferencia-arrendador-arrendatari-768x432.jpg 768w\" sizes=\"auto, (max-width: 840px) 100vw, 840px\" \/>\t\t\t<\/div>\n\t<span class=\"loop__date uppercase\">15. Januar 2026<\/span>\n\t<h2 class=\"loop__title text-xl\">\n\t\t<a href=\"https:\/\/www.espigul.com\/de\/was-ist-der-unterschied-zwischen-vermieter-und-mieter\/\" title=\"Was ist der Unterschied zwischen Vermieter und Mieter?\">Was ist der Unterschied zwischen Vermieter und Mieter?<\/a>\n\t<\/h2>\n\t<p>Wenn Sie im Begriff sind, eine Wohnung zu mieten oder eine Immobilie zu vermieten, ist es wichtig, dass Sie sich dar\u00fcber im Klaren sind, wer wer im Vertrag ist. Der Unterschied zwischen Vermieter und Mieter mag einfach erscheinen, wird aber manchmal verwechselt. In diesem Beitrag erkl\u00e4ren wir Ihnen klar und praxisnah, welche Rolle jeder Einzelne&#8230;<\/p>\n<\/article>\n<article class=\"loop post-392072 post type-post status-publish format-standard has-post-thumbnail hentry category-nicht-kategorisiert\" onClick=\"window.location.assign('https:\/\/www.espigul.com\/de\/was-sind-immobilien-ohne-besitz\/');\">\n\t<div class=\"loop__thumbnail mb-4 cursor-pointer bg-gray-700\">\n\t\t\t\t\t<img loading=\"lazy\" decoding=\"async\" width=\"840\" height=\"472\" src=\"https:\/\/www.espigul.com\/wp-content\/uploads\/2025\/12\/inmuebles-sin-posesion.jpg\" class=\" wp-post-image\" alt=\"Was sind Immobilien ohne Besitz\" srcset=\"https:\/\/www.espigul.com\/wp-content\/uploads\/2025\/12\/inmuebles-sin-posesion.jpg 840w, https:\/\/www.espigul.com\/wp-content\/uploads\/2025\/12\/inmuebles-sin-posesion-400x225.jpg 400w, https:\/\/www.espigul.com\/wp-content\/uploads\/2025\/12\/inmuebles-sin-posesion-768x432.jpg 768w\" sizes=\"auto, (max-width: 840px) 100vw, 840px\" \/>\t\t\t<\/div>\n\t<span class=\"loop__date uppercase\">31. Dezember 2025<\/span>\n\t<h2 class=\"loop__title text-xl\">\n\t\t<a href=\"https:\/\/www.espigul.com\/de\/was-sind-immobilien-ohne-besitz\/\" title=\"Was sind Immobilien ohne Besitz?\">Was sind Immobilien ohne Besitz?<\/a>\n\t<\/h2>\n\t<p>Auf dem Immobilienmarkt gibt es Begriffe, die Zweifel aufwerfen k\u00f6nnen, insbesondere wenn sie nicht zu den g\u00e4ngigsten Transaktionen geh\u00f6ren. Einer davon ist die Immobilie ohne Besitz, eine Art von Eigentum, die aufgrund ihres Preises attraktiv erscheinen mag, aber eine Reihe von Besonderheiten mit sich bringt, die man sehr gut verstehen sollte, bevor man eine Entscheidung&#8230;<\/p>\n<\/article>\n<article class=\"loop post-392051 post type-post status-publish format-standard has-post-thumbnail hentry category-nicht-kategorisiert\" onClick=\"window.location.assign('https:\/\/www.espigul.com\/de\/rechte-und-pflichten-eines-buergen\/');\">\n\t<div class=\"loop__thumbnail mb-4 cursor-pointer bg-gray-700\">\n\t\t\t\t\t<img loading=\"lazy\" decoding=\"async\" width=\"840\" height=\"472\" src=\"https:\/\/www.espigul.com\/wp-content\/uploads\/2025\/12\/derechos-obligaciones-aval.jpg\" class=\" wp-post-image\" alt=\"Rechte und Pflichten eines B\u00fcrgen\" srcset=\"https:\/\/www.espigul.com\/wp-content\/uploads\/2025\/12\/derechos-obligaciones-aval.jpg 840w, https:\/\/www.espigul.com\/wp-content\/uploads\/2025\/12\/derechos-obligaciones-aval-400x225.jpg 400w, https:\/\/www.espigul.com\/wp-content\/uploads\/2025\/12\/derechos-obligaciones-aval-768x432.jpg 768w\" sizes=\"auto, (max-width: 840px) 100vw, 840px\" \/>\t\t\t<\/div>\n\t<span class=\"loop__date uppercase\">25. Dezember 2025<\/span>\n\t<h2 class=\"loop__title text-xl\">\n\t\t<a href=\"https:\/\/www.espigul.com\/de\/rechte-und-pflichten-eines-buergen\/\" title=\"Rechte und Pflichten eines B\u00fcrgen\">Rechte und Pflichten eines B\u00fcrgen<\/a>\n\t<\/h2>\n\t<p>Wenn es um den Kauf einer Immobilie oder um die Beschaffung von Finanzierung geht, taucht die B\u00fcrgschaft h\u00e4ufiger auf, als es scheint. Dennoch ist nicht immer klar, was es bedeutet, diese Rolle zu \u00fcbernehmen, und welche Rechte und Pflichten der B\u00fcrge genau hat. Wenn Sie gebeten wurden, B\u00fcrge zu sein, oder diese M\u00f6glichkeit in Betracht&#8230;<\/p>\n<\/article>\n<article class=\"loop post-336926 post type-post status-publish format-standard has-post-thumbnail hentry category-nicht-kategorisiert\" onClick=\"window.location.assign('https:\/\/www.espigul.com\/de\/die-regulierung-der-saisonmiete-ein-teilweiser-flickenteppich-fuer-ein-strukturelles-problem\/');\">\n\t<div class=\"loop__thumbnail mb-4 cursor-pointer bg-gray-700\">\n\t\t\t\t\t<img loading=\"lazy\" decoding=\"async\" width=\"840\" height=\"472\" src=\"https:\/\/www.espigul.com\/wp-content\/uploads\/2025\/12\/Disseny-sense-titol.png\" class=\" wp-post-image\" alt=\"\" srcset=\"https:\/\/www.espigul.com\/wp-content\/uploads\/2025\/12\/Disseny-sense-titol.png 840w, https:\/\/www.espigul.com\/wp-content\/uploads\/2025\/12\/Disseny-sense-titol-400x225.png 400w, https:\/\/www.espigul.com\/wp-content\/uploads\/2025\/12\/Disseny-sense-titol-768x432.png 768w\" sizes=\"auto, (max-width: 840px) 100vw, 840px\" \/>\t\t\t<\/div>\n\t<span class=\"loop__date uppercase\">19. Dezember 2025<\/span>\n\t<h2 class=\"loop__title text-xl\">\n\t\t<a href=\"https:\/\/www.espigul.com\/de\/die-regulierung-der-saisonmiete-ein-teilweiser-flickenteppich-fuer-ein-strukturelles-problem\/\" title=\"Die Regulierung der Saisonmiete: Ein teilweiser Flickenteppich f\u00fcr ein strukturelles Problem\">Die Regulierung der Saisonmiete: Ein teilweiser Flickenteppich f\u00fcr ein strukturelles Problem<\/a>\n\t<\/h2>\n\t<p>Girona, 19. Dezember 2025Xevi Vila Die j\u00fcngste Regulierung von Saisonmiet- und Zimmervertr\u00e4gen in Katalonien wurde mit dem erkl\u00e4rten Ziel ins Leben gerufen, bestimmte Praktiken einzud\u00e4mmen, die nach Ansicht des Gesetzgebers den Wohnungsmietmarkt verf\u00e4lschen. Aus einer rein immobilienwirtschaftlichen Analyse wirft diese neue Verordnung jedoch erhebliche Zweifel an ihrer tats\u00e4chlichen Wirksamkeit und vor allem an den Folgen&#8230;<\/p>\n<\/article>\n<\/div>\n\n\n\n<div class=\"wp-block-uagb-buttons uagb-buttons__outer-wrap uagb-btn__default-btn uagb-btn-tablet__default-btn uagb-btn-mobile__default-btn uagb-block-7c6d8e62\"><div class=\"uagb-buttons__wrap uagb-buttons-layout-wrap\">\n<div class=\"wp-block-uagb-buttons-child uagb-buttons__outer-wrap uagb-block-ee97c532 wp-block-button\"><div class=\"uagb-button__wrapper\"><a class=\"uagb-buttons-repeater wp-block-button__link\" href=\"https:\/\/www.espigul.com\/de\/blog\/\" onclick=\"return true;\" rel=\"follow noopener\" target=\"_self\"><div class=\"uagb-button__link\">ALLE NEWS<\/div><span class=\"uagb-button__icon uagb-button__icon-position-after\"><svg xmlns=\"https:\/\/www.w3.org\/2000\/svg\" viewbox=\"0 0 256 512\"><path d=\"M64 448c-8.188 0-16.38-3.125-22.62-9.375c-12.5-12.5-12.5-32.75 0-45.25L178.8 256L41.38 118.6c-12.5-12.5-12.5-32.75 0-45.25s32.75-12.5 45.25 0l160 160c12.5 12.5 12.5 32.75 0 45.25l-160 160C80.38 444.9 72.19 448 64 448z\"><\/path><\/svg><\/span><\/a><\/div><\/div>\n<\/div><\/div>\n<\/div><\/div>\n","protected":false},"excerpt":{"rendered":"<p>Alles rund um die Immobilienbranche Hier finden Sie alle Informationen und Neuigkeiten aus der Immobilienbranche.Ein Bereich, in dem Sie Fragen kl\u00e4ren k\u00f6nnen, sowie Tipps, damit Ihr Zuhause praktischer und nachhaltiger wird. Top-News Neueste News<\/p>\n","protected":false},"author":1,"featured_media":0,"parent":0,"menu_order":0,"comment_status":"closed","ping_status":"closed","template":"","meta":{"_acf_changed":false,"_uag_custom_page_level_css":"","footnotes":""},"class_list":["post-170351","page","type-page","status-publish","hentry"],"acf":[],"yoast_head":"<!-- This site is optimized with the Yoast SEO plugin v27.4 - https:\/\/yoast.com\/product\/yoast-seo-wordpress\/ -->\n<title>News - Esp\u00edgul<\/title>\n<meta name=\"robots\" content=\"index, follow, max-snippet:-1, max-image-preview:large, max-video-preview:-1\" \/>\n<link rel=\"canonical\" href=\"https:\/\/www.espigul.com\/de\/nachrichten\/\" \/>\n<meta property=\"og:locale\" content=\"de_DE\" \/>\n<meta property=\"og:type\" content=\"article\" \/>\n<meta property=\"og:title\" content=\"News - Esp\u00edgul\" \/>\n<meta property=\"og:description\" content=\"Alles rund um die Immobilienbranche Hier finden Sie alle Informationen und Neuigkeiten aus der Immobilienbranche.Ein Bereich, in dem Sie Fragen kl\u00e4ren k\u00f6nnen, sowie Tipps, damit Ihr Zuhause praktischer und nachhaltiger wird. Top-News Neueste News\" \/>\n<meta property=\"og:url\" content=\"https:\/\/www.espigul.com\/de\/nachrichten\/\" \/>\n<meta property=\"og:site_name\" content=\"Esp\u00edgul\" \/>\n<meta property=\"article:modified_time\" content=\"2026-04-14T11:30:41+00:00\" \/>\n<meta name=\"twitter:card\" content=\"summary_large_image\" \/>\n<script type=\"application\/ld+json\" class=\"yoast-schema-graph\">{\"@context\":\"https:\\\/\\\/schema.org\",\"@graph\":[{\"@type\":\"WebPage\",\"@id\":\"https:\\\/\\\/www.espigul.com\\\/de\\\/nachrichten\\\/\",\"url\":\"https:\\\/\\\/www.espigul.com\\\/de\\\/nachrichten\\\/\",\"name\":\"News - Esp\u00edgul\",\"isPartOf\":{\"@id\":\"https:\\\/\\\/www.espigul.com\\\/de\\\/#website\"},\"datePublished\":\"2023-07-03T11:41:46+00:00\",\"dateModified\":\"2026-04-14T11:30:41+00:00\",\"breadcrumb\":{\"@id\":\"https:\\\/\\\/www.espigul.com\\\/de\\\/nachrichten\\\/#breadcrumb\"},\"inLanguage\":\"de\",\"potentialAction\":[{\"@type\":\"ReadAction\",\"target\":[\"https:\\\/\\\/www.espigul.com\\\/de\\\/nachrichten\\\/\"]}]},{\"@type\":\"BreadcrumbList\",\"@id\":\"https:\\\/\\\/www.espigul.com\\\/de\\\/nachrichten\\\/#breadcrumb\",\"itemListElement\":[{\"@type\":\"ListItem\",\"position\":1,\"name\":\"Inici\",\"item\":\"https:\\\/\\\/www.espigul.com\\\/de\\\/\"},{\"@type\":\"ListItem\",\"position\":2,\"name\":\"News\"}]},{\"@type\":\"WebSite\",\"@id\":\"https:\\\/\\\/www.espigul.com\\\/de\\\/#website\",\"url\":\"https:\\\/\\\/www.espigul.com\\\/de\\\/\",\"name\":\"Esp\u00edgul\",\"description\":\"La immobili\u00e0ria l\u00edder de Girona\",\"publisher\":{\"@id\":\"https:\\\/\\\/www.espigul.com\\\/de\\\/#organization\"},\"potentialAction\":[{\"@type\":\"SearchAction\",\"target\":{\"@type\":\"EntryPoint\",\"urlTemplate\":\"https:\\\/\\\/www.espigul.com\\\/de\\\/?s={search_term_string}\"},\"query-input\":{\"@type\":\"PropertyValueSpecification\",\"valueRequired\":true,\"valueName\":\"search_term_string\"}}],\"inLanguage\":\"de\"},{\"@type\":\"Organization\",\"@id\":\"https:\\\/\\\/www.espigul.com\\\/de\\\/#organization\",\"name\":\"Esp\u00edgul\",\"url\":\"https:\\\/\\\/www.espigul.com\\\/de\\\/\",\"logo\":{\"@type\":\"ImageObject\",\"inLanguage\":\"de\",\"@id\":\"https:\\\/\\\/www.espigul.com\\\/de\\\/#\\\/schema\\\/logo\\\/image\\\/\",\"url\":\"https:\\\/\\\/www.espigul.com\\\/wp-content\\\/uploads\\\/2023\\\/08\\\/espigul-block.png\",\"contentUrl\":\"https:\\\/\\\/www.espigul.com\\\/wp-content\\\/uploads\\\/2023\\\/08\\\/espigul-block.png\",\"width\":384,\"height\":240,\"caption\":\"Esp\u00edgul\"},\"image\":{\"@id\":\"https:\\\/\\\/www.espigul.com\\\/de\\\/#\\\/schema\\\/logo\\\/image\\\/\"},\"sameAs\":[\"https:\\\/\\\/www.instagram.com\\\/immoespigul\\\/\",\"https:\\\/\\\/www.youtube.com\\\/channel\\\/UCYyD-WWfbCFpCXau4SQOGKQ\"]}]}<\/script>\n<!-- \/ Yoast SEO plugin. -->","yoast_head_json":{"title":"News - Esp\u00edgul","robots":{"index":"index","follow":"follow","max-snippet":"max-snippet:-1","max-image-preview":"max-image-preview:large","max-video-preview":"max-video-preview:-1"},"canonical":"https:\/\/www.espigul.com\/de\/nachrichten\/","og_locale":"de_DE","og_type":"article","og_title":"News - Esp\u00edgul","og_description":"Alles rund um die Immobilienbranche Hier finden Sie alle Informationen und Neuigkeiten aus der Immobilienbranche.Ein Bereich, in dem Sie Fragen kl\u00e4ren k\u00f6nnen, sowie Tipps, damit Ihr Zuhause praktischer und nachhaltiger wird. Top-News Neueste News","og_url":"https:\/\/www.espigul.com\/de\/nachrichten\/","og_site_name":"Esp\u00edgul","article_modified_time":"2026-04-14T11:30:41+00:00","twitter_card":"summary_large_image","schema":{"@context":"https:\/\/schema.org","@graph":[{"@type":"WebPage","@id":"https:\/\/www.espigul.com\/de\/nachrichten\/","url":"https:\/\/www.espigul.com\/de\/nachrichten\/","name":"News - Esp\u00edgul","isPartOf":{"@id":"https:\/\/www.espigul.com\/de\/#website"},"datePublished":"2023-07-03T11:41:46+00:00","dateModified":"2026-04-14T11:30:41+00:00","breadcrumb":{"@id":"https:\/\/www.espigul.com\/de\/nachrichten\/#breadcrumb"},"inLanguage":"de","potentialAction":[{"@type":"ReadAction","target":["https:\/\/www.espigul.com\/de\/nachrichten\/"]}]},{"@type":"BreadcrumbList","@id":"https:\/\/www.espigul.com\/de\/nachrichten\/#breadcrumb","itemListElement":[{"@type":"ListItem","position":1,"name":"Inici","item":"https:\/\/www.espigul.com\/de\/"},{"@type":"ListItem","position":2,"name":"News"}]},{"@type":"WebSite","@id":"https:\/\/www.espigul.com\/de\/#website","url":"https:\/\/www.espigul.com\/de\/","name":"Esp\u00edgul","description":"La immobili\u00e0ria l\u00edder de Girona","publisher":{"@id":"https:\/\/www.espigul.com\/de\/#organization"},"potentialAction":[{"@type":"SearchAction","target":{"@type":"EntryPoint","urlTemplate":"https:\/\/www.espigul.com\/de\/?s={search_term_string}"},"query-input":{"@type":"PropertyValueSpecification","valueRequired":true,"valueName":"search_term_string"}}],"inLanguage":"de"},{"@type":"Organization","@id":"https:\/\/www.espigul.com\/de\/#organization","name":"Esp\u00edgul","url":"https:\/\/www.espigul.com\/de\/","logo":{"@type":"ImageObject","inLanguage":"de","@id":"https:\/\/www.espigul.com\/de\/#\/schema\/logo\/image\/","url":"https:\/\/www.espigul.com\/wp-content\/uploads\/2023\/08\/espigul-block.png","contentUrl":"https:\/\/www.espigul.com\/wp-content\/uploads\/2023\/08\/espigul-block.png","width":384,"height":240,"caption":"Esp\u00edgul"},"image":{"@id":"https:\/\/www.espigul.com\/de\/#\/schema\/logo\/image\/"},"sameAs":["https:\/\/www.instagram.com\/immoespigul\/","https:\/\/www.youtube.com\/channel\/UCYyD-WWfbCFpCXau4SQOGKQ"]}]}},"uagb_featured_image_src":{"full":false,"thumbnail":false,"medium":false,"medium_large":false,"large":false,"1536x1536":false,"2048x2048":false,"gform-image-choice-sm":false,"gform-image-choice-md":false,"gform-image-choice-lg":false},"uagb_author_info":{"display_name":"Pol","author_link":"https:\/\/www.espigul.com\/de\/author\/pol\/"},"uagb_comment_info":0,"uagb_excerpt":"Alles rund um die Immobilienbranche Hier finden Sie alle Informationen und Neuigkeiten aus der Immobilienbranche.Ein Bereich, in dem Sie Fragen kl\u00e4ren k\u00f6nnen, sowie Tipps, damit Ihr Zuhause praktischer und nachhaltiger wird. Top-News Neueste News","_links":{"self":[{"href":"https:\/\/www.espigul.com\/de\/wp-json\/wp\/v2\/pages\/170351","targetHints":{"allow":["GET"]}}],"collection":[{"href":"https:\/\/www.espigul.com\/de\/wp-json\/wp\/v2\/pages"}],"about":[{"href":"https:\/\/www.espigul.com\/de\/wp-json\/wp\/v2\/types\/page"}],"author":[{"embeddable":true,"href":"https:\/\/www.espigul.com\/de\/wp-json\/wp\/v2\/users\/1"}],"replies":[{"embeddable":true,"href":"https:\/\/www.espigul.com\/de\/wp-json\/wp\/v2\/comments?post=170351"}],"version-history":[{"count":3,"href":"https:\/\/www.espigul.com\/de\/wp-json\/wp\/v2\/pages\/170351\/revisions"}],"predecessor-version":[{"id":389266,"href":"https:\/\/www.espigul.com\/de\/wp-json\/wp\/v2\/pages\/170351\/revisions\/389266"}],"wp:attachment":[{"href":"https:\/\/www.espigul.com\/de\/wp-json\/wp\/v2\/media?parent=170351"}],"curies":[{"name":"wp","href":"https:\/\/api.w.org\/{rel}","templated":true}]}}