{"id":165181,"date":"2024-05-21T11:04:41","date_gmt":"2024-05-21T09:04:41","guid":{"rendered":"https:\/\/www.espigul.com\/haeuser-sant-gregori\/"},"modified":"2025-12-16T11:43:18","modified_gmt":"2025-12-16T09:43:18","slug":"haeuser-sant-gregori","status":"publish","type":"page","link":"https:\/\/www.espigul.com\/de\/haeuser-sant-gregori\/","title":{"rendered":"H\u00e4user Sant Gregori"},"content":{"rendered":"\n<div class=\"wp-block-uagb-container uagb-block-26595532 alignfull uagb-is-root-container\"><div class=\"uagb-container-inner-blocks-wrap\">\n<h1 class=\"wp-block-heading has-text-align-center has-white-color has-text-color has-link-color wp-elements-31eae418f5835df5be0a4083f4a32735\">H\u00c4USER SANT GREGORI<\/h1>\n<\/div><\/div>\n\n\n\n<div class=\"wp-block-uagb-container uagb-block-0bd962e7 alignwide uagb-is-root-container\">\n<div class=\"wp-block-uagb-container uagb-block-da137785\">\n<p class=\"has-text-align-center has-medium-font-size\">Entdecken Sie die besten H\u00e4user in Sant Gregori.<\/p>\n\n\n\n<p class=\"has-text-align-center has-medium-font-size\">Von Esp\u00edgul aus helfen wir Ihnen, das perfekte Zuhause in dieser charmanten katalanischen Ortschaft zu finden. Wir bieten Ihnen einen umfassenden Service, vom Kauf und Verkauf bis zur Vermietung von Immobilien. <\/p>\n<\/div>\n<\/div>\n\n\n\n<div class=\"wp-block-uagb-container bg-bezier-50 uagb-block-168a8574 alignfull uagb-is-root-container\"><div class=\"uagb-container-inner-blocks-wrap\">\n<div class=\"wp-block-uagb-container uagb-block-e8291b2b\">\n<div class=\"wp-block-group is-layout-constrained wp-container-core-group-is-layout-93ab80c1 wp-block-group-is-layout-constrained\" style=\"padding-top:0;padding-right:var(--wp--preset--spacing--80);padding-bottom:0;padding-left:0\">\n<h2 class=\"wp-block-heading has-white-color has-text-color\">H\u00e4user in Sant Gregori Girona<\/h2>\n\n\n\n<p class=\"has-white-color has-text-color\">Sant Gregori ist ein Ort, der die Ruhe des Landlebens mit der N\u00e4he zur Stadt Girona verbindet und einen famili\u00e4ren und einladenden Lebensstil bietet. Umgeben von beeindruckenden Naturlandschaften ist es eine ideale Umgebung f\u00fcr Naturliebhaber. Dar\u00fcber hinaus verf\u00fcgt das Dorf \u00fcber eine sehr gemeinschaftliche und einladende lokale Identit\u00e4t, die alle neuen Bewohner willkommen hei\u00dft.  <\/p>\n<\/div>\n<\/div>\n\n\n\n<div class=\"wp-block-uagb-container uagb-block-fb5049af\"><\/div>\n<\/div><\/div>\n\n\n\n<div class=\"wp-block-uagb-container uagb-block-78b151fc alignwide uagb-is-root-container\">\n<div class=\"wp-block-uagb-container uagb-block-5d7aa9aa\">\n<div class=\"wp-block-columns is-layout-flex wp-container-core-columns-is-layout-28f84493 wp-block-columns-is-layout-flex\">\n<div class=\"wp-block-column is-layout-flow wp-block-column-is-layout-flow\">\n<figure class=\"wp-block-image aligncenter size-full is-resized\"><img decoding=\"async\" src=\"https:\/\/www.espigul.com\/wp-content\/uploads\/2025\/12\/ESPIGUL_Logo-Black-1.png\" alt=\"\" class=\"wp-image-335170\" style=\"aspect-ratio:4.036514522821577;width:239px;height:auto\"\/><\/figure>\n\n\n\n<p class=\"has-text-align-center has-medium-font-size\">Nur wenige Autominuten von Girona entfernt, bietet Sant Gregori seinen Bewohnern auch verschiedene Dienstleistungen und ist gut angebunden. Mit Gesch\u00e4ften, Restaurants, einer Schule und kulturellen Aktivit\u00e4ten in Reichweite bietet es die perfekte Kombination aus Ruhe und Komfort. <\/p>\n\n\n\n<p class=\"has-text-align-center has-medium-font-size\">Es ist eine ideale Gemeinde f\u00fcr diejenigen, die die Annehmlichkeiten und Dienstleistungen der Stadt genie\u00dfen m\u00f6chten, ohne auf eine nat\u00fcrliche und friedliche Umgebung zu verzichten.<\/p>\n<\/div>\n<\/div>\n<\/div>\n<\/div>\n\n\n\n<div class=\"wp-block-uagb-container bg-bezier-50--right uagb-block-58fb33fb alignfull uagb-is-root-container\"><div class=\"uagb-container-inner-blocks-wrap\">\n<div class=\"wp-block-uagb-container uagb-block-4889659d alignfull uagb-is-root-container\"><div class=\"uagb-container-inner-blocks-wrap\"><\/div><\/div>\n\n\n\n<div class=\"wp-block-uagb-container uagb-block-68e4dbd5\">\n<div class=\"wp-block-group is-layout-constrained wp-container-core-group-is-layout-76b72ade wp-block-group-is-layout-constrained\" style=\"padding-top:0;padding-right:0;padding-bottom:0;padding-left:0\">\n<h2 class=\"wp-block-heading has-white-color has-text-color\">H\u00e4user zum Verkauf Sant Gregori<\/h2>\n\n\n\n<p>Wenn Sie ein <strong>Haus in Sant Gregori<\/strong> suchen, k\u00f6nnen wir Ihnen bei Esp\u00edgul helfen, das Zuhause zu finden, das Sie mit allen gew\u00fcnschten Merkmalen ben\u00f6tigen. Ob ein Reihenhaus, eine Immobilie mit Garten, ein Neubau oder ein renovierungsbed\u00fcrftiges Haus, wir bieten Ihnen eine breite Palette von Immobilien, die perfekt zu Ihrem Geschmack und Lebensstil passen. <\/p>\n\n\n\n<p>Unser Team von Immobilienberatern ist bestrebt, auf Ihre Bed\u00fcrfnisse einzugehen und Ihnen einen personalisierten Service zu bieten, um Ihnen zu helfen, Ihr zuk\u00fcnftiges <strong>Haus in Sant Gregori<\/strong> zu finden.<\/p>\n<\/div>\n<\/div>\n<\/div><\/div>\n\n\n\n<div class=\"wp-block-uagb-container uagb-block-2c710113 alignfull uagb-is-root-container\"><div class=\"uagb-container-inner-blocks-wrap\">\n<div class=\"wp-block-uagb-container uagb-block-d85a0760\">\n<div class=\"wp-block-columns is-layout-flex wp-container-core-columns-is-layout-28f84493 wp-block-columns-is-layout-flex\">\n<div class=\"wp-block-column is-layout-flow wp-block-column-is-layout-flow\"><\/div>\n\n\n\n<div class=\"wp-block-column is-layout-flow wp-block-column-is-layout-flow\">\n<figure class=\"wp-block-image aligncenter size-large is-resized\"><img loading=\"lazy\" decoding=\"async\" width=\"36\" height=\"35\" src=\"https:\/\/www.espigul.com\/wp-content\/uploads\/2023\/06\/fiabilitat.svg\" alt=\"\" class=\"wp-image-12618\" style=\"width:57px;height:auto\"\/><\/figure>\n<\/div>\n\n\n\n<div class=\"wp-block-column is-layout-flow wp-block-column-is-layout-flow\"><\/div>\n<\/div>\n\n\n\n<p class=\"has-text-align-center has-medium-font-size\">Nutzen Sie das Filtermen\u00fc, um unsere gro\u00dfe Auswahl an Immobilien in Sant Gregori zu entdecken.<\/p>\n\n\n\n<p class=\"has-text-align-center has-medium-font-size\">Sie k\u00f6nnen die Ergebnisse nach Standort, Immobilientyp, Zimmern und Preisspanne filtern, sodass Sie schnell die Immobilie identifizieren k\u00f6nnen, die am besten zu Ihrem Geschmack und Ihren Bed\u00fcrfnissen passt.<\/p>\n<\/div>\n<\/div><\/div>\n\n\n\n<div class=\"wp-block-uagb-container uagb-block-4e4202a9 alignfull uagb-is-root-container\"><div class=\"uagb-container-inner-blocks-wrap\">\n<div class=\"wp-block-uagb-container uagb-block-d6dfd534\">\n<div class=\"wp-block-uagb-advanced-heading uagb-block-2655cb54\"><h2 class=\"uagb-heading-text\">Immobilien Sant Gregori<\/h2><\/div>\n\n\n\n<p style=\"margin-top:0;margin-bottom:0;padding-top:0;padding-bottom:0\">Egal, ob Sie \u00fcber den Kauf, Verkauf oder die Miete eines <strong>Hauses in Sant Gregori<\/strong> nachdenken, unser Team von Immobilienberatern wird Sie durch den gesamten Prozess f\u00fchren. <\/p>\n\n\n\n<p style=\"margin-top:0;margin-bottom:0;padding-top:0;padding-bottom:0\">Kontaktieren Sie uns jetzt und wir helfen Ihnen, Ihre W\u00fcnsche zu verwirklichen.<\/p>\n<\/div>\n\n\n\n<div class=\"wp-block-uagb-container uagb-block-0dca6873\">\n<figure class=\"wp-block-image size-full\"><img loading=\"lazy\" decoding=\"async\" width=\"2560\" height=\"1707\" src=\"https:\/\/www.espigul.com\/wp-content\/uploads\/2024\/02\/DSC01025-1-scaled.jpg\" alt=\"\" class=\"wp-image-42770\" srcset=\"https:\/\/www.espigul.com\/wp-content\/uploads\/2024\/02\/DSC01025-1-scaled.jpg 2560w, https:\/\/www.espigul.com\/wp-content\/uploads\/2024\/02\/DSC01025-1-400x267.jpg 400w, https:\/\/www.espigul.com\/wp-content\/uploads\/2024\/02\/DSC01025-1-1300x867.jpg 1300w, https:\/\/www.espigul.com\/wp-content\/uploads\/2024\/02\/DSC01025-1-768x512.jpg 768w, https:\/\/www.espigul.com\/wp-content\/uploads\/2024\/02\/DSC01025-1-1536x1024.jpg 1536w, https:\/\/www.espigul.com\/wp-content\/uploads\/2024\/02\/DSC01025-1-2048x1365.jpg 2048w\" sizes=\"auto, (max-width: 2560px) 100vw, 2560px\" \/><\/figure>\n<\/div>\n<\/div><\/div>\n\n\n\n<div class=\"wp-block-uagb-container uagb-block-24de5ec9 alignfull uagb-is-root-container\"><div class=\"uagb-container-inner-blocks-wrap\">\n<div class=\"wp-block-uagb-container uagb-block-e8496523\">\n<div class=\"wp-block-uagb-advanced-heading uagb-block-a718f958\"><h2 class=\"uagb-heading-text\">Kontaktieren Sie uns<\/h2><\/div>\n\n\n\n<div class=\"wp-block-contact-form-7-contact-form-selector\">\n<div class=\"wpcf7 no-js\" id=\"wpcf7-f164507-o1\" lang=\"de-DE\" dir=\"ltr\" data-wpcf7-id=\"164507\">\n<div class=\"screen-reader-response\"><p role=\"status\" aria-live=\"polite\" aria-atomic=\"true\"><\/p> <ul><\/ul><\/div>\n<form action=\"\/de\/wp-json\/wp\/v2\/pages\/165181#wpcf7-f164507-o1\" method=\"post\" class=\"wpcf7-form init\" aria-label=\"Kontaktformular\" novalidate=\"novalidate\" data-status=\"init\">\n<fieldset class=\"hidden-fields-container\"><input type=\"hidden\" name=\"_wpcf7\" value=\"164507\" \/><input type=\"hidden\" name=\"_wpcf7_version\" value=\"6.1.5\" \/><input type=\"hidden\" name=\"_wpcf7_locale\" value=\"de_DE\" \/><input type=\"hidden\" name=\"_wpcf7_unit_tag\" value=\"wpcf7-f164507-o1\" \/><input type=\"hidden\" name=\"_wpcf7_container_post\" value=\"0\" \/><input type=\"hidden\" name=\"_wpcf7_posted_data_hash\" value=\"\" \/><input type=\"hidden\" name=\"_wpcf7_recaptcha_response\" value=\"\" \/>\n<\/fieldset>\n<h3>Kontaktformular<\/h3>\n<div class=\"contact-form__cols contact-form__cols--2\">\n<div class=\"contact-form__cols__col\">\n<label> <span class=\"contact-form-required\">Vollst\u00e4ndiger Name<\/span>\n    <span class=\"wpcf7-form-control-wrap\" data-name=\"your-name\"><input size=\"40\" maxlength=\"400\" class=\"wpcf7-form-control wpcf7-text\" autocomplete=\"name\" aria-invalid=\"false\" value=\"\" type=\"text\" name=\"your-name\" \/><\/span> <\/label>\n<\/div> \n<div class=\"contact-form__cols__col\">\n<label> Immobilientyp<\/span>\n     <span class=\"wpcf7-form-control-wrap\" data-name=\"your-type\"><select class=\"wpcf7-form-control wpcf7-select\" aria-invalid=\"false\" name=\"your-type\"><option value=\"Wohnung\">Wohnung<\/option><option value=\"Haus\">Haus<\/option><option value=\"Gewerbeobjekt\">Gewerbeobjekt<\/option><option value=\"Garage\">Garage<\/option><\/select><\/span> <\/label>\n<\/div> \n<\/div>\n\n<div class=\"contact-form__cols contact-form__cols--2\">\n\n<div class=\"contact-form__cols__col\"> <label> \n<span class=\"contact-form-required\">E-Mail-Adresse<\/span>\n    <span class=\"wpcf7-form-control-wrap\" data-name=\"your-email\"><input size=\"40\" maxlength=\"400\" class=\"wpcf7-form-control wpcf7-email wpcf7-validates-as-required wpcf7-text wpcf7-validates-as-email\" autocomplete=\"email\" aria-required=\"true\" aria-invalid=\"false\" value=\"\" type=\"email\" name=\"your-email\" \/><\/span> <\/label>\n<\/div>\n<div class=\"contact-form__cols__col\">\n<label>Vorgang<\/span>\n<span class=\"wpcf7-form-control-wrap\" data-name=\"your-operation\"><select class=\"wpcf7-form-control wpcf7-select\" aria-invalid=\"false\" name=\"your-operation\"><option value=\"Verkauf\">Verkauf<\/option><option value=\"Miete\">Miete<\/option><\/select><\/span> <\/label>\n<\/div> \n<\/div>\n<div class=\"contact-form__cols contact-form__cols--2\">\n<div class=\"contact-form__cols__col\">\n<label> <span class=\"contact-form-required\">Telefon\n<\/div> \n<div class=\"contact-form__cols__col\">\n<label> Maximalpreis\n     <span class=\"wpcf7-form-control-wrap\" data-name=\"your-price\"><input size=\"40\" maxlength=\"400\" class=\"wpcf7-form-control wpcf7-text\" aria-invalid=\"false\" value=\"\" type=\"text\" name=\"your-price\" \/><\/span> <\/label>\n<\/div> \n<\/label><\/div>\n<div class=\"contact-form__cols contact-form__cols--2\">\n<div class=\"contact-form__cols__col\">\n<label> Ort\n    <span class=\"wpcf7-form-control-wrap\" data-name=\"your-location\"><input size=\"40\" maxlength=\"400\" class=\"wpcf7-form-control wpcf7-text\" aria-invalid=\"false\" value=\"\" type=\"text\" name=\"your-location\" \/><\/span> <\/label>\n<\/div> \n<div class=\"contact-form__cols__col\">\n<label> Gebiet\n     <span class=\"wpcf7-form-control-wrap\" data-name=\"your-zone\"><input size=\"40\" maxlength=\"400\" class=\"wpcf7-form-control wpcf7-text\" aria-invalid=\"false\" value=\"\" type=\"text\" name=\"your-zone\" \/><\/span> <\/label>\n<\/div> \n<\/div>\n\n\n\n\n\n<label> <span class=\"contact-form-required\">Nachricht<\/span>\n    <span class=\"wpcf7-form-control-wrap\" data-name=\"your-message\"><textarea cols=\"40\" rows=\"10\" maxlength=\"2000\" class=\"wpcf7-form-control wpcf7-textarea\" aria-invalid=\"false\" name=\"your-message\"><\/textarea><\/span> <\/label>\n<label class=\"contact-form__checkbox\"> <span class=\"wpcf7-form-control-wrap\" data-name=\"acceptance-\"><span class=\"wpcf7-form-control wpcf7-acceptance\"><span class=\"wpcf7-list-item\"><input type=\"checkbox\" name=\"acceptance-\" value=\"1\" aria-invalid=\"false\" \/><\/span><\/span><\/span> <span class=\"contact-form-required\">Ich habe die rechtlichen Bedingungen und die Datenschutzbestimmungen gelesen und akzeptiere sie.<\/span>\n<\/label>\n\n\n\n\n<input class=\"wpcf7-form-control wpcf7-submit has-spinner\" type=\"submit\" value=\"Envia\" \/><div class=\"wpcf7-response-output\" aria-hidden=\"true\"><\/div>\n<\/form>\n<\/div>\n<\/div>\n<\/div>\n<\/div><\/div>\n\n\n\n<div class=\"wp-block-uagb-container uagb-block-e302c093 alignfull uagb-is-root-container\"><div class=\"uagb-container-inner-blocks-wrap\"><\/div><\/div>\n","protected":false},"excerpt":{"rendered":"<p>H\u00c4USER SANT GREGORI Entdecken Sie die besten H\u00e4user in Sant Gregori. Von Esp\u00edgul aus helfen wir Ihnen, das perfekte Zuhause in dieser charmanten katalanischen Ortschaft zu finden. Wir bieten Ihnen einen umfassenden Service, vom Kauf und Verkauf bis zur Vermietung von Immobilien. H\u00e4user in Sant Gregori Girona Sant Gregori ist ein Ort, der die Ruhe&#8230;<\/p>\n","protected":false},"author":2,"featured_media":165183,"parent":0,"menu_order":0,"comment_status":"closed","ping_status":"closed","template":"","meta":{"_acf_changed":false,"_uag_custom_page_level_css":"","footnotes":""},"class_list":["post-165181","page","type-page","status-publish","has-post-thumbnail","hentry"],"acf":[],"yoast_head":"<!-- This site is optimized with the Yoast SEO plugin v27.4 - https:\/\/yoast.com\/product\/yoast-seo-wordpress\/ -->\n<title>H\u00e4user Sant Gregori - Esp\u00edgul<\/title>\n<meta name=\"description\" content=\"Finden Sie die besten H\u00e4user zum Verkauf oder zur Miete in Sant Gregori. Wir sind Experten im Verkauf oder der Vermietung von H\u00e4usern in Sant Gregori.\" \/>\n<meta name=\"robots\" content=\"index, follow, max-snippet:-1, max-image-preview:large, max-video-preview:-1\" \/>\n<link rel=\"canonical\" href=\"https:\/\/www.espigul.com\/de\/haeuser-sant-gregori\/\" \/>\n<meta property=\"og:locale\" content=\"de_DE\" \/>\n<meta property=\"og:type\" content=\"article\" \/>\n<meta property=\"og:title\" content=\"H\u00e4user Sant Gregori - Esp\u00edgul\" \/>\n<meta property=\"og:description\" content=\"Finden Sie die besten H\u00e4user zum Verkauf oder zur Miete in Sant Gregori. Wir sind Experten im Verkauf oder der Vermietung von H\u00e4usern in Sant Gregori.\" \/>\n<meta property=\"og:url\" content=\"https:\/\/www.espigul.com\/de\/haeuser-sant-gregori\/\" \/>\n<meta property=\"og:site_name\" content=\"Esp\u00edgul\" \/>\n<meta property=\"article:modified_time\" content=\"2025-12-16T09:43:18+00:00\" \/>\n<meta property=\"og:image\" content=\"https:\/\/www.espigul.com\/wp-content\/uploads\/2024\/03\/DSC00659-scaled.jpg\" \/>\n\t<meta property=\"og:image:width\" content=\"2560\" \/>\n\t<meta property=\"og:image:height\" content=\"1709\" \/>\n\t<meta property=\"og:image:type\" content=\"image\/jpeg\" \/>\n<meta name=\"twitter:card\" content=\"summary_large_image\" \/>\n<meta name=\"twitter:label1\" content=\"Gesch\u00e4tzte Lesezeit\" \/>\n\t<meta name=\"twitter:data1\" content=\"3\u00a0Minuten\" \/>\n<script type=\"application\/ld+json\" class=\"yoast-schema-graph\">{\"@context\":\"https:\\\/\\\/schema.org\",\"@graph\":[{\"@type\":\"WebPage\",\"@id\":\"https:\\\/\\\/www.espigul.com\\\/de\\\/haeuser-sant-gregori\\\/\",\"url\":\"https:\\\/\\\/www.espigul.com\\\/de\\\/haeuser-sant-gregori\\\/\",\"name\":\"H\u00e4user Sant Gregori - Esp\u00edgul\",\"isPartOf\":{\"@id\":\"https:\\\/\\\/www.espigul.com\\\/de\\\/#website\"},\"primaryImageOfPage\":{\"@id\":\"https:\\\/\\\/www.espigul.com\\\/de\\\/haeuser-sant-gregori\\\/#primaryimage\"},\"image\":{\"@id\":\"https:\\\/\\\/www.espigul.com\\\/de\\\/haeuser-sant-gregori\\\/#primaryimage\"},\"thumbnailUrl\":\"https:\\\/\\\/www.espigul.com\\\/wp-content\\\/uploads\\\/2024\\\/03\\\/DSC00659-scaled.jpg\",\"datePublished\":\"2024-05-21T09:04:41+00:00\",\"dateModified\":\"2025-12-16T09:43:18+00:00\",\"description\":\"Finden Sie die besten H\u00e4user zum Verkauf oder zur Miete in Sant Gregori. Wir sind Experten im Verkauf oder der Vermietung von H\u00e4usern in Sant Gregori.\",\"breadcrumb\":{\"@id\":\"https:\\\/\\\/www.espigul.com\\\/de\\\/haeuser-sant-gregori\\\/#breadcrumb\"},\"inLanguage\":\"de\",\"potentialAction\":[{\"@type\":\"ReadAction\",\"target\":[\"https:\\\/\\\/www.espigul.com\\\/de\\\/haeuser-sant-gregori\\\/\"]}]},{\"@type\":\"ImageObject\",\"inLanguage\":\"de\",\"@id\":\"https:\\\/\\\/www.espigul.com\\\/de\\\/haeuser-sant-gregori\\\/#primaryimage\",\"url\":\"https:\\\/\\\/www.espigul.com\\\/wp-content\\\/uploads\\\/2024\\\/03\\\/DSC00659-scaled.jpg\",\"contentUrl\":\"https:\\\/\\\/www.espigul.com\\\/wp-content\\\/uploads\\\/2024\\\/03\\\/DSC00659-scaled.jpg\",\"width\":2560,\"height\":1709},{\"@type\":\"BreadcrumbList\",\"@id\":\"https:\\\/\\\/www.espigul.com\\\/de\\\/haeuser-sant-gregori\\\/#breadcrumb\",\"itemListElement\":[{\"@type\":\"ListItem\",\"position\":1,\"name\":\"Inici\",\"item\":\"https:\\\/\\\/www.espigul.com\\\/de\\\/\"},{\"@type\":\"ListItem\",\"position\":2,\"name\":\"H\u00e4user Sant Gregori\"}]},{\"@type\":\"WebSite\",\"@id\":\"https:\\\/\\\/www.espigul.com\\\/de\\\/#website\",\"url\":\"https:\\\/\\\/www.espigul.com\\\/de\\\/\",\"name\":\"Esp\u00edgul\",\"description\":\"La immobili\u00e0ria l\u00edder de Girona\",\"publisher\":{\"@id\":\"https:\\\/\\\/www.espigul.com\\\/de\\\/#organization\"},\"potentialAction\":[{\"@type\":\"SearchAction\",\"target\":{\"@type\":\"EntryPoint\",\"urlTemplate\":\"https:\\\/\\\/www.espigul.com\\\/de\\\/?s={search_term_string}\"},\"query-input\":{\"@type\":\"PropertyValueSpecification\",\"valueRequired\":true,\"valueName\":\"search_term_string\"}}],\"inLanguage\":\"de\"},{\"@type\":\"Organization\",\"@id\":\"https:\\\/\\\/www.espigul.com\\\/de\\\/#organization\",\"name\":\"Esp\u00edgul\",\"url\":\"https:\\\/\\\/www.espigul.com\\\/de\\\/\",\"logo\":{\"@type\":\"ImageObject\",\"inLanguage\":\"de\",\"@id\":\"https:\\\/\\\/www.espigul.com\\\/de\\\/#\\\/schema\\\/logo\\\/image\\\/\",\"url\":\"https:\\\/\\\/www.espigul.com\\\/wp-content\\\/uploads\\\/2023\\\/08\\\/espigul-block.png\",\"contentUrl\":\"https:\\\/\\\/www.espigul.com\\\/wp-content\\\/uploads\\\/2023\\\/08\\\/espigul-block.png\",\"width\":384,\"height\":240,\"caption\":\"Esp\u00edgul\"},\"image\":{\"@id\":\"https:\\\/\\\/www.espigul.com\\\/de\\\/#\\\/schema\\\/logo\\\/image\\\/\"},\"sameAs\":[\"https:\\\/\\\/www.instagram.com\\\/immoespigul\\\/\",\"https:\\\/\\\/www.youtube.com\\\/channel\\\/UCYyD-WWfbCFpCXau4SQOGKQ\"]}]}<\/script>\n<!-- \/ Yoast SEO plugin. -->","yoast_head_json":{"title":"H\u00e4user Sant Gregori - Esp\u00edgul","description":"Finden Sie die besten H\u00e4user zum Verkauf oder zur Miete in Sant Gregori. Wir sind Experten im Verkauf oder der Vermietung von H\u00e4usern in Sant Gregori.","robots":{"index":"index","follow":"follow","max-snippet":"max-snippet:-1","max-image-preview":"max-image-preview:large","max-video-preview":"max-video-preview:-1"},"canonical":"https:\/\/www.espigul.com\/de\/haeuser-sant-gregori\/","og_locale":"de_DE","og_type":"article","og_title":"H\u00e4user Sant Gregori - Esp\u00edgul","og_description":"Finden Sie die besten H\u00e4user zum Verkauf oder zur Miete in Sant Gregori. Wir sind Experten im Verkauf oder der Vermietung von H\u00e4usern in Sant Gregori.","og_url":"https:\/\/www.espigul.com\/de\/haeuser-sant-gregori\/","og_site_name":"Esp\u00edgul","article_modified_time":"2025-12-16T09:43:18+00:00","og_image":[{"width":2560,"height":1709,"url":"https:\/\/www.espigul.com\/wp-content\/uploads\/2024\/03\/DSC00659-scaled.jpg","type":"image\/jpeg"}],"twitter_card":"summary_large_image","twitter_misc":{"Gesch\u00e4tzte Lesezeit":"3\u00a0Minuten"},"schema":{"@context":"https:\/\/schema.org","@graph":[{"@type":"WebPage","@id":"https:\/\/www.espigul.com\/de\/haeuser-sant-gregori\/","url":"https:\/\/www.espigul.com\/de\/haeuser-sant-gregori\/","name":"H\u00e4user Sant Gregori - Esp\u00edgul","isPartOf":{"@id":"https:\/\/www.espigul.com\/de\/#website"},"primaryImageOfPage":{"@id":"https:\/\/www.espigul.com\/de\/haeuser-sant-gregori\/#primaryimage"},"image":{"@id":"https:\/\/www.espigul.com\/de\/haeuser-sant-gregori\/#primaryimage"},"thumbnailUrl":"https:\/\/www.espigul.com\/wp-content\/uploads\/2024\/03\/DSC00659-scaled.jpg","datePublished":"2024-05-21T09:04:41+00:00","dateModified":"2025-12-16T09:43:18+00:00","description":"Finden Sie die besten H\u00e4user zum Verkauf oder zur Miete in Sant Gregori. Wir sind Experten im Verkauf oder der Vermietung von H\u00e4usern in Sant Gregori.","breadcrumb":{"@id":"https:\/\/www.espigul.com\/de\/haeuser-sant-gregori\/#breadcrumb"},"inLanguage":"de","potentialAction":[{"@type":"ReadAction","target":["https:\/\/www.espigul.com\/de\/haeuser-sant-gregori\/"]}]},{"@type":"ImageObject","inLanguage":"de","@id":"https:\/\/www.espigul.com\/de\/haeuser-sant-gregori\/#primaryimage","url":"https:\/\/www.espigul.com\/wp-content\/uploads\/2024\/03\/DSC00659-scaled.jpg","contentUrl":"https:\/\/www.espigul.com\/wp-content\/uploads\/2024\/03\/DSC00659-scaled.jpg","width":2560,"height":1709},{"@type":"BreadcrumbList","@id":"https:\/\/www.espigul.com\/de\/haeuser-sant-gregori\/#breadcrumb","itemListElement":[{"@type":"ListItem","position":1,"name":"Inici","item":"https:\/\/www.espigul.com\/de\/"},{"@type":"ListItem","position":2,"name":"H\u00e4user Sant Gregori"}]},{"@type":"WebSite","@id":"https:\/\/www.espigul.com\/de\/#website","url":"https:\/\/www.espigul.com\/de\/","name":"Esp\u00edgul","description":"La immobili\u00e0ria l\u00edder de Girona","publisher":{"@id":"https:\/\/www.espigul.com\/de\/#organization"},"potentialAction":[{"@type":"SearchAction","target":{"@type":"EntryPoint","urlTemplate":"https:\/\/www.espigul.com\/de\/?s={search_term_string}"},"query-input":{"@type":"PropertyValueSpecification","valueRequired":true,"valueName":"search_term_string"}}],"inLanguage":"de"},{"@type":"Organization","@id":"https:\/\/www.espigul.com\/de\/#organization","name":"Esp\u00edgul","url":"https:\/\/www.espigul.com\/de\/","logo":{"@type":"ImageObject","inLanguage":"de","@id":"https:\/\/www.espigul.com\/de\/#\/schema\/logo\/image\/","url":"https:\/\/www.espigul.com\/wp-content\/uploads\/2023\/08\/espigul-block.png","contentUrl":"https:\/\/www.espigul.com\/wp-content\/uploads\/2023\/08\/espigul-block.png","width":384,"height":240,"caption":"Esp\u00edgul"},"image":{"@id":"https:\/\/www.espigul.com\/de\/#\/schema\/logo\/image\/"},"sameAs":["https:\/\/www.instagram.com\/immoespigul\/","https:\/\/www.youtube.com\/channel\/UCYyD-WWfbCFpCXau4SQOGKQ"]}]}},"uagb_featured_image_src":{"full":["https:\/\/www.espigul.com\/wp-content\/uploads\/2024\/03\/DSC00659-scaled.jpg",2560,1709,false],"thumbnail":["https:\/\/www.espigul.com\/wp-content\/uploads\/2024\/03\/DSC00659-150x150.jpg",150,150,true],"medium":["https:\/\/www.espigul.com\/wp-content\/uploads\/2024\/03\/DSC00659-400x267.jpg",400,267,true],"medium_large":["https:\/\/www.espigul.com\/wp-content\/uploads\/2024\/03\/DSC00659-768x513.jpg",768,513,true],"large":["https:\/\/www.espigul.com\/wp-content\/uploads\/2024\/03\/DSC00659-1300x868.jpg",960,641,true],"1536x1536":["https:\/\/www.espigul.com\/wp-content\/uploads\/2024\/03\/DSC00659-1536x1025.jpg",1536,1025,true],"2048x2048":["https:\/\/www.espigul.com\/wp-content\/uploads\/2024\/03\/DSC00659-2048x1367.jpg",2048,1367,true],"gform-image-choice-sm":["https:\/\/www.espigul.com\/wp-content\/uploads\/2024\/03\/DSC00659-scaled.jpg",300,200,false],"gform-image-choice-md":["https:\/\/www.espigul.com\/wp-content\/uploads\/2024\/03\/DSC00659-scaled.jpg",400,267,false],"gform-image-choice-lg":["https:\/\/www.espigul.com\/wp-content\/uploads\/2024\/03\/DSC00659-scaled.jpg",600,401,false]},"uagb_author_info":{"display_name":"Anna Ramon","author_link":"https:\/\/www.espigul.com\/de\/author\/anna-ramon\/"},"uagb_comment_info":0,"uagb_excerpt":"H\u00c4USER SANT GREGORI Entdecken Sie die besten H\u00e4user in Sant Gregori. Von Esp\u00edgul aus helfen wir Ihnen, das perfekte Zuhause in dieser charmanten katalanischen Ortschaft zu finden. Wir bieten Ihnen einen umfassenden Service, vom Kauf und Verkauf bis zur Vermietung von Immobilien. H\u00e4user in Sant Gregori Girona Sant Gregori ist ein Ort, der die Ruhe...","_links":{"self":[{"href":"https:\/\/www.espigul.com\/de\/wp-json\/wp\/v2\/pages\/165181","targetHints":{"allow":["GET"]}}],"collection":[{"href":"https:\/\/www.espigul.com\/de\/wp-json\/wp\/v2\/pages"}],"about":[{"href":"https:\/\/www.espigul.com\/de\/wp-json\/wp\/v2\/types\/page"}],"author":[{"embeddable":true,"href":"https:\/\/www.espigul.com\/de\/wp-json\/wp\/v2\/users\/2"}],"replies":[{"embeddable":true,"href":"https:\/\/www.espigul.com\/de\/wp-json\/wp\/v2\/comments?post=165181"}],"version-history":[{"count":2,"href":"https:\/\/www.espigul.com\/de\/wp-json\/wp\/v2\/pages\/165181\/revisions"}],"predecessor-version":[{"id":335211,"href":"https:\/\/www.espigul.com\/de\/wp-json\/wp\/v2\/pages\/165181\/revisions\/335211"}],"wp:featuredmedia":[{"embeddable":true,"href":"https:\/\/www.espigul.com\/de\/wp-json\/wp\/v2\/media\/165183"}],"wp:attachment":[{"href":"https:\/\/www.espigul.com\/de\/wp-json\/wp\/v2\/media?parent=165181"}],"curies":[{"name":"wp","href":"https:\/\/api.w.org\/{rel}","templated":true}]}}