{"id":165099,"date":"2023-06-12T08:37:50","date_gmt":"2023-06-12T06:37:50","guid":{"rendered":"https:\/\/www.espigul.com\/rechtlicher-hinweis\/"},"modified":"2026-02-17T10:25:30","modified_gmt":"2026-02-17T08:25:30","slug":"rechtlicher-hinweis","status":"publish","type":"page","link":"https:\/\/www.espigul.com\/de\/rechtlicher-hinweis\/","title":{"rendered":"Rechtlicher Hinweis"},"content":{"rendered":"\n<div class=\"wp-block-uagb-container uagb-block-7b0d2c16 alignfull uagb-is-root-container\"><div class=\"uagb-container-inner-blocks-wrap\">\n<h1 class=\"wp-block-heading has-text-align-center\">RECHTLICHER HINWEIS<\/h1>\n\n\n\n<p><strong>1. <strong>Allgemeine Bedingungen<\/strong>:<\/strong><\/p>\n\n\n\n<p>Dieser rechtliche Hinweis enth\u00e4lt die Bedingungen, die die Nutzung und den Zugang zur Website <a href=\"https:\/\/www.espigul.com\">https:\/\/www.espigul.com<\/a> (im Folgenden: Website oder Web) sowie die sich aus ihrer Nutzung ergebenden Verantwortlichkeiten regeln, in \u00dcbereinstimmung mit dem Gesetz 34\/2002 vom 11. Juli \u00fcber Dienste der Informationsgesellschaft und des elektronischen Handels (im Folgenden: LSSI). Es wird davon ausgegangen, dass der Zugriff oder die blo\u00dfe Nutzung der Website durch den Nutzer die Zustimmung zu allen Bedingungen bedeutet, die Immobiliaria Esp\u00edgul zu diesem Zeitpunkt auf der Website ver\u00f6ffentlicht hat. Die Nutzer werden dar\u00fcber informiert, dass Immobiliaria Esp\u00edgul die geltende Gesetzgebung zum Schutz personenbezogener Daten, die Privatsph\u00e4re der Nutzer sowie die Vertraulichkeit und Sicherheit ihrer personenbezogenen Daten respektiert und hierf\u00fcr die notwendigen technischen und organisatorischen Ma\u00dfnahmen ergreift, um den Verlust, Missbrauch, die \u00c4nderung, den unbefugten Zugriff und den Diebstahl der bereitgestellten personenbezogenen Daten zu verhindern.  <\/p>\n\n\n\n<p><strong>2. Inhaber:<\/strong><\/p>\n\n\n\n<p>Der Inhaber dieser Website ist:<\/p>\n\n\n\n<p>Immobiliaria Esp\u00edgul SL, im Folgenden Immobiliaria Esp\u00edgul genannt, mit Gesch\u00e4ftssitz in Pla\u00e7a Marqu\u00e8s de Camps, 3, 17001 Girona (Girona), mit der Steuernummer (CIF) B-17284894, Telefonnummer 972220110 und E-Mail-Adresse <a href=\"mailto:hola@espigul.com\">hola@espigul.com<\/a>. IMMOBILIARIA ESPIGUL S.L. Steuernummer (CIF) B-17284894 \u2013 Handelsregister Girona. Band 83 \u2013 Blatt 155 \u2013 Seite Nummer Gi-1477. \u2013 Eintragung 17a. Steueranschrift: Pla\u00e7a Marqu\u00e8s de Camps, 3 17001 GIRONA (Girona)   <\/p>\n\n\n\n<p><strong>3. Gegenstand:<\/strong><\/p>\n\n\n\n<p>Der Zweck dieser Website ist es, \u00fcber die Aktivit\u00e4ten und Dienstleistungen zu informieren, die Immobili\u00e0ria Esp\u00edgul entwickelt und anbietet.<\/p>\n\n\n\n<p><strong><strong>4. <\/strong>Rechte an geistigem und gewerblichem Eigentum:<\/strong><\/p>\n\n\n\n<p>Die Gesamtheit dieser Website: Beschreibung und Merkmale, Text, Bilder, Marken, Logos, Schaltfl\u00e4chen, Software-Dateien sowie die Struktur, Auswahl, Anordnung und Pr\u00e4sentation ihrer Inhalte sind durch spanische und internationale Gesetze zum geistigen und gewerblichen Eigentum gesch\u00fctzt. In keinem Fall bedeutet der Zugriff Dritter auf diese Website einen Verzicht, eine \u00dcbertragung oder eine vollst\u00e4ndige oder teilweise Abtretung der durch die spanische und internationale Gesetzgebung zum geistigen und gewerblichen Eigentum gew\u00e4hrten Rechte. <\/p>\n\n\n\n<p>Die Vervielf\u00e4ltigung (mit Ausnahme des tempor\u00e4ren Downloads von der Website auf die Festplatte des Nutzercomputers oder auf Proxyserver), das Kopieren, die Nutzung, die Verbreitung, die Wiederverwendung, die Verwertung, die Erstellung von Zweitkopien, der Versand per Post, die \u00dcbertragung, die \u00c4nderung, die Abtretung oder jede andere Handlung, die mit der Gesamtheit oder einem Teil der auf dieser Website enthaltenen Informationen vorgenommen wird und die nicht ausdr\u00fccklich vom Inhaber genehmigt wurde, sind untersagt. Der Nutzer verpflichtet sich, die Inhalte sorgf\u00e4ltig, korrekt und rechtm\u00e4\u00dfig zu nutzen und insbesondere darauf zu verzichten, das \u201eCopyright\u201c und andere Identifikationsdaten der Rechte von Immobili\u00e0ria Esp\u00edgul oder ihrer Inhaber, die in den Inhalten enthalten sind, sowie technische Schutzvorrichtungen oder Informationsmechanismen, die in den Inhalten enthalten sein k\u00f6nnten, zu l\u00f6schen, zu umgehen oder zu manipulieren. <a href=\"https:\/\/www.espigul.com\">https:\/\/www.espigul.com<\/a> ist eine von Immobili\u00e0ria Esp\u00edgul registrierte Domain. Die Domain darf, au\u00dfer mit vorheriger ausdr\u00fccklicher Genehmigung, nicht in Verbindung mit anderen Diensten, die nicht zum Unternehmen geh\u00f6ren, in einer Weise verwendet werden, die Verwirrung bei unseren Kunden stiften oder Immobili\u00e0ria Esp\u00edgul in Verruf bringen k\u00f6nnte.  <\/p>\n\n\n\n<p><strong>5. Zugang:<\/strong><\/p>\n\n\n\n<p>Die Nutzer k\u00f6nnen frei und kostenlos auf die Website zugreifen. Immobili\u00e0ria Esp\u00edgul beh\u00e4lt sich jedoch das Recht vor, den Zugang zu bestimmten Bereichen der Website f\u00fcr Nutzer, die nicht \u00fcber die entsprechenden Zugangsdaten verf\u00fcgen, einzuschr\u00e4nken. Diese Zugangsdaten (Benutzername und Passwort) werden von Immobili\u00e0ria Esp\u00edgul ihren Kunden oder Nutzern, die dies ausdr\u00fccklich anfordern, zur Verf\u00fcgung gestellt, um Zugang zu spezifischen Informationen f\u00fcr diese Nutzergruppe zu erhalten. Die Nutzung des Passworts ist pers\u00f6nlich und nicht \u00fcbertragbar; die Weitergabe, auch nicht vor\u00fcbergehend, an Dritte ist nicht gestattet. In diesem Sinne verpflichtet sich der Nutzer zu einer sorgf\u00e4ltigen Nutzung und zur Geheimhaltung desselben.    <\/p>\n\n\n\n<p><strong>6. Haftung und Pflichten:<\/strong><\/p>\n\n\n\n<p><strong>6.1. Haftung f\u00fcr den Inhalt<\/strong><\/p>\n\n\n\n<p>Der Inhalt dieser Website ist allgemeiner Natur und dient ausschlie\u00dflich informativen Zwecken \u00fcber unsere Dienstleistungen und unsere Gesch\u00e4ftst\u00e4tigkeit. Immobili\u00e0ria Esp\u00edgul lehnt jede Verantwortung f\u00fcr Entscheidungen ab, die vom Nutzer der Website getroffen werden. Immobili\u00e0ria Esp\u00edgul lehnt die Verantwortung f\u00fcr Informationen ab, die nicht vom Unternehmen erstellt oder nicht von ihm unter seinem Namen autorisiert ver\u00f6ffentlicht wurden, sowie die Verantwortung, die sich aus dem Missbrauch der Inhalte ergibt. Ebenso beh\u00e4lt sich Immobili\u00e0ria Esp\u00edgul in Bezug auf die Inhalte das Recht vor, diese zu aktualisieren, zu l\u00f6schen, einzuschr\u00e4nken oder den Zugriff darauf vor\u00fcbergehend oder dauerhaft zu verhindern.   <\/p>\n\n\n\n<p><strong>6.2. Haftung bez\u00fcglich Links zu anderen Websites<\/strong><\/p>\n\n\n\n<p>Die auf dieser Website eingef\u00fcgten Links dienen lediglich Informationszwecken, und Immobili\u00e0ria Esp\u00edgul kontrolliert oder \u00fcberpr\u00fcft daher keine Informationen, Inhalte, Produkte oder Dienstleistungen, die \u00fcber diese Websites bereitgestellt werden. Folglich lehnt Immobili\u00e0ria Esp\u00edgul jede Art von Verantwortung f\u00fcr jegliche Aspekte, insbesondere f\u00fcr den Inhalt, im Zusammenhang mit den verlinkten Seiten ab. Diese Links zu anderen Seiten sowie zu den von ihnen angebotenen Produkten oder Dienstleistungen implizieren keine Unterst\u00fctzung, F\u00f6rderung oder Empfehlung durch Immobili\u00e0ria Esp\u00edgul.  <\/p>\n\n\n\n<p><strong>6.3. Haftung f\u00fcr den Fall, dass diese Seite das Ziel eines auf einer anderen Seite eingef\u00fcgten Links ist<\/strong><\/p>\n\n\n\n<p>Hinsichtlich der von anderen Seiten zum Ziel der Immobili\u00e0ria Esp\u00edgul-Website eingerichteten Links sind die folgenden Bestimmungen zu beachten: \u00b7 Vor der Einrichtung des Links muss eine Genehmigung eingeholt werden, und deren Erteilung muss ausdr\u00fccklich vermerkt sein.<\/p>\n\n\n\n<p>Der Link muss absolut und vollst\u00e4ndig sein, d.h. er muss den Nutzer zur eigenen Adresse von Immobili\u00e0ria Esp\u00edgul f\u00fchren und die gesamte Bildschirmfl\u00e4che der Startseite vollst\u00e4ndig abdecken. In keinem Fall darf die Seite, die den Link setzt, ohne ausdr\u00fcckliche und schriftliche Genehmigung von Immobili\u00e0ria Esp\u00edgul die Website von Immobili\u00e0ria Esp\u00edgul in irgendeiner Weise reproduzieren, sie als Teil ihrer Website oder innerhalb eines ihrer \u201eFrames\u201c einbinden oder einen \u201eBrowser\u201c \u00fcber eine der Seiten der Website erstellen. <\/p>\n\n\n\n<p>Es d\u00fcrfen keine falschen oder unzutreffenden Angaben \u00fcber die Seite von Immobili\u00e0ria Esp\u00edgul gemacht werden.<\/p>\n\n\n\n<p>Wenn ein Kennzeichen von Immobili\u00e0ria Esp\u00edgul, wie Marken, Logos und Bezeichnungen, verwendet werden soll, ist eine schriftliche Genehmigung erforderlich.<\/p>\n\n\n\n<p>Der Inhaber der Seite, die den Link anbietet, muss in gutem Glauben handeln und darf nicht beabsichtigen, den Ruf oder den guten Namen von Immobili\u00e0ria Esp\u00edgul negativ zu beeinflussen.<\/p>\n\n\n\n<p>Es ist untersagt, ohne ausdr\u00fcckliche Genehmigung von Immobili\u00e0ria Esp\u00edgul die Textelemente der Marke oder des Logos, den Domainnamen oder den Firmennamen von Immobili\u00e0ria Esp\u00edgul als Schl\u00fcsselwort (\u201eMetatags\u201c oder \u201eMetanamen\u201c) f\u00fcr die Suche nach Websites \u00fcber Suchmaschinen zu registrieren. Immobili\u00e0ria Esp\u00edgul \u00fcbernimmt keinerlei Verantwortung f\u00fcr jegliche Aspekte im Zusammenhang mit der Website, die den Link anbietet. <\/p>\n\n\n\n<p><strong>6.4. Haftung f\u00fcr technische Aspekte:<\/strong><\/p>\n\n\n\n<p>Immobili\u00e0ria Esp\u00edgul wird alles tun, um einen stabilen und dauerhaften Dienst anzubieten, garantiert jedoch in keinem Fall die Kontinuit\u00e4t des Betriebs sowie die Funktionsf\u00e4higkeit und Verf\u00fcgbarkeit der Website aus Gr\u00fcnden, die au\u00dferhalb ihrer Verantwortung liegen. Immobili\u00e0ria Esp\u00edgul haftet nicht f\u00fcr direkte oder indirekte Sch\u00e4den, einschlie\u00dflich Sch\u00e4den an Computersystemen und die Einschleusung von im Netzwerk vorhandenen Viren, die sich aus der f\u00fcr die Nutzung dieser Website erforderlichen Internetnavigation ergeben. Aus diesem Grund wird in keinem Fall eine Entsch\u00e4digung f\u00fcr m\u00f6gliche Probleme aufgrund einer Fehlfunktion des Systems geleistet.  <\/p>\n\n\n\n<p><strong>6.5. Pflichten der Nutzer:<\/strong><\/p>\n\n\n\n<p>Der Nutzer haftet f\u00fcr Sch\u00e4den, die Immobili\u00e0ria Esp\u00edgul infolge der Nichteinhaltung einer der in diesem rechtlichen Hinweis festgelegten Pflichten durch ihn erleiden k\u00f6nnte. Der Nutzer haftet in jedem Fall f\u00fcr die Richtigkeit der angegebenen Daten, wobei sich Immobili\u00e0ria Esp\u00edgul das Recht vorbeh\u00e4lt, jeden Nutzer, der falsche Daten angegeben hat, von den registrierten Diensten auszuschlie\u00dfen und den beantragten Versicherungsvertrag zu k\u00fcndigen, unbeschadet anderer rechtlicher Schritte. Der Nutzer darf diesen Dienst nicht zur \u00dcbertragung von illegalem, bedrohlichem, diffamierendem oder sonstigem als beleidigend angesehenem Material verwenden. Ebenso darf er die Inhalte von Immobili\u00e0ria Esp\u00edgul nicht missbr\u00e4uchlich nutzen, sie zu anderen als den vorgesehenen Zwecken verwenden, sie reproduzieren, modifizieren oder umwandeln. Jede auf der Website von Immobili\u00e0ria Esp\u00edgul erhaltene und auf einer externen Seite angezeigte Information muss unter Angabe der Quelle, d.h. des Namens der Website und des Links oder der Seite, von der die Information stammt, ordnungsgem\u00e4\u00df angezeigt werden. Hinsichtlich der Navigation verpflichtet sich der Nutzer, die Empfehlungen, die Immobili\u00e0ria Esp\u00edgul bez\u00fcglich der Nutzung der Website gegebenenfalls festlegt, sorgf\u00e4ltig und gewissenhaft zu beachten. Zu diesem Zweck wird sich Immobili\u00e0ria Esp\u00edgul \u00fcber jedes Kommunikationsmittel \u00fcber die Website an die Nutzer wenden.      <\/p>\n\n\n\n<p><strong>7. Dauer und \u00c4nderung:<\/strong><\/p>\n\n\n\n<p>Immobili\u00e0ria Esp\u00edgul ist berechtigt, die hier festgelegten Bedingungen und Konditionen einseitig, ganz oder teilweise, zu \u00e4ndern. Jede \u00c4nderung wird in der gleichen Form, wie sie in diesem rechtlichen Hinweis enthalten ist, erscheinen und den Nutzern zur Kenntnis gebracht. Die zeitliche G\u00fcltigkeit dieses rechtlichen Hinweises stimmt daher mit der Dauer seiner Ver\u00f6ffentlichung \u00fcberein, bis zu dem Zeitpunkt, an dem er von Immobili\u00e0ria Esp\u00edgul ganz oder teilweise ge\u00e4ndert wird. Immobili\u00e0ria Esp\u00edgul kann den Betrieb dieser Website einseitig beenden, aussetzen oder unterbrechen, ohne dass der Nutzer eine Entsch\u00e4digung verlangen kann. Nach dieser Beendigung muss der Nutzer alle Informationen \u00fcber Immobili\u00e0ria Esp\u00edgul, die er in irgendeinem Format besitzt und die er \u00fcber die Website oder durch individuelle Mitteilungen an den Nutzer erhalten hat, vernichten. Immobili\u00e0ria Esp\u00edgul ist nicht verpflichtet, Inhalte zu speichern oder ungelesene oder ungesendete Nachrichten an den Nutzer oder Dritte weiterzuleiten.     <\/p>\n\n\n\n<p><strong>8. Anwendbares Recht und Gerichtsstand:<\/strong><\/p>\n\n\n\n<p>Diese Nutzungsbedingungen unterliegen spanischem Recht. Die auf dieser Website erscheinenden Bedingungen unterliegen in jedem Fall den spanischen Gesetzen und Gerichten. Im Falle von Streitigkeiten zwischen dem Nutzer und Immobili\u00e0ria Esp\u00edgul vereinbaren die Parteien ausdr\u00fccklich und verzichten auf jeden anderen Gerichtsstand, dass die Gerichte und Gerichte von Girona (Spanien) f\u00fcr die Erbringung der Dienstleistung zust\u00e4ndig sind.  <\/p>\n<\/div><\/div>\n","protected":false},"excerpt":{"rendered":"<p>RECHTLICHER HINWEIS 1. Allgemeine Bedingungen: Dieser rechtliche Hinweis enth\u00e4lt die Bedingungen, die die Nutzung und den Zugang zur Website https:\/\/www.espigul.com (im Folgenden: Website oder Web) sowie die sich aus ihrer Nutzung ergebenden Verantwortlichkeiten regeln, in \u00dcbereinstimmung mit dem Gesetz 34\/2002 vom 11. Juli \u00fcber Dienste der Informationsgesellschaft und des elektronischen Handels (im Folgenden: LSSI). Es&#8230;<\/p>\n","protected":false},"author":2,"featured_media":0,"parent":0,"menu_order":0,"comment_status":"closed","ping_status":"open","template":"","meta":{"_acf_changed":false,"_uag_custom_page_level_css":"","footnotes":""},"class_list":["post-165099","page","type-page","status-publish","hentry"],"acf":[],"yoast_head":"<!-- This site is optimized with the Yoast SEO plugin v27.4 - https:\/\/yoast.com\/product\/yoast-seo-wordpress\/ -->\n<title>Rechtlicher Hinweis - Esp\u00edgul<\/title>\n<meta name=\"robots\" content=\"index, follow, max-snippet:-1, max-image-preview:large, max-video-preview:-1\" \/>\n<link rel=\"canonical\" href=\"https:\/\/www.espigul.com\/de\/rechtlicher-hinweis\/\" \/>\n<meta property=\"og:locale\" content=\"de_DE\" \/>\n<meta property=\"og:type\" content=\"article\" \/>\n<meta property=\"og:title\" content=\"Rechtlicher Hinweis - Esp\u00edgul\" \/>\n<meta property=\"og:description\" content=\"RECHTLICHER HINWEIS 1. Allgemeine Bedingungen: Dieser rechtliche Hinweis enth\u00e4lt die Bedingungen, die die Nutzung und den Zugang zur Website https:\/\/www.espigul.com (im Folgenden: Website oder Web) sowie die sich aus ihrer Nutzung ergebenden Verantwortlichkeiten regeln, in \u00dcbereinstimmung mit dem Gesetz 34\/2002 vom 11. Juli \u00fcber Dienste der Informationsgesellschaft und des elektronischen Handels (im Folgenden: LSSI). Es...\" \/>\n<meta property=\"og:url\" content=\"https:\/\/www.espigul.com\/de\/rechtlicher-hinweis\/\" \/>\n<meta property=\"og:site_name\" content=\"Esp\u00edgul\" \/>\n<meta property=\"article:modified_time\" content=\"2026-02-17T08:25:30+00:00\" \/>\n<meta name=\"twitter:card\" content=\"summary_large_image\" \/>\n<meta name=\"twitter:label1\" content=\"Gesch\u00e4tzte Lesezeit\" \/>\n\t<meta name=\"twitter:data1\" content=\"9\u00a0Minuten\" \/>\n<script type=\"application\/ld+json\" class=\"yoast-schema-graph\">{\"@context\":\"https:\\\/\\\/schema.org\",\"@graph\":[{\"@type\":\"WebPage\",\"@id\":\"https:\\\/\\\/www.espigul.com\\\/de\\\/rechtlicher-hinweis\\\/\",\"url\":\"https:\\\/\\\/www.espigul.com\\\/de\\\/rechtlicher-hinweis\\\/\",\"name\":\"Rechtlicher Hinweis - Esp\u00edgul\",\"isPartOf\":{\"@id\":\"https:\\\/\\\/www.espigul.com\\\/de\\\/#website\"},\"datePublished\":\"2023-06-12T06:37:50+00:00\",\"dateModified\":\"2026-02-17T08:25:30+00:00\",\"breadcrumb\":{\"@id\":\"https:\\\/\\\/www.espigul.com\\\/de\\\/rechtlicher-hinweis\\\/#breadcrumb\"},\"inLanguage\":\"de\",\"potentialAction\":[{\"@type\":\"ReadAction\",\"target\":[\"https:\\\/\\\/www.espigul.com\\\/de\\\/rechtlicher-hinweis\\\/\"]}]},{\"@type\":\"BreadcrumbList\",\"@id\":\"https:\\\/\\\/www.espigul.com\\\/de\\\/rechtlicher-hinweis\\\/#breadcrumb\",\"itemListElement\":[{\"@type\":\"ListItem\",\"position\":1,\"name\":\"Inici\",\"item\":\"https:\\\/\\\/www.espigul.com\\\/de\\\/\"},{\"@type\":\"ListItem\",\"position\":2,\"name\":\"Rechtlicher Hinweis\"}]},{\"@type\":\"WebSite\",\"@id\":\"https:\\\/\\\/www.espigul.com\\\/de\\\/#website\",\"url\":\"https:\\\/\\\/www.espigul.com\\\/de\\\/\",\"name\":\"Esp\u00edgul\",\"description\":\"La immobili\u00e0ria l\u00edder de Girona\",\"publisher\":{\"@id\":\"https:\\\/\\\/www.espigul.com\\\/de\\\/#organization\"},\"potentialAction\":[{\"@type\":\"SearchAction\",\"target\":{\"@type\":\"EntryPoint\",\"urlTemplate\":\"https:\\\/\\\/www.espigul.com\\\/de\\\/?s={search_term_string}\"},\"query-input\":{\"@type\":\"PropertyValueSpecification\",\"valueRequired\":true,\"valueName\":\"search_term_string\"}}],\"inLanguage\":\"de\"},{\"@type\":\"Organization\",\"@id\":\"https:\\\/\\\/www.espigul.com\\\/de\\\/#organization\",\"name\":\"Esp\u00edgul\",\"url\":\"https:\\\/\\\/www.espigul.com\\\/de\\\/\",\"logo\":{\"@type\":\"ImageObject\",\"inLanguage\":\"de\",\"@id\":\"https:\\\/\\\/www.espigul.com\\\/de\\\/#\\\/schema\\\/logo\\\/image\\\/\",\"url\":\"https:\\\/\\\/www.espigul.com\\\/wp-content\\\/uploads\\\/2023\\\/08\\\/espigul-block.png\",\"contentUrl\":\"https:\\\/\\\/www.espigul.com\\\/wp-content\\\/uploads\\\/2023\\\/08\\\/espigul-block.png\",\"width\":384,\"height\":240,\"caption\":\"Esp\u00edgul\"},\"image\":{\"@id\":\"https:\\\/\\\/www.espigul.com\\\/de\\\/#\\\/schema\\\/logo\\\/image\\\/\"},\"sameAs\":[\"https:\\\/\\\/www.instagram.com\\\/immoespigul\\\/\",\"https:\\\/\\\/www.youtube.com\\\/channel\\\/UCYyD-WWfbCFpCXau4SQOGKQ\"]}]}<\/script>\n<!-- \/ Yoast SEO plugin. -->","yoast_head_json":{"title":"Rechtlicher Hinweis - Esp\u00edgul","robots":{"index":"index","follow":"follow","max-snippet":"max-snippet:-1","max-image-preview":"max-image-preview:large","max-video-preview":"max-video-preview:-1"},"canonical":"https:\/\/www.espigul.com\/de\/rechtlicher-hinweis\/","og_locale":"de_DE","og_type":"article","og_title":"Rechtlicher Hinweis - Esp\u00edgul","og_description":"RECHTLICHER HINWEIS 1. Allgemeine Bedingungen: Dieser rechtliche Hinweis enth\u00e4lt die Bedingungen, die die Nutzung und den Zugang zur Website https:\/\/www.espigul.com (im Folgenden: Website oder Web) sowie die sich aus ihrer Nutzung ergebenden Verantwortlichkeiten regeln, in \u00dcbereinstimmung mit dem Gesetz 34\/2002 vom 11. Juli \u00fcber Dienste der Informationsgesellschaft und des elektronischen Handels (im Folgenden: LSSI). Es...","og_url":"https:\/\/www.espigul.com\/de\/rechtlicher-hinweis\/","og_site_name":"Esp\u00edgul","article_modified_time":"2026-02-17T08:25:30+00:00","twitter_card":"summary_large_image","twitter_misc":{"Gesch\u00e4tzte Lesezeit":"9\u00a0Minuten"},"schema":{"@context":"https:\/\/schema.org","@graph":[{"@type":"WebPage","@id":"https:\/\/www.espigul.com\/de\/rechtlicher-hinweis\/","url":"https:\/\/www.espigul.com\/de\/rechtlicher-hinweis\/","name":"Rechtlicher Hinweis - Esp\u00edgul","isPartOf":{"@id":"https:\/\/www.espigul.com\/de\/#website"},"datePublished":"2023-06-12T06:37:50+00:00","dateModified":"2026-02-17T08:25:30+00:00","breadcrumb":{"@id":"https:\/\/www.espigul.com\/de\/rechtlicher-hinweis\/#breadcrumb"},"inLanguage":"de","potentialAction":[{"@type":"ReadAction","target":["https:\/\/www.espigul.com\/de\/rechtlicher-hinweis\/"]}]},{"@type":"BreadcrumbList","@id":"https:\/\/www.espigul.com\/de\/rechtlicher-hinweis\/#breadcrumb","itemListElement":[{"@type":"ListItem","position":1,"name":"Inici","item":"https:\/\/www.espigul.com\/de\/"},{"@type":"ListItem","position":2,"name":"Rechtlicher Hinweis"}]},{"@type":"WebSite","@id":"https:\/\/www.espigul.com\/de\/#website","url":"https:\/\/www.espigul.com\/de\/","name":"Esp\u00edgul","description":"La immobili\u00e0ria l\u00edder de Girona","publisher":{"@id":"https:\/\/www.espigul.com\/de\/#organization"},"potentialAction":[{"@type":"SearchAction","target":{"@type":"EntryPoint","urlTemplate":"https:\/\/www.espigul.com\/de\/?s={search_term_string}"},"query-input":{"@type":"PropertyValueSpecification","valueRequired":true,"valueName":"search_term_string"}}],"inLanguage":"de"},{"@type":"Organization","@id":"https:\/\/www.espigul.com\/de\/#organization","name":"Esp\u00edgul","url":"https:\/\/www.espigul.com\/de\/","logo":{"@type":"ImageObject","inLanguage":"de","@id":"https:\/\/www.espigul.com\/de\/#\/schema\/logo\/image\/","url":"https:\/\/www.espigul.com\/wp-content\/uploads\/2023\/08\/espigul-block.png","contentUrl":"https:\/\/www.espigul.com\/wp-content\/uploads\/2023\/08\/espigul-block.png","width":384,"height":240,"caption":"Esp\u00edgul"},"image":{"@id":"https:\/\/www.espigul.com\/de\/#\/schema\/logo\/image\/"},"sameAs":["https:\/\/www.instagram.com\/immoespigul\/","https:\/\/www.youtube.com\/channel\/UCYyD-WWfbCFpCXau4SQOGKQ"]}]}},"uagb_featured_image_src":{"full":false,"thumbnail":false,"medium":false,"medium_large":false,"large":false,"1536x1536":false,"2048x2048":false,"gform-image-choice-sm":false,"gform-image-choice-md":false,"gform-image-choice-lg":false},"uagb_author_info":{"display_name":"Anna Ramon","author_link":"https:\/\/www.espigul.com\/de\/author\/anna-ramon\/"},"uagb_comment_info":0,"uagb_excerpt":"RECHTLICHER HINWEIS 1. Allgemeine Bedingungen: Dieser rechtliche Hinweis enth\u00e4lt die Bedingungen, die die Nutzung und den Zugang zur Website https:\/\/www.espigul.com (im Folgenden: Website oder Web) sowie die sich aus ihrer Nutzung ergebenden Verantwortlichkeiten regeln, in \u00dcbereinstimmung mit dem Gesetz 34\/2002 vom 11. Juli \u00fcber Dienste der Informationsgesellschaft und des elektronischen Handels (im Folgenden: LSSI). Es...","_links":{"self":[{"href":"https:\/\/www.espigul.com\/de\/wp-json\/wp\/v2\/pages\/165099","targetHints":{"allow":["GET"]}}],"collection":[{"href":"https:\/\/www.espigul.com\/de\/wp-json\/wp\/v2\/pages"}],"about":[{"href":"https:\/\/www.espigul.com\/de\/wp-json\/wp\/v2\/types\/page"}],"author":[{"embeddable":true,"href":"https:\/\/www.espigul.com\/de\/wp-json\/wp\/v2\/users\/2"}],"replies":[{"embeddable":true,"href":"https:\/\/www.espigul.com\/de\/wp-json\/wp\/v2\/comments?post=165099"}],"version-history":[{"count":2,"href":"https:\/\/www.espigul.com\/de\/wp-json\/wp\/v2\/pages\/165099\/revisions"}],"predecessor-version":[{"id":354146,"href":"https:\/\/www.espigul.com\/de\/wp-json\/wp\/v2\/pages\/165099\/revisions\/354146"}],"wp:attachment":[{"href":"https:\/\/www.espigul.com\/de\/wp-json\/wp\/v2\/media?parent=165099"}],"curies":[{"name":"wp","href":"https:\/\/api.w.org\/{rel}","templated":true}]}}