{"id":164536,"date":"2023-06-05T15:25:19","date_gmt":"2023-06-05T13:25:19","guid":{"rendered":"https:\/\/www.espigul.com\/datenschutzerklaerung\/"},"modified":"2026-02-17T11:11:17","modified_gmt":"2026-02-17T09:11:17","slug":"datenschutzerklaerung","status":"publish","type":"page","link":"https:\/\/www.espigul.com\/de\/datenschutzerklaerung\/","title":{"rendered":"Datenschutzerkl\u00e4rung"},"content":{"rendered":"\n<div class=\"wp-block-uagb-container uagb-block-e46acfb9 alignfull uagb-is-root-container\"><div class=\"uagb-container-inner-blocks-wrap\">\n<h1 class=\"wp-block-heading has-text-align-center\">DATENSCHUTZ<\/h1>\n\n\n\n<p><strong>DATENSCHUTZRICHTLINIE<\/strong><\/p>\n\n\n\n<p><strong>1. INFORMATIONEN F\u00dcR DEN NUTZER<\/strong><\/p>\n\n\n\n<p>Immobiliaria Esp\u00edgul SL, im Folgenden VERANTWORTLICHER genannt, ist f\u00fcr die Verarbeitung der personenbezogenen Daten des Nutzers verantwortlich und informiert Sie dar\u00fcber, dass diese Daten gem\u00e4\u00df der Verordnung (EU) 2016\/679 vom 27. April 2016 (DSGVO) zum Schutz nat\u00fcrlicher Personen bei der Verarbeitung personenbezogener Daten und zum freien Datenverkehr verarbeitet werden. Daher erhalten Sie die folgenden Informationen zur Verarbeitung: <\/p>\n\n\n\n<p><strong>Zweck der Verarbeitung<\/strong>: Aufrechterhaltung einer Gesch\u00e4ftsbeziehung mit dem Nutzer. Die f\u00fcr die Verarbeitung vorgesehenen Vorg\u00e4nge sind folgende: <\/p>\n\n\n\n<ul class=\"wp-block-list\">\n<li>Versand von kommerziellen Werbemitteilungen per E-Mail, Fax, SMS, MMS, soziale Netzwerke oder andere elektronische oder physische Mittel, gegenw\u00e4rtige oder zuk\u00fcnftige, die kommerzielle Mitteilungen erm\u00f6glichen. Diese Mitteilungen werden vom VERANTWORTLICHEN durchgef\u00fchrt und beziehen sich auf dessen Produkte und Dienstleistungen oder auf die Produkte und Dienstleistungen seiner Kooperationspartner oder Lieferanten, mit denen der VERANTWORTLICHE Werbevereinbarungen getroffen hat. In keinem Fall erhalten Dritte Zugriff auf die personenbezogenen Daten.  <\/li>\n\n\n\n<li>Durchf\u00fchrung statistischer Analysen.<\/li>\n\n\n\n<li>Bearbeitung von Bestellungen, Anfragen oder jeder Art von Antrag, die vom Nutzer \u00fcber die verf\u00fcgbaren Kontaktformulare gestellt werden.<\/li>\n<\/ul>\n\n\n\n<p><strong>Kriterien f\u00fcr die Datenspeicherung:<\/strong> Die Daten werden so lange gespeichert, wie ein gegenseitiges Interesse an der Aufrechterhaltung des Verarbeitungszwecks besteht, und, wenn sie f\u00fcr diesen Zweck nicht mehr erforderlich sind, mit geeigneten Sicherheitsma\u00dfnahmen gel\u00f6scht, um die Pseudonymisierung der Daten oder deren vollst\u00e4ndige Vernichtung zu gew\u00e4hrleisten.<\/p>\n\n\n\n<p><strong>Daten\u00fcbermittlung<\/strong>: Die Daten werden nicht an Dritte weitergegeben, es sei denn, es besteht eine gesetzliche Verpflichtung.<\/p>\n\n\n\n<p><strong>Rechte des Nutzers<\/strong>:<\/p>\n\n\n\n<ul class=\"wp-block-list\">\n<li>Recht auf jederzeitigen Widerruf der Einwilligung.<\/li>\n\n\n\n<li>Recht auf Auskunft, Berichtigung, Daten\u00fcbertragbarkeit und L\u00f6schung Ihrer Daten sowie auf Einschr\u00e4nkung oder Widerspruch gegen deren Verarbeitung.<\/li>\n\n\n\n<li>Recht, eine Beschwerde bei der Aufsichtsbeh\u00f6rde (agpd.es) einzureichen, wenn Sie der Ansicht sind, dass die Verarbeitung nicht den geltenden Vorschriften entspricht.<\/li>\n<\/ul>\n\n\n\n<p><strong>Kontaktdaten zur Aus\u00fcbung Ihrer Rechte:<\/strong><\/p>\n\n\n\n<p>Postanschrift: Immobiliaria Esp\u00edgul SL, Pla\u00e7a Marqu\u00e8s de Camps 3, 17001 &#8211; Girona, Girona. E-Mail-Adresse: <a href=\"mailto:hola@espigul.com\">hola@espigul.com<\/a> <\/p>\n\n\n\n<p><strong>2. OBLIGATORISCHER ODER FAKULTATIVER CHARAKTER DER VOM NUTZER BEREITGESTELLTEN INFORMATIONEN<\/strong><\/p>\n\n\n\n<p>Die Rechtsgrundlage f\u00fcr die Verarbeitung ist ein berechtigtes Interesse, ein Vertrag oder Ihre erteilte Einwilligung. <\/p>\n\n\n\n<p>Die Nutzer erkl\u00e4ren sich durch Ankreuzen der entsprechenden K\u00e4stchen und Ausf\u00fcllen der mit einem Sternchen (*) gekennzeichneten Felder im Kontaktformular oder in Download-Formularen ausdr\u00fccklich, freiwillig und unmissverst\u00e4ndlich damit einverstanden, dass ihre Daten f\u00fcr die Bearbeitung ihrer Anfrage durch den Anbieter erforderlich sind, wobei die Angabe von Daten in den \u00fcbrigen Feldern freiwillig ist. Der Nutzer garantiert, dass die dem VERANTWORTLICHEN zur Verf\u00fcgung gestellten personenbezogenen Daten wahrheitsgem\u00e4\u00df sind und ist daf\u00fcr verantwortlich, jede \u00c4nderung dieser Daten mitzuteilen. <\/p>\n\n\n\n<p><strong>3. SICHERHEITSMASSNAHMEN<\/strong><\/p>\n\n\n\n<p>Dass der VERANTWORTLICHE gem\u00e4\u00df den geltenden Vorschriften zum Schutz personenbezogener Daten alle Bestimmungen der DSGVO f\u00fcr die Verarbeitung der in seiner Verantwortung liegenden personenbezogenen Daten einh\u00e4lt und insbesondere die in Artikel 5 der DSGVO beschriebenen Grunds\u00e4tze beachtet, wonach die Daten rechtm\u00e4\u00dfig, fair und transparent in Bezug auf die betroffene Person verarbeitet werden und angemessen, relevant und auf das f\u00fcr die Zwecke der Verarbeitung notwendige Ma\u00df beschr\u00e4nkt sind.<\/p>\n\n\n\n<p>Der VERANTWORTLICHE garantiert, dass er geeignete technische und organisatorische Ma\u00dfnahmen ergriffen hat, um die in der DSGVO festgelegten Sicherheitsma\u00dfnahmen zum Schutz der Rechte und Freiheiten der Nutzer umzusetzen und ihnen die entsprechenden Informationen mitgeteilt hat, damit sie diese aus\u00fcben k\u00f6nnen.<\/p>\n\n\n\n<p>Der VERANTWORTLICHE informiert und garantiert den Nutzern ausdr\u00fccklich, dass ihre personenbezogenen Daten in keinem Fall an Dritte weitergegeben werden und dass bei jeder Art der Weitergabe personenbezogener Daten zuvor die ausdr\u00fcckliche, informierte und unmissverst\u00e4ndliche Zustimmung der Nutzer eingeholt wird. Alle \u00fcber die Website angeforderten Daten sind obligatorisch, da sie f\u00fcr die Bereitstellung eines optimalen Dienstes f\u00fcr den Nutzer erforderlich sind. Werden nicht alle Daten angegeben, kann nicht garantiert werden, dass die bereitgestellten Informationen und Dienste vollst\u00e4ndig auf Ihre Bed\u00fcrfnisse zugeschnitten sind.  <\/p>\n<\/div><\/div>\n","protected":false},"excerpt":{"rendered":"<p>DATENSCHUTZ DATENSCHUTZRICHTLINIE 1. INFORMATIONEN F\u00dcR DEN NUTZER Immobiliaria Esp\u00edgul SL, im Folgenden VERANTWORTLICHER genannt, ist f\u00fcr die Verarbeitung der personenbezogenen Daten des Nutzers verantwortlich und informiert Sie dar\u00fcber, dass diese Daten gem\u00e4\u00df der Verordnung (EU) 2016\/679 vom 27. April 2016 (DSGVO) zum Schutz nat\u00fcrlicher Personen bei der Verarbeitung personenbezogener Daten und zum freien Datenverkehr verarbeitet&#8230;<\/p>\n","protected":false},"author":1,"featured_media":0,"parent":0,"menu_order":0,"comment_status":"closed","ping_status":"open","template":"","meta":{"_acf_changed":false,"_uag_custom_page_level_css":"","footnotes":""},"class_list":["post-164536","page","type-page","status-publish","hentry"],"acf":[],"yoast_head":"<!-- This site is optimized with the Yoast SEO plugin v27.4 - https:\/\/yoast.com\/product\/yoast-seo-wordpress\/ -->\n<title>Datenschutzerkl\u00e4rung - Esp\u00edgul<\/title>\n<meta name=\"robots\" content=\"index, follow, max-snippet:-1, max-image-preview:large, max-video-preview:-1\" \/>\n<link rel=\"canonical\" href=\"https:\/\/www.espigul.com\/de\/datenschutzerklaerung\/\" \/>\n<meta property=\"og:locale\" content=\"de_DE\" \/>\n<meta property=\"og:type\" content=\"article\" \/>\n<meta property=\"og:title\" content=\"Datenschutzerkl\u00e4rung - Esp\u00edgul\" \/>\n<meta property=\"og:description\" content=\"DATENSCHUTZ DATENSCHUTZRICHTLINIE 1. INFORMATIONEN F\u00dcR DEN NUTZER Immobiliaria Esp\u00edgul SL, im Folgenden VERANTWORTLICHER genannt, ist f\u00fcr die Verarbeitung der personenbezogenen Daten des Nutzers verantwortlich und informiert Sie dar\u00fcber, dass diese Daten gem\u00e4\u00df der Verordnung (EU) 2016\/679 vom 27. April 2016 (DSGVO) zum Schutz nat\u00fcrlicher Personen bei der Verarbeitung personenbezogener Daten und zum freien Datenverkehr verarbeitet...\" \/>\n<meta property=\"og:url\" content=\"https:\/\/www.espigul.com\/de\/datenschutzerklaerung\/\" \/>\n<meta property=\"og:site_name\" content=\"Esp\u00edgul\" \/>\n<meta property=\"article:modified_time\" content=\"2026-02-17T09:11:17+00:00\" \/>\n<meta name=\"twitter:card\" content=\"summary_large_image\" \/>\n<meta name=\"twitter:label1\" content=\"Gesch\u00e4tzte Lesezeit\" \/>\n\t<meta name=\"twitter:data1\" content=\"4\u00a0Minuten\" \/>\n<script type=\"application\/ld+json\" class=\"yoast-schema-graph\">{\"@context\":\"https:\\\/\\\/schema.org\",\"@graph\":[{\"@type\":\"WebPage\",\"@id\":\"https:\\\/\\\/www.espigul.com\\\/de\\\/datenschutzerklaerung\\\/\",\"url\":\"https:\\\/\\\/www.espigul.com\\\/de\\\/datenschutzerklaerung\\\/\",\"name\":\"Datenschutzerkl\u00e4rung - Esp\u00edgul\",\"isPartOf\":{\"@id\":\"https:\\\/\\\/www.espigul.com\\\/de\\\/#website\"},\"datePublished\":\"2023-06-05T13:25:19+00:00\",\"dateModified\":\"2026-02-17T09:11:17+00:00\",\"breadcrumb\":{\"@id\":\"https:\\\/\\\/www.espigul.com\\\/de\\\/datenschutzerklaerung\\\/#breadcrumb\"},\"inLanguage\":\"de\",\"potentialAction\":[{\"@type\":\"ReadAction\",\"target\":[\"https:\\\/\\\/www.espigul.com\\\/de\\\/datenschutzerklaerung\\\/\"]}]},{\"@type\":\"BreadcrumbList\",\"@id\":\"https:\\\/\\\/www.espigul.com\\\/de\\\/datenschutzerklaerung\\\/#breadcrumb\",\"itemListElement\":[{\"@type\":\"ListItem\",\"position\":1,\"name\":\"Inici\",\"item\":\"https:\\\/\\\/www.espigul.com\\\/de\\\/\"},{\"@type\":\"ListItem\",\"position\":2,\"name\":\"Datenschutzerkl\u00e4rung\"}]},{\"@type\":\"WebSite\",\"@id\":\"https:\\\/\\\/www.espigul.com\\\/de\\\/#website\",\"url\":\"https:\\\/\\\/www.espigul.com\\\/de\\\/\",\"name\":\"Esp\u00edgul\",\"description\":\"La immobili\u00e0ria l\u00edder de Girona\",\"publisher\":{\"@id\":\"https:\\\/\\\/www.espigul.com\\\/de\\\/#organization\"},\"potentialAction\":[{\"@type\":\"SearchAction\",\"target\":{\"@type\":\"EntryPoint\",\"urlTemplate\":\"https:\\\/\\\/www.espigul.com\\\/de\\\/?s={search_term_string}\"},\"query-input\":{\"@type\":\"PropertyValueSpecification\",\"valueRequired\":true,\"valueName\":\"search_term_string\"}}],\"inLanguage\":\"de\"},{\"@type\":\"Organization\",\"@id\":\"https:\\\/\\\/www.espigul.com\\\/de\\\/#organization\",\"name\":\"Esp\u00edgul\",\"url\":\"https:\\\/\\\/www.espigul.com\\\/de\\\/\",\"logo\":{\"@type\":\"ImageObject\",\"inLanguage\":\"de\",\"@id\":\"https:\\\/\\\/www.espigul.com\\\/de\\\/#\\\/schema\\\/logo\\\/image\\\/\",\"url\":\"https:\\\/\\\/www.espigul.com\\\/wp-content\\\/uploads\\\/2023\\\/08\\\/espigul-block.png\",\"contentUrl\":\"https:\\\/\\\/www.espigul.com\\\/wp-content\\\/uploads\\\/2023\\\/08\\\/espigul-block.png\",\"width\":384,\"height\":240,\"caption\":\"Esp\u00edgul\"},\"image\":{\"@id\":\"https:\\\/\\\/www.espigul.com\\\/de\\\/#\\\/schema\\\/logo\\\/image\\\/\"},\"sameAs\":[\"https:\\\/\\\/www.instagram.com\\\/immoespigul\\\/\",\"https:\\\/\\\/www.youtube.com\\\/channel\\\/UCYyD-WWfbCFpCXau4SQOGKQ\"]}]}<\/script>\n<!-- \/ Yoast SEO plugin. -->","yoast_head_json":{"title":"Datenschutzerkl\u00e4rung - Esp\u00edgul","robots":{"index":"index","follow":"follow","max-snippet":"max-snippet:-1","max-image-preview":"max-image-preview:large","max-video-preview":"max-video-preview:-1"},"canonical":"https:\/\/www.espigul.com\/de\/datenschutzerklaerung\/","og_locale":"de_DE","og_type":"article","og_title":"Datenschutzerkl\u00e4rung - Esp\u00edgul","og_description":"DATENSCHUTZ DATENSCHUTZRICHTLINIE 1. INFORMATIONEN F\u00dcR DEN NUTZER Immobiliaria Esp\u00edgul SL, im Folgenden VERANTWORTLICHER genannt, ist f\u00fcr die Verarbeitung der personenbezogenen Daten des Nutzers verantwortlich und informiert Sie dar\u00fcber, dass diese Daten gem\u00e4\u00df der Verordnung (EU) 2016\/679 vom 27. April 2016 (DSGVO) zum Schutz nat\u00fcrlicher Personen bei der Verarbeitung personenbezogener Daten und zum freien Datenverkehr verarbeitet...","og_url":"https:\/\/www.espigul.com\/de\/datenschutzerklaerung\/","og_site_name":"Esp\u00edgul","article_modified_time":"2026-02-17T09:11:17+00:00","twitter_card":"summary_large_image","twitter_misc":{"Gesch\u00e4tzte Lesezeit":"4\u00a0Minuten"},"schema":{"@context":"https:\/\/schema.org","@graph":[{"@type":"WebPage","@id":"https:\/\/www.espigul.com\/de\/datenschutzerklaerung\/","url":"https:\/\/www.espigul.com\/de\/datenschutzerklaerung\/","name":"Datenschutzerkl\u00e4rung - Esp\u00edgul","isPartOf":{"@id":"https:\/\/www.espigul.com\/de\/#website"},"datePublished":"2023-06-05T13:25:19+00:00","dateModified":"2026-02-17T09:11:17+00:00","breadcrumb":{"@id":"https:\/\/www.espigul.com\/de\/datenschutzerklaerung\/#breadcrumb"},"inLanguage":"de","potentialAction":[{"@type":"ReadAction","target":["https:\/\/www.espigul.com\/de\/datenschutzerklaerung\/"]}]},{"@type":"BreadcrumbList","@id":"https:\/\/www.espigul.com\/de\/datenschutzerklaerung\/#breadcrumb","itemListElement":[{"@type":"ListItem","position":1,"name":"Inici","item":"https:\/\/www.espigul.com\/de\/"},{"@type":"ListItem","position":2,"name":"Datenschutzerkl\u00e4rung"}]},{"@type":"WebSite","@id":"https:\/\/www.espigul.com\/de\/#website","url":"https:\/\/www.espigul.com\/de\/","name":"Esp\u00edgul","description":"La immobili\u00e0ria l\u00edder de Girona","publisher":{"@id":"https:\/\/www.espigul.com\/de\/#organization"},"potentialAction":[{"@type":"SearchAction","target":{"@type":"EntryPoint","urlTemplate":"https:\/\/www.espigul.com\/de\/?s={search_term_string}"},"query-input":{"@type":"PropertyValueSpecification","valueRequired":true,"valueName":"search_term_string"}}],"inLanguage":"de"},{"@type":"Organization","@id":"https:\/\/www.espigul.com\/de\/#organization","name":"Esp\u00edgul","url":"https:\/\/www.espigul.com\/de\/","logo":{"@type":"ImageObject","inLanguage":"de","@id":"https:\/\/www.espigul.com\/de\/#\/schema\/logo\/image\/","url":"https:\/\/www.espigul.com\/wp-content\/uploads\/2023\/08\/espigul-block.png","contentUrl":"https:\/\/www.espigul.com\/wp-content\/uploads\/2023\/08\/espigul-block.png","width":384,"height":240,"caption":"Esp\u00edgul"},"image":{"@id":"https:\/\/www.espigul.com\/de\/#\/schema\/logo\/image\/"},"sameAs":["https:\/\/www.instagram.com\/immoespigul\/","https:\/\/www.youtube.com\/channel\/UCYyD-WWfbCFpCXau4SQOGKQ"]}]}},"uagb_featured_image_src":{"full":false,"thumbnail":false,"medium":false,"medium_large":false,"large":false,"1536x1536":false,"2048x2048":false,"gform-image-choice-sm":false,"gform-image-choice-md":false,"gform-image-choice-lg":false},"uagb_author_info":{"display_name":"Pol","author_link":"https:\/\/www.espigul.com\/de\/author\/pol\/"},"uagb_comment_info":0,"uagb_excerpt":"DATENSCHUTZ DATENSCHUTZRICHTLINIE 1. INFORMATIONEN F\u00dcR DEN NUTZER Immobiliaria Esp\u00edgul SL, im Folgenden VERANTWORTLICHER genannt, ist f\u00fcr die Verarbeitung der personenbezogenen Daten des Nutzers verantwortlich und informiert Sie dar\u00fcber, dass diese Daten gem\u00e4\u00df der Verordnung (EU) 2016\/679 vom 27. April 2016 (DSGVO) zum Schutz nat\u00fcrlicher Personen bei der Verarbeitung personenbezogener Daten und zum freien Datenverkehr verarbeitet...","_links":{"self":[{"href":"https:\/\/www.espigul.com\/de\/wp-json\/wp\/v2\/pages\/164536","targetHints":{"allow":["GET"]}}],"collection":[{"href":"https:\/\/www.espigul.com\/de\/wp-json\/wp\/v2\/pages"}],"about":[{"href":"https:\/\/www.espigul.com\/de\/wp-json\/wp\/v2\/types\/page"}],"author":[{"embeddable":true,"href":"https:\/\/www.espigul.com\/de\/wp-json\/wp\/v2\/users\/1"}],"replies":[{"embeddable":true,"href":"https:\/\/www.espigul.com\/de\/wp-json\/wp\/v2\/comments?post=164536"}],"version-history":[{"count":2,"href":"https:\/\/www.espigul.com\/de\/wp-json\/wp\/v2\/pages\/164536\/revisions"}],"predecessor-version":[{"id":354157,"href":"https:\/\/www.espigul.com\/de\/wp-json\/wp\/v2\/pages\/164536\/revisions\/354157"}],"wp:attachment":[{"href":"https:\/\/www.espigul.com\/de\/wp-json\/wp\/v2\/media?parent=164536"}],"curies":[{"name":"wp","href":"https:\/\/api.w.org\/{rel}","templated":true}]}}