{"id":164427,"date":"2023-06-08T08:46:23","date_gmt":"2023-06-08T06:46:23","guid":{"rendered":"https:\/\/www.espigul.com\/hausprojekte\/"},"modified":"2026-04-14T19:15:41","modified_gmt":"2026-04-14T17:15:41","slug":"hausprojekte","status":"publish","type":"page","link":"https:\/\/www.espigul.com\/de\/hausprojekte\/","title":{"rendered":"Hausprojekte"},"content":{"rendered":"\n<div class=\"wp-block-uagb-container uagb-block-37ad1e55 alignfull uagb-is-root-container\"><div class=\"uagb-container-inner-blocks-wrap\">\n<div class=\"wp-block-uagb-advanced-heading uagb-block-c0c1a95a\"><h1 class=\"uagb-heading-text\">Das Haus Ihrer Tr\u00e4ume<br\/>nur einen Klick entfernt<\/h1><\/div>\n<\/div><\/div>\n\n<div class=\"wp-block-uagb-container uagb-block-fdf6f9f8 alignfull uagb-is-root-container\"><div class=\"uagb-container-inner-blocks-wrap\">\n<div style=\"height:50px\" aria-hidden=\"true\" class=\"wp-block-spacer\"><\/div>\n<\/div><\/div>\n\n<div class=\"wp-block-uagb-container uagb-block-a3cfe179 alignfull uagb-is-root-container\"><div class=\"uagb-container-inner-blocks-wrap\">\n<div class=\"wp-block-uagb-advanced-heading uagb-block-77c699cc\"><h2 class=\"uagb-heading-text\">Unsere Projekte<\/h2><\/div>\n\n\n\n<h3 class=\"wp-block-heading has-text-align-center\" style=\"font-style:normal;font-weight:300\">Lassen Sie sich von den bereits realisierten H\u00e4usern von Esp\u00edgul inspirieren<\/h3>\n<\/div><\/div>\n\n<div class=\"wp-block-uagb-container uagb-block-02141e7e alignfull uagb-is-root-container\"><div class=\"uagb-container-inner-blocks-wrap\">\n<div class=\"wp-block-columns is-layout-flex wp-container-core-columns-is-layout-28f84493 wp-block-columns-is-layout-flex\">\n<div class=\"wp-block-column is-layout-flow wp-block-column-is-layout-flow\">\n<div class=\"wp-block-cover is-light has-custom-content-position is-position-bottom-left\" style=\"min-height:294px;aspect-ratio:unset;\"><img loading=\"lazy\" decoding=\"async\" width=\"784\" height=\"588\" class=\"wp-block-cover__image-background wp-image-12751\" alt=\"\" src=\"https:\/\/www.espigul.com\/wp-content\/uploads\/2023\/06\/casa-fornells-1.jpg\" data-object-fit=\"cover\"\/><span aria-hidden=\"true\" class=\"wp-block-cover__background has-background-dim-0 has-background-dim\"><\/span><div class=\"wp-block-cover__inner-container is-layout-flow wp-block-cover-is-layout-flow\">\n<h3 class=\"wp-block-heading has-text-align-left has-white-color has-text-color has-medium-font-size\">H\u00e4user in Fornells de la Selva<\/h3>\n<\/div><\/div>\n<\/div>\n\n\n\n<div class=\"wp-block-column is-layout-flow wp-block-column-is-layout-flow\">\n<div class=\"wp-block-cover is-light has-custom-content-position is-position-bottom-left\" style=\"min-height:294px;aspect-ratio:unset;\"><img loading=\"lazy\" decoding=\"async\" width=\"784\" height=\"588\" class=\"wp-block-cover__image-background wp-image-12745\" alt=\"\" src=\"https:\/\/www.espigul.com\/wp-content\/uploads\/2023\/06\/casa-albons-1.jpg\" data-object-fit=\"cover\"\/><span aria-hidden=\"true\" class=\"wp-block-cover__background has-background-dim-0 has-background-dim\"><\/span><div class=\"wp-block-cover__inner-container is-layout-flow wp-block-cover-is-layout-flow\">\n<h3 class=\"wp-block-heading has-text-align-left has-white-color has-text-color has-medium-font-size\">H\u00e4user in Albons<\/h3>\n<\/div><\/div>\n<\/div>\n\n\n\n<div class=\"wp-block-column is-layout-flow wp-block-column-is-layout-flow\">\n<div class=\"wp-block-cover has-custom-content-position is-position-bottom-left\" style=\"min-height:294px;aspect-ratio:unset;\"><img loading=\"lazy\" decoding=\"async\" width=\"784\" height=\"588\" class=\"wp-block-cover__image-background wp-image-12759\" alt=\"\" src=\"https:\/\/www.espigul.com\/wp-content\/uploads\/2023\/06\/casa-sant-gregori-1.jpg\" data-object-fit=\"cover\"\/><span aria-hidden=\"true\" class=\"wp-block-cover__background has-background-dim-0 has-background-dim\"><\/span><div class=\"wp-block-cover__inner-container is-layout-flow wp-block-cover-is-layout-flow\">\n<h3 class=\"wp-block-heading has-text-align-left has-medium-font-size\">H\u00e4user in Sant Gregori<\/h3>\n<\/div><\/div>\n<\/div>\n<\/div>\n<\/div><\/div>\n\n<div class=\"wp-block-uagb-container uagb-block-f51c0104 alignfull uagb-is-root-container\"><div class=\"uagb-container-inner-blocks-wrap\">\n<div class=\"wp-block-columns is-layout-flex wp-container-core-columns-is-layout-28f84493 wp-block-columns-is-layout-flex\">\n<div class=\"wp-block-column is-layout-flow wp-block-column-is-layout-flow\">\n<div class=\"wp-block-cover has-custom-content-position is-position-bottom-left\" style=\"min-height:294px;aspect-ratio:unset;\"><img loading=\"lazy\" decoding=\"async\" width=\"784\" height=\"588\" class=\"wp-block-cover__image-background wp-image-12755\" alt=\"\" src=\"https:\/\/www.espigul.com\/wp-content\/uploads\/2023\/06\/casa-llofriu-1.jpg\" data-object-fit=\"cover\"\/><span aria-hidden=\"true\" class=\"wp-block-cover__background has-background-dim-0 has-background-dim\"><\/span><div class=\"wp-block-cover__inner-container is-layout-flow wp-block-cover-is-layout-flow\">\n<h3 class=\"wp-block-heading has-text-align-left has-medium-font-size\">H\u00e4user in Llofriu<\/h3>\n<\/div><\/div>\n<\/div>\n\n\n\n<div class=\"wp-block-column is-layout-flow wp-block-column-is-layout-flow\">\n<div class=\"wp-block-cover is-light has-custom-content-position is-position-bottom-left\" style=\"min-height:294px;aspect-ratio:unset;\"><img loading=\"lazy\" decoding=\"async\" width=\"784\" height=\"588\" class=\"wp-block-cover__image-background wp-image-12781\" alt=\"\" src=\"https:\/\/www.espigul.com\/wp-content\/uploads\/2023\/06\/casa-sagaro.jpg\" data-object-fit=\"cover\"\/><span aria-hidden=\"true\" class=\"wp-block-cover__background has-background-dim-0 has-background-dim\"><\/span><div class=\"wp-block-cover__inner-container is-layout-flow wp-block-cover-is-layout-flow\">\n<h3 class=\"wp-block-heading has-text-align-left has-white-color has-text-color has-medium-font-size\">Luxus-Reihenhaus in S&#8217;Agar\u00f3<\/h3>\n<\/div><\/div>\n<\/div>\n\n\n\n<div class=\"wp-block-column is-layout-flow wp-block-column-is-layout-flow\">\n<div class=\"wp-block-cover is-light has-custom-content-position is-position-bottom-left\" style=\"min-height:294px;aspect-ratio:unset;\"><img loading=\"lazy\" decoding=\"async\" width=\"784\" height=\"588\" class=\"wp-block-cover__image-background wp-image-12762\" alt=\"\" src=\"https:\/\/www.espigul.com\/wp-content\/uploads\/2023\/06\/casa-escala-1.jpg\" data-object-fit=\"cover\"\/><span aria-hidden=\"true\" class=\"wp-block-cover__background has-background-dim-0 has-background-dim\"><\/span><div class=\"wp-block-cover__inner-container is-layout-flow wp-block-cover-is-layout-flow\">\n<h3 class=\"wp-block-heading has-text-align-left has-white-color has-text-color has-medium-font-size\">H\u00e4user in l\u2019Escala<\/h3>\n<\/div><\/div>\n<\/div>\n<\/div>\n<\/div><\/div>\n\n<div class=\"wp-block-uagb-container uagb-block-6bde62c9 alignfull uagb-is-root-container\"><div class=\"uagb-container-inner-blocks-wrap\">\n<div class=\"wp-block-columns is-layout-flex wp-container-core-columns-is-layout-28f84493 wp-block-columns-is-layout-flex\">\n<div class=\"wp-block-column is-layout-flow wp-block-column-is-layout-flow\">\n<div class=\"wp-block-cover is-light has-custom-content-position is-position-bottom-left\" style=\"min-height:294px;aspect-ratio:unset;\"><img loading=\"lazy\" decoding=\"async\" width=\"784\" height=\"588\" class=\"wp-block-cover__image-background wp-image-12766\" alt=\"\" src=\"https:\/\/www.espigul.com\/wp-content\/uploads\/2023\/06\/casa-vilablareix-1.jpg\" data-object-fit=\"cover\"\/><span aria-hidden=\"true\" class=\"wp-block-cover__background has-background-dim-0 has-background-dim\"><\/span><div class=\"wp-block-cover__inner-container is-layout-flow wp-block-cover-is-layout-flow\">\n<h3 class=\"wp-block-heading has-text-align-left has-white-color has-text-color has-medium-font-size\">H\u00e4user in Vilablareix<\/h3>\n<\/div><\/div>\n<\/div>\n\n\n\n<div class=\"wp-block-column is-layout-flow wp-block-column-is-layout-flow\">\n<div class=\"wp-block-cover is-light has-custom-content-position is-position-bottom-left\" style=\"min-height:294px;aspect-ratio:unset;\"><img loading=\"lazy\" decoding=\"async\" width=\"784\" height=\"588\" class=\"wp-block-cover__image-background wp-image-12770\" alt=\"\" src=\"https:\/\/www.espigul.com\/wp-content\/uploads\/2023\/06\/casa-caldes-malavella-1.jpg\" data-object-fit=\"cover\"\/><span aria-hidden=\"true\" class=\"wp-block-cover__background has-background-dim-0 has-background-dim\"><\/span><div class=\"wp-block-cover__inner-container is-layout-flow wp-block-cover-is-layout-flow\">\n<h3 class=\"wp-block-heading has-text-align-left has-white-color has-text-color has-medium-font-size\">Haus in Caldes de Malavella<\/h3>\n<\/div><\/div>\n<\/div>\n\n\n\n<div class=\"wp-block-column is-layout-flow wp-block-column-is-layout-flow\">\n<div class=\"wp-block-cover has-custom-content-position is-position-bottom-left\" style=\"min-height:294px;aspect-ratio:unset;\"><img loading=\"lazy\" decoding=\"async\" width=\"784\" height=\"588\" class=\"wp-block-cover__image-background wp-image-12773\" alt=\"\" src=\"https:\/\/www.espigul.com\/wp-content\/uploads\/2023\/06\/casa-pga-1.jpg\" data-object-fit=\"cover\"\/><span aria-hidden=\"true\" class=\"wp-block-cover__background has-background-dim-0 has-background-dim\"><\/span><div class=\"wp-block-cover__inner-container is-layout-flow wp-block-cover-is-layout-flow\">\n<h3 class=\"wp-block-heading has-text-align-left has-white-color has-text-color has-medium-font-size\">Designerhaus in La Alzina (PGA)<\/h3>\n<\/div><\/div>\n<\/div>\n<\/div>\n<\/div><\/div>\n\n<div class=\"wp-block-uagb-container uagb-block-9657aee5 alignfull uagb-is-root-container\"><div class=\"uagb-container-inner-blocks-wrap\">\n<div class=\"wp-block-columns is-layout-flex wp-container-core-columns-is-layout-28f84493 wp-block-columns-is-layout-flex\">\n<div class=\"wp-block-column is-layout-flow wp-block-column-is-layout-flow\">\n<div class=\"wp-block-cover is-light has-custom-content-position is-position-bottom-left\" style=\"min-height:294px;aspect-ratio:unset;\"><img loading=\"lazy\" decoding=\"async\" width=\"784\" height=\"588\" class=\"wp-block-cover__image-background wp-image-12784\" alt=\"\" src=\"https:\/\/www.espigul.com\/wp-content\/uploads\/2023\/06\/vila-pga.jpg\" data-object-fit=\"cover\"\/><span aria-hidden=\"true\" class=\"wp-block-cover__background has-background-dim-0 has-background-dim\"><\/span><div class=\"wp-block-cover__inner-container is-layout-flow wp-block-cover-is-layout-flow\">\n<h3 class=\"wp-block-heading has-text-align-left has-white-color has-text-color has-medium-font-size\">Luxusvilla im PGA Catalunya Resort<\/h3>\n<\/div><\/div>\n<\/div>\n\n\n\n<div class=\"wp-block-column is-layout-flow wp-block-column-is-layout-flow\">\n<div class=\"wp-block-cover is-light has-custom-content-position is-position-bottom-left\" style=\"min-height:294px;aspect-ratio:unset;\"><img loading=\"lazy\" decoding=\"async\" width=\"784\" height=\"588\" class=\"wp-block-cover__image-background wp-image-12778\" alt=\"\" src=\"https:\/\/www.espigul.com\/wp-content\/uploads\/2023\/06\/casa-valldoreix.jpg\" data-object-fit=\"cover\"\/><span aria-hidden=\"true\" class=\"wp-block-cover__background has-background-dim-0 has-background-dim\"><\/span><div class=\"wp-block-cover__inner-container is-layout-flow wp-block-cover-is-layout-flow\">\n<h3 class=\"wp-block-heading has-text-align-left has-white-color has-text-color has-medium-font-size\">Haus in Valldoreix<\/h3>\n<\/div><\/div>\n<\/div>\n\n\n\n<div class=\"wp-block-column is-layout-flow wp-block-column-is-layout-flow\">\n<div class=\"wp-block-cover is-light has-custom-content-position is-position-bottom-left\" style=\"min-height:294px;aspect-ratio:unset;\"><img loading=\"lazy\" decoding=\"async\" width=\"784\" height=\"588\" class=\"wp-block-cover__image-background wp-image-12807\" alt=\"\" src=\"https:\/\/www.espigul.com\/wp-content\/uploads\/2023\/06\/casa-golf.jpg\" data-object-fit=\"cover\"\/><span aria-hidden=\"true\" class=\"wp-block-cover__background has-background-dim-0 has-background-dim\"><\/span><div class=\"wp-block-cover__inner-container is-layout-flow wp-block-cover-is-layout-flow\">\n<h3 class=\"wp-block-heading has-text-align-left has-white-color has-text-color has-medium-font-size\">Neubauhaus in der Golfzone<\/h3>\n<\/div><\/div>\n<\/div>\n<\/div>\n<\/div><\/div>\n\n<div class=\"wp-block-uagb-container uagb-block-8e83bc07 alignfull uagb-is-root-container\"><div class=\"uagb-container-inner-blocks-wrap\">\n<div style=\"height:50px\" aria-hidden=\"true\" class=\"wp-block-spacer\"><\/div>\n<\/div><\/div>\n\n<div class=\"wp-block-uagb-container uagb-block-4fb88a82 alignfull uagb-is-root-container\"><div class=\"uagb-container-inner-blocks-wrap\">\n<div class=\"wp-block-columns is-layout-flex wp-container-core-columns-is-layout-28f84493 wp-block-columns-is-layout-flex\">\n<div class=\"wp-block-column is-layout-flow wp-container-core-column-is-layout-c80bbd22 wp-block-column-is-layout-flow\" style=\"padding-top:var(--wp--preset--spacing--60);padding-right:0;padding-bottom:var(--wp--preset--spacing--60);padding-left:0\">\n<div style=\"height:30px\" aria-hidden=\"true\" class=\"wp-block-spacer\"><\/div>\n\n\n\n<p class=\"has-white-color has-text-color has-medium-font-size\">Esp\u00edgul Engagement<\/p>\n\n\n\n<div class=\"wp-block-uagb-advanced-heading uagb-block-053ad7fb\"><h2 class=\"uagb-heading-text\">Design und Nachhaltigkeit<\/h2><\/div>\n\n\n\n<p class=\"has-white-color has-text-color\">Unsere H\u00e4user zeichnen sich durch ein avantgardistisches, schlichtes und elegantes Design aus, das hochwertige Materialien mit exzellenter Energieeffizienz verbindet. Nachhaltigkeit, Qualit\u00e4t und Design zum besten Preis. Informieren Sie sich.  <\/p>\n\n\n\n<div style=\"height:30px\" aria-hidden=\"true\" class=\"wp-block-spacer\"><\/div>\n\n\n\n<div class=\"wp-block-buttons is-layout-flex wp-block-buttons-is-layout-flex\">\n<div class=\"wp-block-button\"><a class=\"wp-block-button__link has-black-color has-white-background-color has-text-color has-background wp-element-button\" href=\"https:\/\/www.espigul.com\/de\/bau-und-effizienz\/#contact\" style=\"text-transform:capitalize\">Weitere Informationen<\/a><\/div>\n<\/div>\n\n\n\n<div style=\"height:30px\" aria-hidden=\"true\" class=\"wp-block-spacer\"><\/div>\n<\/div>\n\n\n\n<div class=\"wp-block-column is-layout-flow wp-block-column-is-layout-flow\"><\/div>\n<\/div>\n<\/div><\/div>\n","protected":false},"excerpt":{"rendered":"<p>Das Haus Ihrer Tr\u00e4umenur einen Klick entfernt Unsere Projekte Lassen Sie sich von den bereits realisierten H\u00e4usern von Esp\u00edgul inspirieren Esp\u00edgul Engagement Design und Nachhaltigkeit Unsere H\u00e4user zeichnen sich durch ein avantgardistisches, schlichtes und elegantes Design aus, das hochwertige Materialien mit exzellenter Energieeffizienz verbindet. Nachhaltigkeit, Qualit\u00e4t und Design zum besten Preis. Informieren Sie sich.<\/p>\n","protected":false},"author":2,"featured_media":0,"parent":0,"menu_order":0,"comment_status":"closed","ping_status":"closed","template":"","meta":{"_acf_changed":false,"_uag_custom_page_level_css":"","footnotes":""},"class_list":["post-164427","page","type-page","status-publish","hentry"],"acf":[],"yoast_head":"<!-- This site is optimized with the Yoast SEO plugin v27.5 - https:\/\/yoast.com\/product\/yoast-seo-wordpress\/ -->\n<title>Hausprojekte - Esp\u00edgul<\/title>\n<meta name=\"robots\" content=\"index, follow, max-snippet:-1, max-image-preview:large, max-video-preview:-1\" \/>\n<link rel=\"canonical\" href=\"https:\/\/www.espigul.com\/de\/hausprojekte\/\" \/>\n<meta property=\"og:locale\" content=\"de_DE\" \/>\n<meta property=\"og:type\" content=\"article\" \/>\n<meta property=\"og:title\" content=\"Hausprojekte - Esp\u00edgul\" \/>\n<meta property=\"og:description\" content=\"Das Haus Ihrer Tr\u00e4umenur einen Klick entfernt Unsere Projekte Lassen Sie sich von den bereits realisierten H\u00e4usern von Esp\u00edgul inspirieren Esp\u00edgul Engagement Design und Nachhaltigkeit Unsere H\u00e4user zeichnen sich durch ein avantgardistisches, schlichtes und elegantes Design aus, das hochwertige Materialien mit exzellenter Energieeffizienz verbindet. Nachhaltigkeit, Qualit\u00e4t und Design zum besten Preis. Informieren Sie sich.\" \/>\n<meta property=\"og:url\" content=\"https:\/\/www.espigul.com\/de\/hausprojekte\/\" \/>\n<meta property=\"og:site_name\" content=\"Esp\u00edgul\" \/>\n<meta property=\"article:modified_time\" content=\"2026-04-14T17:15:41+00:00\" \/>\n<meta property=\"og:image\" content=\"https:\/\/www.espigul.com\/wp-content\/uploads\/2023\/06\/casa-fornells-1.jpg\" \/>\n\t<meta property=\"og:image:width\" content=\"784\" \/>\n\t<meta property=\"og:image:height\" content=\"588\" \/>\n\t<meta property=\"og:image:type\" content=\"image\/jpeg\" \/>\n<meta name=\"twitter:card\" content=\"summary_large_image\" \/>\n<meta name=\"twitter:label1\" content=\"Gesch\u00e4tzte Lesezeit\" \/>\n\t<meta name=\"twitter:data1\" content=\"1\u00a0Minute\" \/>\n<script type=\"application\/ld+json\" class=\"yoast-schema-graph\">{\"@context\":\"https:\\\/\\\/schema.org\",\"@graph\":[{\"@type\":\"WebPage\",\"@id\":\"https:\\\/\\\/www.espigul.com\\\/de\\\/hausprojekte\\\/\",\"url\":\"https:\\\/\\\/www.espigul.com\\\/de\\\/hausprojekte\\\/\",\"name\":\"Hausprojekte - Esp\u00edgul\",\"isPartOf\":{\"@id\":\"https:\\\/\\\/www.espigul.com\\\/de\\\/#website\"},\"primaryImageOfPage\":{\"@id\":\"https:\\\/\\\/www.espigul.com\\\/de\\\/hausprojekte\\\/#primaryimage\"},\"image\":{\"@id\":\"https:\\\/\\\/www.espigul.com\\\/de\\\/hausprojekte\\\/#primaryimage\"},\"thumbnailUrl\":\"https:\\\/\\\/www.espigul.com\\\/wp-content\\\/uploads\\\/2023\\\/06\\\/casa-fornells-1.jpg\",\"datePublished\":\"2023-06-08T06:46:23+00:00\",\"dateModified\":\"2026-04-14T17:15:41+00:00\",\"breadcrumb\":{\"@id\":\"https:\\\/\\\/www.espigul.com\\\/de\\\/hausprojekte\\\/#breadcrumb\"},\"inLanguage\":\"de\",\"potentialAction\":[{\"@type\":\"ReadAction\",\"target\":[\"https:\\\/\\\/www.espigul.com\\\/de\\\/hausprojekte\\\/\"]}]},{\"@type\":\"ImageObject\",\"inLanguage\":\"de\",\"@id\":\"https:\\\/\\\/www.espigul.com\\\/de\\\/hausprojekte\\\/#primaryimage\",\"url\":\"https:\\\/\\\/www.espigul.com\\\/wp-content\\\/uploads\\\/2023\\\/06\\\/casa-fornells-1.jpg\",\"contentUrl\":\"https:\\\/\\\/www.espigul.com\\\/wp-content\\\/uploads\\\/2023\\\/06\\\/casa-fornells-1.jpg\"},{\"@type\":\"BreadcrumbList\",\"@id\":\"https:\\\/\\\/www.espigul.com\\\/de\\\/hausprojekte\\\/#breadcrumb\",\"itemListElement\":[{\"@type\":\"ListItem\",\"position\":1,\"name\":\"Inici\",\"item\":\"https:\\\/\\\/www.espigul.com\\\/de\\\/\"},{\"@type\":\"ListItem\",\"position\":2,\"name\":\"Hausprojekte\"}]},{\"@type\":\"WebSite\",\"@id\":\"https:\\\/\\\/www.espigul.com\\\/de\\\/#website\",\"url\":\"https:\\\/\\\/www.espigul.com\\\/de\\\/\",\"name\":\"Esp\u00edgul\",\"description\":\"La immobili\u00e0ria l\u00edder de Girona\",\"publisher\":{\"@id\":\"https:\\\/\\\/www.espigul.com\\\/de\\\/#organization\"},\"potentialAction\":[{\"@type\":\"SearchAction\",\"target\":{\"@type\":\"EntryPoint\",\"urlTemplate\":\"https:\\\/\\\/www.espigul.com\\\/de\\\/?s={search_term_string}\"},\"query-input\":{\"@type\":\"PropertyValueSpecification\",\"valueRequired\":true,\"valueName\":\"search_term_string\"}}],\"inLanguage\":\"de\"},{\"@type\":\"Organization\",\"@id\":\"https:\\\/\\\/www.espigul.com\\\/de\\\/#organization\",\"name\":\"Esp\u00edgul\",\"url\":\"https:\\\/\\\/www.espigul.com\\\/de\\\/\",\"logo\":{\"@type\":\"ImageObject\",\"inLanguage\":\"de\",\"@id\":\"https:\\\/\\\/www.espigul.com\\\/de\\\/#\\\/schema\\\/logo\\\/image\\\/\",\"url\":\"https:\\\/\\\/www.espigul.com\\\/wp-content\\\/uploads\\\/2023\\\/08\\\/espigul-block.png\",\"contentUrl\":\"https:\\\/\\\/www.espigul.com\\\/wp-content\\\/uploads\\\/2023\\\/08\\\/espigul-block.png\",\"width\":384,\"height\":240,\"caption\":\"Esp\u00edgul\"},\"image\":{\"@id\":\"https:\\\/\\\/www.espigul.com\\\/de\\\/#\\\/schema\\\/logo\\\/image\\\/\"},\"sameAs\":[\"https:\\\/\\\/www.instagram.com\\\/immoespigul\\\/\",\"https:\\\/\\\/www.youtube.com\\\/channel\\\/UCYyD-WWfbCFpCXau4SQOGKQ\"]}]}<\/script>\n<!-- \/ Yoast SEO plugin. -->","yoast_head_json":{"title":"Hausprojekte - Esp\u00edgul","robots":{"index":"index","follow":"follow","max-snippet":"max-snippet:-1","max-image-preview":"max-image-preview:large","max-video-preview":"max-video-preview:-1"},"canonical":"https:\/\/www.espigul.com\/de\/hausprojekte\/","og_locale":"de_DE","og_type":"article","og_title":"Hausprojekte - Esp\u00edgul","og_description":"Das Haus Ihrer Tr\u00e4umenur einen Klick entfernt Unsere Projekte Lassen Sie sich von den bereits realisierten H\u00e4usern von Esp\u00edgul inspirieren Esp\u00edgul Engagement Design und Nachhaltigkeit Unsere H\u00e4user zeichnen sich durch ein avantgardistisches, schlichtes und elegantes Design aus, das hochwertige Materialien mit exzellenter Energieeffizienz verbindet. Nachhaltigkeit, Qualit\u00e4t und Design zum besten Preis. Informieren Sie sich.","og_url":"https:\/\/www.espigul.com\/de\/hausprojekte\/","og_site_name":"Esp\u00edgul","article_modified_time":"2026-04-14T17:15:41+00:00","og_image":[{"width":784,"height":588,"url":"https:\/\/www.espigul.com\/wp-content\/uploads\/2023\/06\/casa-fornells-1.jpg","type":"image\/jpeg"}],"twitter_card":"summary_large_image","twitter_misc":{"Gesch\u00e4tzte Lesezeit":"1\u00a0Minute"},"schema":{"@context":"https:\/\/schema.org","@graph":[{"@type":"WebPage","@id":"https:\/\/www.espigul.com\/de\/hausprojekte\/","url":"https:\/\/www.espigul.com\/de\/hausprojekte\/","name":"Hausprojekte - Esp\u00edgul","isPartOf":{"@id":"https:\/\/www.espigul.com\/de\/#website"},"primaryImageOfPage":{"@id":"https:\/\/www.espigul.com\/de\/hausprojekte\/#primaryimage"},"image":{"@id":"https:\/\/www.espigul.com\/de\/hausprojekte\/#primaryimage"},"thumbnailUrl":"https:\/\/www.espigul.com\/wp-content\/uploads\/2023\/06\/casa-fornells-1.jpg","datePublished":"2023-06-08T06:46:23+00:00","dateModified":"2026-04-14T17:15:41+00:00","breadcrumb":{"@id":"https:\/\/www.espigul.com\/de\/hausprojekte\/#breadcrumb"},"inLanguage":"de","potentialAction":[{"@type":"ReadAction","target":["https:\/\/www.espigul.com\/de\/hausprojekte\/"]}]},{"@type":"ImageObject","inLanguage":"de","@id":"https:\/\/www.espigul.com\/de\/hausprojekte\/#primaryimage","url":"https:\/\/www.espigul.com\/wp-content\/uploads\/2023\/06\/casa-fornells-1.jpg","contentUrl":"https:\/\/www.espigul.com\/wp-content\/uploads\/2023\/06\/casa-fornells-1.jpg"},{"@type":"BreadcrumbList","@id":"https:\/\/www.espigul.com\/de\/hausprojekte\/#breadcrumb","itemListElement":[{"@type":"ListItem","position":1,"name":"Inici","item":"https:\/\/www.espigul.com\/de\/"},{"@type":"ListItem","position":2,"name":"Hausprojekte"}]},{"@type":"WebSite","@id":"https:\/\/www.espigul.com\/de\/#website","url":"https:\/\/www.espigul.com\/de\/","name":"Esp\u00edgul","description":"La immobili\u00e0ria l\u00edder de Girona","publisher":{"@id":"https:\/\/www.espigul.com\/de\/#organization"},"potentialAction":[{"@type":"SearchAction","target":{"@type":"EntryPoint","urlTemplate":"https:\/\/www.espigul.com\/de\/?s={search_term_string}"},"query-input":{"@type":"PropertyValueSpecification","valueRequired":true,"valueName":"search_term_string"}}],"inLanguage":"de"},{"@type":"Organization","@id":"https:\/\/www.espigul.com\/de\/#organization","name":"Esp\u00edgul","url":"https:\/\/www.espigul.com\/de\/","logo":{"@type":"ImageObject","inLanguage":"de","@id":"https:\/\/www.espigul.com\/de\/#\/schema\/logo\/image\/","url":"https:\/\/www.espigul.com\/wp-content\/uploads\/2023\/08\/espigul-block.png","contentUrl":"https:\/\/www.espigul.com\/wp-content\/uploads\/2023\/08\/espigul-block.png","width":384,"height":240,"caption":"Esp\u00edgul"},"image":{"@id":"https:\/\/www.espigul.com\/de\/#\/schema\/logo\/image\/"},"sameAs":["https:\/\/www.instagram.com\/immoespigul\/","https:\/\/www.youtube.com\/channel\/UCYyD-WWfbCFpCXau4SQOGKQ"]}]}},"uagb_featured_image_src":{"full":false,"thumbnail":false,"medium":false,"medium_large":false,"large":false,"1536x1536":false,"2048x2048":false,"gform-image-choice-sm":false,"gform-image-choice-md":false,"gform-image-choice-lg":false},"uagb_author_info":{"display_name":"Anna Ramon","author_link":"https:\/\/www.espigul.com\/de\/author\/anna-ramon\/"},"uagb_comment_info":0,"uagb_excerpt":"Das Haus Ihrer Tr\u00e4umenur einen Klick entfernt Unsere Projekte Lassen Sie sich von den bereits realisierten H\u00e4usern von Esp\u00edgul inspirieren Esp\u00edgul Engagement Design und Nachhaltigkeit Unsere H\u00e4user zeichnen sich durch ein avantgardistisches, schlichtes und elegantes Design aus, das hochwertige Materialien mit exzellenter Energieeffizienz verbindet. Nachhaltigkeit, Qualit\u00e4t und Design zum besten Preis. Informieren Sie sich.","_links":{"self":[{"href":"https:\/\/www.espigul.com\/de\/wp-json\/wp\/v2\/pages\/164427","targetHints":{"allow":["GET"]}}],"collection":[{"href":"https:\/\/www.espigul.com\/de\/wp-json\/wp\/v2\/pages"}],"about":[{"href":"https:\/\/www.espigul.com\/de\/wp-json\/wp\/v2\/types\/page"}],"author":[{"embeddable":true,"href":"https:\/\/www.espigul.com\/de\/wp-json\/wp\/v2\/users\/2"}],"replies":[{"embeddable":true,"href":"https:\/\/www.espigul.com\/de\/wp-json\/wp\/v2\/comments?post=164427"}],"version-history":[{"count":3,"href":"https:\/\/www.espigul.com\/de\/wp-json\/wp\/v2\/pages\/164427\/revisions"}],"predecessor-version":[{"id":389593,"href":"https:\/\/www.espigul.com\/de\/wp-json\/wp\/v2\/pages\/164427\/revisions\/389593"}],"wp:attachment":[{"href":"https:\/\/www.espigul.com\/de\/wp-json\/wp\/v2\/media?parent=164427"}],"curies":[{"name":"wp","href":"https:\/\/api.w.org\/{rel}","templated":true}]}}