{"id":164299,"date":"2024-03-04T11:24:39","date_gmt":"2024-03-04T09:24:39","guid":{"rendered":"https:\/\/www.espigul.com\/mietwohnungen-girona\/"},"modified":"2025-12-16T11:36:29","modified_gmt":"2025-12-16T09:36:29","slug":"mietwohnungen-girona","status":"publish","type":"page","link":"https:\/\/www.espigul.com\/de\/mietwohnungen-girona\/","title":{"rendered":"Mietwohnungen Girona"},"content":{"rendered":"\n<div class=\"wp-block-uagb-container uagb-block-26595532 alignfull uagb-is-root-container\"><div class=\"uagb-container-inner-blocks-wrap\">\n<h1 class=\"wp-block-heading has-text-align-center has-white-color has-text-color has-link-color wp-elements-d7f41cccaead110d81aec410cd1b25d8\">MIETWOHNUNGEN GIRONA<\/h1>\n<\/div><\/div>\n\n\n\n<div class=\"wp-block-uagb-container uagb-block-a68bdb97 alignwide uagb-is-root-container\">\n<div class=\"wp-block-uagb-container uagb-block-6a6817ed\">\n<p class=\"has-text-align-center has-medium-font-size\">Entdecken Sie Ihr n\u00e4chstes Zuhause \u00fcber unseren Service f\u00fcr <strong>Mietwohnungen in Girona<\/strong>. Bei Esp\u00edgul bieten wir Ihnen eine umfangreiche Auswahl an Immobilien, von kleinen Studios bis hin zu ger\u00e4umigen Residenzen und Duplex-Wohnungen mit allem Komfort. Ob Sie einen Parkplatz, einen Balkon, eine Terrasse oder Gemeinschaftsr\u00e4ume suchen, unser Katalog l\u00e4dt Sie ein, das Zuhause zu erkunden und zu finden, das am besten zu Ihren Vorlieben und Bed\u00fcrfnissen passt.  <\/p>\n<\/div>\n<\/div>\n\n\n\n<div class=\"wp-block-uagb-container bg-bezier-50 uagb-block-168a8574 alignfull uagb-is-root-container\"><div class=\"uagb-container-inner-blocks-wrap\">\n<div class=\"wp-block-uagb-container uagb-block-e8291b2b\">\n<div class=\"wp-block-group is-layout-constrained wp-container-core-group-is-layout-93ab80c1 wp-block-group-is-layout-constrained\" style=\"padding-top:0;padding-right:var(--wp--preset--spacing--80);padding-bottom:0;padding-left:0\">\n<h2 class=\"wp-block-heading has-white-color has-text-color\">Mietwohnungen in der Provinz Girona<\/h2>\n\n\n\n<p class=\"has-white-color has-text-color\">Girona ist eine der Provinzen mit der gr\u00f6\u00dften touristischen Attraktivit\u00e4t und einer hohen Lebensqualit\u00e4t in Katalonien. Die Provinz Girona ist der ideale Ort f\u00fcr Menschen, die umgeben von Naturlandschaften, St\u00e4dten und Orten mit viel Geschichte leben m\u00f6chten. <\/p>\n\n\n\n<p>Die Provinz Girona zeichnet sich durch eine gute Anbindung an den Rest des Landes, ihre N\u00e4he zur Costa Brava und die Grenze zu Frankreich aus. Es ist der perfekte Ort, um Ihr n\u00e4chstes <strong>Mietobjekt in Girona<\/strong> zu finden. <\/p>\n<\/div>\n<\/div>\n\n\n\n<div class=\"wp-block-uagb-container uagb-block-fb5049af\"><\/div>\n<\/div><\/div>\n\n\n\n<div class=\"wp-block-uagb-container uagb-block-ddeb61c5 alignwide uagb-is-root-container\">\n<div class=\"wp-block-uagb-container uagb-block-7339493d\">\n<p class=\"has-text-align-center has-medium-font-size\">Wenn Sie gerne umgeben von Geschichte in St\u00e4dten leben, die ihren Charme bewahren und sich gleichzeitig modernisieren, entdecken Sie unser gro\u00dfes Angebot an Mietwohnungen in der Provinz Girona.<\/p>\n<\/div>\n<\/div>\n\n\n\n<div class=\"wp-block-uagb-container bg-bezier-50--right uagb-block-58fb33fb alignfull uagb-is-root-container\"><div class=\"uagb-container-inner-blocks-wrap\">\n<div class=\"wp-block-uagb-container uagb-block-4889659d alignfull uagb-is-root-container\"><div class=\"uagb-container-inner-blocks-wrap\"><\/div><\/div>\n\n\n\n<div class=\"wp-block-uagb-container uagb-block-68e4dbd5\">\n<div class=\"wp-block-group is-layout-constrained wp-container-core-group-is-layout-76b72ade wp-block-group-is-layout-constrained\" style=\"padding-top:0;padding-right:0;padding-bottom:0;padding-left:0\">\n<h2 class=\"wp-block-heading has-white-color has-text-color\">Mietwohnungen in der Stadt Girona<\/h2>\n\n\n\n<p>Girona ist die Hauptstadt der gleichnamigen Provinz. Eine Stadt voller administrativer, kultureller und Freizeitangebote, die zudem \u00fcber ein gro\u00dfes Angebot an qualitativ hochwertiger Bildung verf\u00fcgt, hat sich in den letzten Jahren auch zu einem wichtigen Bezugspunkt f\u00fcr den Sporttourismus entwickelt. <\/p>\n\n\n\n<p>Genie\u00dfen Sie alle Vorteile, die Ihnen unsere <strong>Mietwohnungen in der Stadt<\/strong> <strong>Girona<\/strong> bieten k\u00f6nnen. Von Wohnungen, die f\u00fcr das Familienleben konzipiert sind, bis hin zu kleinen Apartments f\u00fcr ein Solo-Abenteuer oder f\u00fcr das Leben w\u00e4hrend Ihrer Studienjahre.  <\/p>\n<\/div>\n<\/div>\n<\/div><\/div>\n\n\n\n<div class=\"wp-block-uagb-container uagb-block-0bd962e7 alignwide uagb-is-root-container\">\n<div class=\"wp-block-uagb-container uagb-block-da137785\">\n<p class=\"has-text-align-center has-medium-font-size\">Entdecken Sie unsere Angebote und finden Sie die Wohnung, die am besten zu Ihren Bed\u00fcrfnissen passt. Ob Sie im Herzen des Barri Vell, im Eixample, in Sant Narc\u00eds oder Montju\u00efc leben m\u00f6chten. Wir helfen Ihnen, den perfekten Ort zu finden, der all Ihre Bed\u00fcrfnisse erf\u00fcllt!  <\/p>\n<\/div>\n<\/div>\n\n\n\n<div class=\"wp-block-uagb-container uagb-block-4e4202a9 alignfull uagb-is-root-container\"><div class=\"uagb-container-inner-blocks-wrap\">\n<div class=\"wp-block-uagb-container uagb-block-d6dfd534\">\n<div class=\"wp-block-uagb-advanced-heading uagb-block-2655cb54\"><h2 class=\"uagb-heading-text\">Mietwohnungen mit Kaufoption in Girona<\/h2><\/div>\n\n\n\n<p style=\"margin-top:0;margin-bottom:0;padding-top:0;padding-bottom:0\">Wenn Sie in Zukunft einen Kauf in Betracht ziehen, aber noch nicht sicher sind, welche Option Sie w\u00e4hlen sollen. Entdecken Sie unseren Katalog an <strong>Mietwohnungen mit Kaufoption in Girona<\/strong>. Sie finden eine gro\u00dfe Auswahl an gebrauchten Immobilien und neuen Wohnprojekten, die bezugsfertig sind und Zukunftsperspektiven bieten. Z\u00f6gern Sie nicht l\u00e4nger und kontaktieren Sie unser Beratungsteam, damit wir Ihnen helfen k\u00f6nnen, die Alternative zu finden, die am besten zu Ihren Pl\u00e4nen passt.   <\/p>\n<\/div>\n\n\n\n<div class=\"wp-block-uagb-container uagb-block-0dca6873\">\n<figure class=\"wp-block-image size-large is-resized\"><img loading=\"lazy\" decoding=\"async\" width=\"1300\" height=\"867\" src=\"https:\/\/www.espigul.com\/wp-content\/uploads\/2023\/12\/GIRONA4-1300x867.webp\" alt=\"\" class=\"wp-image-35661\" style=\"width:658px;height:auto\" srcset=\"https:\/\/www.espigul.com\/wp-content\/uploads\/2023\/12\/GIRONA4-1300x867.webp 1300w, https:\/\/www.espigul.com\/wp-content\/uploads\/2023\/12\/GIRONA4-400x267.webp 400w, https:\/\/www.espigul.com\/wp-content\/uploads\/2023\/12\/GIRONA4-768x512.webp 768w, https:\/\/www.espigul.com\/wp-content\/uploads\/2023\/12\/GIRONA4-1536x1024.webp 1536w, https:\/\/www.espigul.com\/wp-content\/uploads\/2023\/12\/GIRONA4.webp 1800w\" sizes=\"auto, (max-width: 1300px) 100vw, 1300px\" \/><\/figure>\n<\/div>\n<\/div><\/div>\n\n\n\n<div class=\"wp-block-uagb-container uagb-block-2c2e7893 alignfull uagb-is-root-container\"><div class=\"uagb-container-inner-blocks-wrap\">\n<div class=\"wp-block-uagb-container uagb-block-223031ab\">\n<div class=\"wp-block-columns is-layout-flex wp-container-core-columns-is-layout-28f84493 wp-block-columns-is-layout-flex\">\n<div class=\"wp-block-column is-layout-flow wp-block-column-is-layout-flow\">\n<figure class=\"wp-block-image aligncenter size-full is-resized\"><img decoding=\"async\" src=\"https:\/\/www.espigul.com\/wp-content\/uploads\/2025\/12\/ESPIGUL_Logo-Black-1.png\" alt=\"\" class=\"wp-image-335170\" style=\"aspect-ratio:4.036514522821577;width:226px;height:auto\"\/><\/figure>\n\n\n\n<div class=\"wp-block-uagb-advanced-heading uagb-block-23f567ef\"><h2 class=\"uagb-heading-text\">Immobilien in Girona<\/h2><\/div>\n\n\n\n<p class=\"has-text-align-center has-medium-font-size\" style=\"padding-top:var(--wp--preset--spacing--30)\">Entdecken Sie Ihr n\u00e4chstes Zuhause bei unserer <strong>Immobilienagentur in Girona<\/strong>. Erkunden Sie unseren vielf\u00e4ltigen Katalog an <g id=\"gid_1\">Mietwohnungen in Girona<\/g>, voller Pers\u00f6nlichkeit oder bereit, eine neue Geschichte zu beginnen. Genie\u00dfen Sie alle Vorteile des Lebens an einem gut angebundenen Ort mit einem breiten Dienstleistungsangebot, das Ihnen hilft, alle Lebensphasen zu genie\u00dfen.  <\/p>\n<\/div>\n<\/div>\n<\/div>\n<\/div><\/div>\n\n\n\n<div class=\"wp-block-uagb-container uagb-block-240f156c alignwide uagb-is-root-container\">\n<div class=\"wp-block-uagb-container uagb-block-10365867\">\n<p class=\"has-text-align-center has-medium-font-size\">Wir begleiten Sie bei jedem Schritt des Prozesses und bieten Ihnen pers\u00f6nliche Betreuung mit allen Garantien unserer Dienstleistungen, damit Sie Ihr n\u00e4chstes Zuhause in Girona finden.<\/p>\n<\/div>\n<\/div>\n\n\n\n<div class=\"wp-block-uagb-container uagb-block-24de5ec9 alignfull uagb-is-root-container\"><div class=\"uagb-container-inner-blocks-wrap\">\n<div class=\"wp-block-uagb-container uagb-block-e8496523\">\n<div class=\"wp-block-uagb-advanced-heading uagb-block-a718f958\"><h2 class=\"uagb-heading-text\">Kontaktieren Sie uns<\/h2><\/div>\n\n\n\n<div class=\"wp-block-contact-form-7-contact-form-selector\">\n<div class=\"wpcf7 no-js\" id=\"wpcf7-f164507-o1\" lang=\"de-DE\" dir=\"ltr\" data-wpcf7-id=\"164507\">\n<div class=\"screen-reader-response\"><p role=\"status\" aria-live=\"polite\" aria-atomic=\"true\"><\/p> <ul><\/ul><\/div>\n<form action=\"\/de\/wp-json\/wp\/v2\/pages\/164299#wpcf7-f164507-o1\" method=\"post\" class=\"wpcf7-form init\" aria-label=\"Kontaktformular\" novalidate=\"novalidate\" data-status=\"init\">\n<fieldset class=\"hidden-fields-container\"><input type=\"hidden\" name=\"_wpcf7\" value=\"164507\" \/><input type=\"hidden\" name=\"_wpcf7_version\" value=\"6.1.5\" \/><input type=\"hidden\" name=\"_wpcf7_locale\" value=\"de_DE\" \/><input type=\"hidden\" name=\"_wpcf7_unit_tag\" value=\"wpcf7-f164507-o1\" \/><input type=\"hidden\" name=\"_wpcf7_container_post\" value=\"0\" \/><input type=\"hidden\" name=\"_wpcf7_posted_data_hash\" value=\"\" \/><input type=\"hidden\" name=\"_wpcf7_recaptcha_response\" value=\"\" \/>\n<\/fieldset>\n<h3>Kontaktformular<\/h3>\n<div class=\"contact-form__cols contact-form__cols--2\">\n<div class=\"contact-form__cols__col\">\n<label> <span class=\"contact-form-required\">Vollst\u00e4ndiger Name<\/span>\n    <span class=\"wpcf7-form-control-wrap\" data-name=\"your-name\"><input size=\"40\" maxlength=\"400\" class=\"wpcf7-form-control wpcf7-text\" autocomplete=\"name\" aria-invalid=\"false\" value=\"\" type=\"text\" name=\"your-name\" \/><\/span> <\/label>\n<\/div> \n<div class=\"contact-form__cols__col\">\n<label> Immobilientyp<\/span>\n     <span class=\"wpcf7-form-control-wrap\" data-name=\"your-type\"><select class=\"wpcf7-form-control wpcf7-select\" aria-invalid=\"false\" name=\"your-type\"><option value=\"Wohnung\">Wohnung<\/option><option value=\"Haus\">Haus<\/option><option value=\"Gewerbeobjekt\">Gewerbeobjekt<\/option><option value=\"Garage\">Garage<\/option><\/select><\/span> <\/label>\n<\/div> \n<\/div>\n\n<div class=\"contact-form__cols contact-form__cols--2\">\n\n<div class=\"contact-form__cols__col\"> <label> \n<span class=\"contact-form-required\">E-Mail-Adresse<\/span>\n    <span class=\"wpcf7-form-control-wrap\" data-name=\"your-email\"><input size=\"40\" maxlength=\"400\" class=\"wpcf7-form-control wpcf7-email wpcf7-validates-as-required wpcf7-text wpcf7-validates-as-email\" autocomplete=\"email\" aria-required=\"true\" aria-invalid=\"false\" value=\"\" type=\"email\" name=\"your-email\" \/><\/span> <\/label>\n<\/div>\n<div class=\"contact-form__cols__col\">\n<label>Vorgang<\/span>\n<span class=\"wpcf7-form-control-wrap\" data-name=\"your-operation\"><select class=\"wpcf7-form-control wpcf7-select\" aria-invalid=\"false\" name=\"your-operation\"><option value=\"Verkauf\">Verkauf<\/option><option value=\"Miete\">Miete<\/option><\/select><\/span> <\/label>\n<\/div> \n<\/div>\n<div class=\"contact-form__cols contact-form__cols--2\">\n<div class=\"contact-form__cols__col\">\n<label> <span class=\"contact-form-required\">Telefon\n<\/div> \n<div class=\"contact-form__cols__col\">\n<label> Maximalpreis\n     <span class=\"wpcf7-form-control-wrap\" data-name=\"your-price\"><input size=\"40\" maxlength=\"400\" class=\"wpcf7-form-control wpcf7-text\" aria-invalid=\"false\" value=\"\" type=\"text\" name=\"your-price\" \/><\/span> <\/label>\n<\/div> \n<\/label><\/div>\n<div class=\"contact-form__cols contact-form__cols--2\">\n<div class=\"contact-form__cols__col\">\n<label> Ort\n    <span class=\"wpcf7-form-control-wrap\" data-name=\"your-location\"><input size=\"40\" maxlength=\"400\" class=\"wpcf7-form-control wpcf7-text\" aria-invalid=\"false\" value=\"\" type=\"text\" name=\"your-location\" \/><\/span> <\/label>\n<\/div> \n<div class=\"contact-form__cols__col\">\n<label> Gebiet\n     <span class=\"wpcf7-form-control-wrap\" data-name=\"your-zone\"><input size=\"40\" maxlength=\"400\" class=\"wpcf7-form-control wpcf7-text\" aria-invalid=\"false\" value=\"\" type=\"text\" name=\"your-zone\" \/><\/span> <\/label>\n<\/div> \n<\/div>\n\n\n\n\n\n<label> <span class=\"contact-form-required\">Nachricht<\/span>\n    <span class=\"wpcf7-form-control-wrap\" data-name=\"your-message\"><textarea cols=\"40\" rows=\"10\" maxlength=\"2000\" class=\"wpcf7-form-control wpcf7-textarea\" aria-invalid=\"false\" name=\"your-message\"><\/textarea><\/span> <\/label>\n<label class=\"contact-form__checkbox\"> <span class=\"wpcf7-form-control-wrap\" data-name=\"acceptance-\"><span class=\"wpcf7-form-control wpcf7-acceptance\"><span class=\"wpcf7-list-item\"><input type=\"checkbox\" name=\"acceptance-\" value=\"1\" aria-invalid=\"false\" \/><\/span><\/span><\/span> <span class=\"contact-form-required\">Ich habe die rechtlichen Bedingungen und die Datenschutzbestimmungen gelesen und akzeptiere sie.<\/span>\n<\/label>\n\n\n\n\n<input class=\"wpcf7-form-control wpcf7-submit has-spinner\" type=\"submit\" value=\"Envia\" \/><div class=\"wpcf7-response-output\" aria-hidden=\"true\"><\/div>\n<\/form>\n<\/div>\n<\/div>\n<\/div>\n<\/div><\/div>\n","protected":false},"excerpt":{"rendered":"<p>MIETWOHNUNGEN GIRONA Entdecken Sie Ihr n\u00e4chstes Zuhause \u00fcber unseren Service f\u00fcr Mietwohnungen in Girona. Bei Esp\u00edgul bieten wir Ihnen eine umfangreiche Auswahl an Immobilien, von kleinen Studios bis hin zu ger\u00e4umigen Residenzen und Duplex-Wohnungen mit allem Komfort. Ob Sie einen Parkplatz, einen Balkon, eine Terrasse oder Gemeinschaftsr\u00e4ume suchen, unser Katalog l\u00e4dt Sie ein, das Zuhause&#8230;<\/p>\n","protected":false},"author":2,"featured_media":164302,"parent":0,"menu_order":0,"comment_status":"closed","ping_status":"closed","template":"","meta":{"_acf_changed":false,"_uag_custom_page_level_css":"","footnotes":""},"class_list":["post-164299","page","type-page","status-publish","has-post-thumbnail","hentry"],"acf":[],"yoast_head":"<!-- This site is optimized with the Yoast SEO plugin v27.4 - https:\/\/yoast.com\/product\/yoast-seo-wordpress\/ -->\n<title>Mietwohnungen Girona - Esp\u00edgul<\/title>\n<meta name=\"description\" content=\"Finden Sie Ihr n\u00e4chstes Zuhause mit unserem Service f\u00fcr Mietwohnungen in Girona. Entdecken Sie von kleinen Studios bis hin zu ger\u00e4umigen Residenzen.\" \/>\n<meta name=\"robots\" content=\"index, follow, max-snippet:-1, max-image-preview:large, max-video-preview:-1\" \/>\n<link rel=\"canonical\" href=\"https:\/\/www.espigul.com\/de\/mietwohnungen-girona\/\" \/>\n<meta property=\"og:locale\" content=\"de_DE\" \/>\n<meta property=\"og:type\" content=\"article\" \/>\n<meta property=\"og:title\" content=\"Mietwohnungen Girona - Esp\u00edgul\" \/>\n<meta property=\"og:description\" content=\"Finden Sie Ihr n\u00e4chstes Zuhause mit unserem Service f\u00fcr Mietwohnungen in Girona. Entdecken Sie von kleinen Studios bis hin zu ger\u00e4umigen Residenzen.\" \/>\n<meta property=\"og:url\" content=\"https:\/\/www.espigul.com\/de\/mietwohnungen-girona\/\" \/>\n<meta property=\"og:site_name\" content=\"Esp\u00edgul\" \/>\n<meta property=\"article:modified_time\" content=\"2025-12-16T09:36:29+00:00\" \/>\n<meta property=\"og:image\" content=\"https:\/\/www.espigul.com\/wp-content\/uploads\/2024\/02\/DSC01025-scaled.jpg\" \/>\n\t<meta property=\"og:image:width\" content=\"2560\" \/>\n\t<meta property=\"og:image:height\" content=\"1707\" \/>\n\t<meta property=\"og:image:type\" content=\"image\/jpeg\" \/>\n<meta name=\"twitter:card\" content=\"summary_large_image\" \/>\n<meta name=\"twitter:label1\" content=\"Gesch\u00e4tzte Lesezeit\" \/>\n\t<meta name=\"twitter:data1\" content=\"4\u00a0Minuten\" \/>\n<script type=\"application\/ld+json\" class=\"yoast-schema-graph\">{\"@context\":\"https:\\\/\\\/schema.org\",\"@graph\":[{\"@type\":\"WebPage\",\"@id\":\"https:\\\/\\\/www.espigul.com\\\/de\\\/mietwohnungen-girona\\\/\",\"url\":\"https:\\\/\\\/www.espigul.com\\\/de\\\/mietwohnungen-girona\\\/\",\"name\":\"Mietwohnungen Girona - Esp\u00edgul\",\"isPartOf\":{\"@id\":\"https:\\\/\\\/www.espigul.com\\\/de\\\/#website\"},\"primaryImageOfPage\":{\"@id\":\"https:\\\/\\\/www.espigul.com\\\/de\\\/mietwohnungen-girona\\\/#primaryimage\"},\"image\":{\"@id\":\"https:\\\/\\\/www.espigul.com\\\/de\\\/mietwohnungen-girona\\\/#primaryimage\"},\"thumbnailUrl\":\"https:\\\/\\\/www.espigul.com\\\/wp-content\\\/uploads\\\/2024\\\/02\\\/DSC01025-scaled.jpg\",\"datePublished\":\"2024-03-04T09:24:39+00:00\",\"dateModified\":\"2025-12-16T09:36:29+00:00\",\"description\":\"Finden Sie Ihr n\u00e4chstes Zuhause mit unserem Service f\u00fcr Mietwohnungen in Girona. Entdecken Sie von kleinen Studios bis hin zu ger\u00e4umigen Residenzen.\",\"breadcrumb\":{\"@id\":\"https:\\\/\\\/www.espigul.com\\\/de\\\/mietwohnungen-girona\\\/#breadcrumb\"},\"inLanguage\":\"de\",\"potentialAction\":[{\"@type\":\"ReadAction\",\"target\":[\"https:\\\/\\\/www.espigul.com\\\/de\\\/mietwohnungen-girona\\\/\"]}]},{\"@type\":\"ImageObject\",\"inLanguage\":\"de\",\"@id\":\"https:\\\/\\\/www.espigul.com\\\/de\\\/mietwohnungen-girona\\\/#primaryimage\",\"url\":\"https:\\\/\\\/www.espigul.com\\\/wp-content\\\/uploads\\\/2024\\\/02\\\/DSC01025-scaled.jpg\",\"contentUrl\":\"https:\\\/\\\/www.espigul.com\\\/wp-content\\\/uploads\\\/2024\\\/02\\\/DSC01025-scaled.jpg\",\"width\":2560,\"height\":1707,\"caption\":\"immobiliaria-girona-capital\"},{\"@type\":\"BreadcrumbList\",\"@id\":\"https:\\\/\\\/www.espigul.com\\\/de\\\/mietwohnungen-girona\\\/#breadcrumb\",\"itemListElement\":[{\"@type\":\"ListItem\",\"position\":1,\"name\":\"Inici\",\"item\":\"https:\\\/\\\/www.espigul.com\\\/de\\\/\"},{\"@type\":\"ListItem\",\"position\":2,\"name\":\"Mietwohnungen Girona\"}]},{\"@type\":\"WebSite\",\"@id\":\"https:\\\/\\\/www.espigul.com\\\/de\\\/#website\",\"url\":\"https:\\\/\\\/www.espigul.com\\\/de\\\/\",\"name\":\"Esp\u00edgul\",\"description\":\"La immobili\u00e0ria l\u00edder de Girona\",\"publisher\":{\"@id\":\"https:\\\/\\\/www.espigul.com\\\/de\\\/#organization\"},\"potentialAction\":[{\"@type\":\"SearchAction\",\"target\":{\"@type\":\"EntryPoint\",\"urlTemplate\":\"https:\\\/\\\/www.espigul.com\\\/de\\\/?s={search_term_string}\"},\"query-input\":{\"@type\":\"PropertyValueSpecification\",\"valueRequired\":true,\"valueName\":\"search_term_string\"}}],\"inLanguage\":\"de\"},{\"@type\":\"Organization\",\"@id\":\"https:\\\/\\\/www.espigul.com\\\/de\\\/#organization\",\"name\":\"Esp\u00edgul\",\"url\":\"https:\\\/\\\/www.espigul.com\\\/de\\\/\",\"logo\":{\"@type\":\"ImageObject\",\"inLanguage\":\"de\",\"@id\":\"https:\\\/\\\/www.espigul.com\\\/de\\\/#\\\/schema\\\/logo\\\/image\\\/\",\"url\":\"https:\\\/\\\/www.espigul.com\\\/wp-content\\\/uploads\\\/2023\\\/08\\\/espigul-block.png\",\"contentUrl\":\"https:\\\/\\\/www.espigul.com\\\/wp-content\\\/uploads\\\/2023\\\/08\\\/espigul-block.png\",\"width\":384,\"height\":240,\"caption\":\"Esp\u00edgul\"},\"image\":{\"@id\":\"https:\\\/\\\/www.espigul.com\\\/de\\\/#\\\/schema\\\/logo\\\/image\\\/\"},\"sameAs\":[\"https:\\\/\\\/www.instagram.com\\\/immoespigul\\\/\",\"https:\\\/\\\/www.youtube.com\\\/channel\\\/UCYyD-WWfbCFpCXau4SQOGKQ\"]}]}<\/script>\n<!-- \/ Yoast SEO plugin. -->","yoast_head_json":{"title":"Mietwohnungen Girona - Esp\u00edgul","description":"Finden Sie Ihr n\u00e4chstes Zuhause mit unserem Service f\u00fcr Mietwohnungen in Girona. Entdecken Sie von kleinen Studios bis hin zu ger\u00e4umigen Residenzen.","robots":{"index":"index","follow":"follow","max-snippet":"max-snippet:-1","max-image-preview":"max-image-preview:large","max-video-preview":"max-video-preview:-1"},"canonical":"https:\/\/www.espigul.com\/de\/mietwohnungen-girona\/","og_locale":"de_DE","og_type":"article","og_title":"Mietwohnungen Girona - Esp\u00edgul","og_description":"Finden Sie Ihr n\u00e4chstes Zuhause mit unserem Service f\u00fcr Mietwohnungen in Girona. Entdecken Sie von kleinen Studios bis hin zu ger\u00e4umigen Residenzen.","og_url":"https:\/\/www.espigul.com\/de\/mietwohnungen-girona\/","og_site_name":"Esp\u00edgul","article_modified_time":"2025-12-16T09:36:29+00:00","og_image":[{"width":2560,"height":1707,"url":"https:\/\/www.espigul.com\/wp-content\/uploads\/2024\/02\/DSC01025-scaled.jpg","type":"image\/jpeg"}],"twitter_card":"summary_large_image","twitter_misc":{"Gesch\u00e4tzte Lesezeit":"4\u00a0Minuten"},"schema":{"@context":"https:\/\/schema.org","@graph":[{"@type":"WebPage","@id":"https:\/\/www.espigul.com\/de\/mietwohnungen-girona\/","url":"https:\/\/www.espigul.com\/de\/mietwohnungen-girona\/","name":"Mietwohnungen Girona - Esp\u00edgul","isPartOf":{"@id":"https:\/\/www.espigul.com\/de\/#website"},"primaryImageOfPage":{"@id":"https:\/\/www.espigul.com\/de\/mietwohnungen-girona\/#primaryimage"},"image":{"@id":"https:\/\/www.espigul.com\/de\/mietwohnungen-girona\/#primaryimage"},"thumbnailUrl":"https:\/\/www.espigul.com\/wp-content\/uploads\/2024\/02\/DSC01025-scaled.jpg","datePublished":"2024-03-04T09:24:39+00:00","dateModified":"2025-12-16T09:36:29+00:00","description":"Finden Sie Ihr n\u00e4chstes Zuhause mit unserem Service f\u00fcr Mietwohnungen in Girona. Entdecken Sie von kleinen Studios bis hin zu ger\u00e4umigen Residenzen.","breadcrumb":{"@id":"https:\/\/www.espigul.com\/de\/mietwohnungen-girona\/#breadcrumb"},"inLanguage":"de","potentialAction":[{"@type":"ReadAction","target":["https:\/\/www.espigul.com\/de\/mietwohnungen-girona\/"]}]},{"@type":"ImageObject","inLanguage":"de","@id":"https:\/\/www.espigul.com\/de\/mietwohnungen-girona\/#primaryimage","url":"https:\/\/www.espigul.com\/wp-content\/uploads\/2024\/02\/DSC01025-scaled.jpg","contentUrl":"https:\/\/www.espigul.com\/wp-content\/uploads\/2024\/02\/DSC01025-scaled.jpg","width":2560,"height":1707,"caption":"immobiliaria-girona-capital"},{"@type":"BreadcrumbList","@id":"https:\/\/www.espigul.com\/de\/mietwohnungen-girona\/#breadcrumb","itemListElement":[{"@type":"ListItem","position":1,"name":"Inici","item":"https:\/\/www.espigul.com\/de\/"},{"@type":"ListItem","position":2,"name":"Mietwohnungen Girona"}]},{"@type":"WebSite","@id":"https:\/\/www.espigul.com\/de\/#website","url":"https:\/\/www.espigul.com\/de\/","name":"Esp\u00edgul","description":"La immobili\u00e0ria l\u00edder de Girona","publisher":{"@id":"https:\/\/www.espigul.com\/de\/#organization"},"potentialAction":[{"@type":"SearchAction","target":{"@type":"EntryPoint","urlTemplate":"https:\/\/www.espigul.com\/de\/?s={search_term_string}"},"query-input":{"@type":"PropertyValueSpecification","valueRequired":true,"valueName":"search_term_string"}}],"inLanguage":"de"},{"@type":"Organization","@id":"https:\/\/www.espigul.com\/de\/#organization","name":"Esp\u00edgul","url":"https:\/\/www.espigul.com\/de\/","logo":{"@type":"ImageObject","inLanguage":"de","@id":"https:\/\/www.espigul.com\/de\/#\/schema\/logo\/image\/","url":"https:\/\/www.espigul.com\/wp-content\/uploads\/2023\/08\/espigul-block.png","contentUrl":"https:\/\/www.espigul.com\/wp-content\/uploads\/2023\/08\/espigul-block.png","width":384,"height":240,"caption":"Esp\u00edgul"},"image":{"@id":"https:\/\/www.espigul.com\/de\/#\/schema\/logo\/image\/"},"sameAs":["https:\/\/www.instagram.com\/immoespigul\/","https:\/\/www.youtube.com\/channel\/UCYyD-WWfbCFpCXau4SQOGKQ"]}]}},"uagb_featured_image_src":{"full":["https:\/\/www.espigul.com\/wp-content\/uploads\/2024\/02\/DSC01025-scaled.jpg",2560,1707,false],"thumbnail":["https:\/\/www.espigul.com\/wp-content\/uploads\/2024\/02\/DSC01025-150x150.jpg",150,150,true],"medium":["https:\/\/www.espigul.com\/wp-content\/uploads\/2024\/02\/DSC01025-400x267.jpg",400,267,true],"medium_large":["https:\/\/www.espigul.com\/wp-content\/uploads\/2024\/02\/DSC01025-768x512.jpg",768,512,true],"large":["https:\/\/www.espigul.com\/wp-content\/uploads\/2024\/02\/DSC01025-1300x867.jpg",960,640,true],"1536x1536":["https:\/\/www.espigul.com\/wp-content\/uploads\/2024\/02\/DSC01025-1536x1024.jpg",1536,1024,true],"2048x2048":["https:\/\/www.espigul.com\/wp-content\/uploads\/2024\/02\/DSC01025-2048x1365.jpg",2048,1365,true],"gform-image-choice-sm":["https:\/\/www.espigul.com\/wp-content\/uploads\/2024\/02\/DSC01025-scaled.jpg",300,200,false],"gform-image-choice-md":["https:\/\/www.espigul.com\/wp-content\/uploads\/2024\/02\/DSC01025-scaled.jpg",400,267,false],"gform-image-choice-lg":["https:\/\/www.espigul.com\/wp-content\/uploads\/2024\/02\/DSC01025-scaled.jpg",600,400,false]},"uagb_author_info":{"display_name":"Anna Ramon","author_link":"https:\/\/www.espigul.com\/de\/author\/anna-ramon\/"},"uagb_comment_info":0,"uagb_excerpt":"MIETWOHNUNGEN GIRONA Entdecken Sie Ihr n\u00e4chstes Zuhause \u00fcber unseren Service f\u00fcr Mietwohnungen in Girona. Bei Esp\u00edgul bieten wir Ihnen eine umfangreiche Auswahl an Immobilien, von kleinen Studios bis hin zu ger\u00e4umigen Residenzen und Duplex-Wohnungen mit allem Komfort. Ob Sie einen Parkplatz, einen Balkon, eine Terrasse oder Gemeinschaftsr\u00e4ume suchen, unser Katalog l\u00e4dt Sie ein, das Zuhause...","_links":{"self":[{"href":"https:\/\/www.espigul.com\/de\/wp-json\/wp\/v2\/pages\/164299","targetHints":{"allow":["GET"]}}],"collection":[{"href":"https:\/\/www.espigul.com\/de\/wp-json\/wp\/v2\/pages"}],"about":[{"href":"https:\/\/www.espigul.com\/de\/wp-json\/wp\/v2\/types\/page"}],"author":[{"embeddable":true,"href":"https:\/\/www.espigul.com\/de\/wp-json\/wp\/v2\/users\/2"}],"replies":[{"embeddable":true,"href":"https:\/\/www.espigul.com\/de\/wp-json\/wp\/v2\/comments?post=164299"}],"version-history":[{"count":2,"href":"https:\/\/www.espigul.com\/de\/wp-json\/wp\/v2\/pages\/164299\/revisions"}],"predecessor-version":[{"id":335197,"href":"https:\/\/www.espigul.com\/de\/wp-json\/wp\/v2\/pages\/164299\/revisions\/335197"}],"wp:featuredmedia":[{"embeddable":true,"href":"https:\/\/www.espigul.com\/de\/wp-json\/wp\/v2\/media\/164302"}],"wp:attachment":[{"href":"https:\/\/www.espigul.com\/de\/wp-json\/wp\/v2\/media?parent=164299"}],"curies":[{"name":"wp","href":"https:\/\/api.w.org\/{rel}","templated":true}]}}